{"id":2093,"date":"2024-01-05T14:54:34","date_gmt":"2024-01-05T14:54:34","guid":{"rendered":"https:\/\/comaea.com\/?page_id=2093"},"modified":"2026-01-08T23:15:53","modified_gmt":"2026-01-08T23:15:53","slug":"vara-tjanster","status":"publish","type":"page","link":"https:\/\/comaea.com\/sv\/vara-tjanster\/","title":{"rendered":"V\u00e5ra tj\u00e4nster"},"content":{"rendered":"\n<h1>\n\t\t\tUtveckling av kompetensramverk\t<\/h1>\n\t<strong data-start=\"118\" data-end=\"257\">Comaea-konsulter har m\u00e5nga \u00e5rs erfarenhet fr\u00e5n ett flertal offentliga och privata sektorer globalt, vilket g\u00f6r det m\u00f6jligt f\u00f6r dem att:<\/strong>\n<ul data-start=\"261\" data-end=\"602\">\n<li data-start=\"261\" data-end=\"340\">\n<strong data-start=\"263\" data-end=\"294\">Benchmarka och transformera<\/strong> era f\u00e4rdigheter f\u00f6r att vara framtidss\u00e4kra.\n<\/li>\n<li data-start=\"341\" data-end=\"493\">\n<strong data-start=\"343\" data-end=\"401\">Skapa en strukturerad taxonomi och ett gemensamt spr\u00e5k<\/strong> f\u00f6r att s\u00e4kerst\u00e4lla att ramverken antas v\u00e4l och anv\u00e4nds konsekvent i hela organisationen.\n<\/li>\n<li data-start=\"494\" data-end=\"602\">\n<strong data-start=\"496\" data-end=\"545\">Arbeta n\u00e4ra \u00e4mnesexperter och tekniska ledare<\/strong> f\u00f6r att s\u00e4kerst\u00e4lla kontinuerligt st\u00f6d och f\u00f6rankring.\n<\/li>\n<\/ul>\n\t\t\t\t<img decoding=\"async\" src=\"https:\/\/comaea.com\/wp-content\/uploads\/2025\/09\/Comaea-Infographic_SWEDISH-resize-scaled.png\" alt=\"Comaea Infographic_SWEDISH resize\" itemprop=\"image\" height=\"2470\" width=\"2560\" title=\"Comaea Infographic_SWEDISH resize\" onerror=\"this.style.display='none'\" loading=\"lazy\" \/>\n\t\t\t<a href=\"https:\/\/comaea.com\/sv\/begar-en-demo\/\" target=\"_self\">\n\t\t\t\t\t\t\tKontakta oss f\u00f6r att diskutera v\u00e5ra konsulttj\u00e4nster\n\t\t\t\t\t<\/a>\n<h1>\n\t\t\tEfter bransch\t<\/h1>\n\t\t\t\t\t\t\t\t\t\t\t\t<img decoding=\"async\" src=\"https:\/\/comaea.com\/wp-content\/uploads\/2024\/08\/Comaea-Construction.png\" alt=\"Bygg &amp; Anl\u00e4ggning\" \/>\n\t\t\t\t\t\t\t\t<h1>Bygg &#038; Anl\u00e4ggning<\/h1>\n\t\t\t\t\t\t\t\t\t<p>Fr\u00e5n projekt- eller kommersiell ledning till upphandling och finansiell planering &#8211; m\u00e4t, f\u00f6lj upp och utveckla era leveransf\u00f6rm\u00e5gor inom projekt, med v\u00e5ra PMI- och APM-anpassade ramverk.<\/p>\n\t\t\t\t\t\t\t\t\t\t\t\t<img decoding=\"async\" src=\"https:\/\/comaea.com\/wp-content\/uploads\/2024\/08\/Comaea-IT-and-Telecommunications.png\" alt=\"IT och Telekommunikation\" \/>\n\t\t\t\t\t\t\t\t<h1>IT och Telekommunikation<\/h1>\n\t\t\t\t\t\t\t\t\t<p>Utv\u00e4rdera f\u00e4rdigheter och st\u00e4rk den tekniska expertisen i roller som omfattar digital transformation, mjukvaruutveckling och cybers\u00e4kerhet. Kombinera era kompetenser med v\u00e5r expertis och internationellt erk\u00e4nda standarder som SFIA.<\/p>\n\t\t\t\t\t\t\t\t\t\t\t\t<img decoding=\"async\" src=\"https:\/\/comaea.com\/wp-content\/uploads\/2024\/08\/Comaea-Oil-and-Gas.png\" alt=\"Olja och Gas\" \/>\n\t\t\t\t\t\t\t\t<h1>Olja och Gas<\/h1>\n\t\t\t\t\t\t\t\t\t<p>Skapa smidigare arbetsfl\u00f6den p\u00e5 b\u00e5de land- och offshoreanl\u00e4ggningar med en enhetlig dashboard f\u00f6r hantering av operativa processer &#8211; fr\u00e5n skiftarbete och projektledning till certifiering och licensiering.<\/p>\n\t\t\t\t\t\t\t\t\t\t\t\t<img decoding=\"async\" src=\"https:\/\/comaea.com\/wp-content\/uploads\/2024\/08\/Comaea-Engineering.png\" alt=\"Ingenj\u00f6rsvetenskap\" \/>\n\t\t\t\t\t\t\t\t<h1>Ingenj\u00f6rsvetenskap<\/h1>\n\t\t\t\t\t\t\t\t\t<p>Att ligga i framkant inom ingenj\u00f6rssektorn kr\u00e4ver kompetens inom en rad f\u00e4rdigheter och roller, fr\u00e5n BIM-programvara till byggnadsteknik. Utnyttja kompetensdata f\u00f6r att f\u00f6rbli konkurrenskraftig p\u00e5 arbetsmarknaden.<\/p>\n\t\t\t\t\t\t\t\t\t\t\t\t<img decoding=\"async\" src=\"https:\/\/comaea.com\/wp-content\/uploads\/2024\/08\/Comaea-Power-and-Energy.png\" alt=\"Energi och kraft\" \/>\n\t\t\t\t\t\t\t\t<h1>Energi och kraft<\/h1>\n\t\t\t\t\t\t\t\t\t<p>I en st\u00e4ndigt f\u00f6r\u00e4nderlig bransch som r\u00f6r sig mot f\u00f6rnybara och alternativa energik\u00e4llor hj\u00e4lper v\u00e5ra utvecklingsverktyg arbetsstyrkan att anpassa sig till de nya energikraven.<\/p>\n\t\t\t\t\t\t\t\t\t\t\t\t<img decoding=\"async\" src=\"https:\/\/comaea.com\/wp-content\/uploads\/2024\/08\/Comaea-Healthcare-and-Elder-Care.png\" alt=\"H\u00e4lso- och \u00e4ldreomsorg\" \/>\n\t\t\t\t\t\t\t\t<h1>H\u00e4lso- och \u00e4ldreomsorg<\/h1>\n\t\t\t\t\t\t\t\t\t<p>Uppt\u00e4ck vilka kurser, certifieringar och licenser som \u00e4r avg\u00f6rande f\u00f6r patientv\u00e5rd och hj\u00e4lp ditt team att utveckla sina karri\u00e4rer i linje med dina m\u00e5l.<\/p>\n\t\t\t<a href=\"https:\/\/comaea.com\/sv\/begar-en-demo\/\" target=\"_self\">\n\t\t\t\t\t\t\tBeg\u00e4r en demo\n\t\t\t\t\t<\/a>\n<h1>\n\t\t\tEfter yrke\t<\/h1>\n\t\t\t\t\t\t\t\t\t\t\t\t<img decoding=\"async\" src=\"https:\/\/comaea.com\/wp-content\/uploads\/2024\/08\/Comaea-Project-Management.png\" alt=\"Projektledning\" \/>\n\t\t\t\t\t\t\t\t<h1>Projektledning<\/h1>\n\t\t\t\t\t\t\t\t\t<p>Genom att f\u00f6lja branschstandarder s\u00e5som PMI, APM och Praxis kan vi hj\u00e4lpa dig att beh\u00e5lla de n\u00f6dv\u00e4ndiga f\u00e4rdigheterna som kr\u00e4vs f\u00f6r framg\u00e5ngsrik projektleverans. Genom att anpassa kompetenser till projektrisker kan projektledare utv\u00e4rdera sin prestation mot branschens riktm\u00e4rken och utveckla v\u00e4rdefull erfarenhet och kompetens.<\/p>\n\t\t\t\t\t\t\t\t\t\t\t\t<img decoding=\"async\" src=\"https:\/\/comaea.com\/wp-content\/uploads\/2024\/08\/Comaea-IT-and-Telecommunications-2.png\" alt=\"IT och Telekommunikation\" \/>\n\t\t\t\t\t\t\t\t<h1>IT och Telekommunikation<\/h1>\n\t\t\t\t\t\t\t\t\tV\u00e5ra IT-l\u00f6sningar omfattar ett brett spektrum av \u00f6ver 800 kompetenser. V\u00e5r IT-kompetensbed\u00f6mning inkluderar Agila Bed\u00f6mningar som hj\u00e4lper till att snabbt identifiera gap och utvecklingsbehov.\nVi erbjuder \u00e4ven en anpassningsbar instrumentpanel som visar nyckelindikatorer f\u00f6r dina resurser, s\u00e5som outnyttjade kompetenser, planerad utbildning och mycket mer.\n\t\t\t\t\t\t\t\t\t\t\t\t<img decoding=\"async\" src=\"https:\/\/comaea.com\/wp-content\/uploads\/2024\/08\/Comaea-Human-Resources.png\" alt=\"Human Resources (HR)\" \/>\n\t\t\t\t\t\t\t\t<h1>Human Resources (HR)<\/h1>\n\t\t\t\t\t\t\t\t\t<p>V\u00e5rt molnbaserade HR-paket implementerar operativa och strategiska kompetenser och anpassar HR-praxis till branschstandarder, inklusive CIPD, ILM och organisationsspecifika f\u00e4rdigheter.<\/p>\n\t\t\t\t\t\t\t\t\t\t\t\t<img decoding=\"async\" src=\"https:\/\/comaea.com\/wp-content\/uploads\/2024\/08\/Comaea-Procurement.png\" alt=\"Ink\u00f6p\" \/>\n\t\t\t\t\t\t\t\t<h1>Ink\u00f6p<\/h1>\n\t\t\t\t\t\t\t\t\t<p>V\u00e5ra l\u00f6sningar kan anpassas f\u00f6r att harmonisera med olika ink\u00f6psramverk, inklusive CIPS. Vi erbjuder tj\u00e4nster som passar din ink\u00f6psstruktur och t\u00e4cker roller s\u00e5som kategori- och leverant\u00f6rshantering, juridiska kontrakt samt kommersiella specialister.<\/p>\n\t\t\t\t\t\t\t\t\t\t\t\t<img decoding=\"async\" src=\"https:\/\/comaea.com\/wp-content\/uploads\/2024\/08\/Comaea-Finance.png\" alt=\"Finans\" \/>\n\t\t\t\t\t\t\t\t<h1>Finans<\/h1>\n\t\t\t\t\t\t\t\t\t<p>Fr\u00e5n finansiell planering och analys till ekonomistyrning &#8211; oavsett vilken finansiell roll det g\u00e4ller kan v\u00e5rt bibliotek av roller och ramverk, s\u00e5som CIMA, hj\u00e4lpa dig att \u00f6vervaka och hantera ditt teams professionella utveckling.<\/p>\n\t\t\t\t\t\t\t\t\t\t\t\t<img decoding=\"async\" src=\"https:\/\/comaea.com\/wp-content\/uploads\/2024\/08\/Comaea-Leadership.png\" alt=\"Ledarskap\" \/>\n\t\t\t\t\t\t\t\t<h1>Ledarskap<\/h1>\n\t\t\t\t\t\t\t\t\t<p>Genom att anv\u00e4nda ledarskaps- och utvecklingskompetenser fr\u00e5n ILM och HR-branschens ledande experter som David Ulrich kan vi tillhandah\u00e5lla ramverk som fr\u00e4mjar innovation och frig\u00f6r den inre vd:n hos dina ledare.<\/p>\n\t<p>Om du har n\u00e5gra fr\u00e5gor om huruvida v\u00e5ra kompetensramverk skulle vara l\u00e4mpliga f\u00f6r din bransch, eller hur de kan anpassas efter dina unika behov, tveka inte att kontakta en medlem av v\u00e5rt team redan idag.<\/p>\n\t\t\t<a href=\"https:\/\/comaea.com\/sv\/begar-en-demo\/\" target=\"_self\">\n\t\t\t\t\t\t\tBeg\u00e4r en demo\n\t\t\t\t\t<\/a>\n<h1  data-animation-delay=\"0\" data-animation-duration=\"1\">\n\t\t\tbetrodd av\t<\/h1>\n\t\t\t\t\t\t<img decoding=\"async\" src=\"https:\/\/comaea.com\/wp-content\/uploads\/2024\/04\/client-logos-uk.png-21.png\" alt=\"https:\/\/comaea.com\/wp-content\/uploads\/2024\/04\/client-logos-uk.png-21.png\" data-no-lazy=\"1\" \/>\t\t\t\t\t\n\t\t\t\t\t\t<img decoding=\"async\" src=\"https:\/\/comaea.com\/wp-content\/uploads\/2024\/04\/client-logos-uk-022.png\" alt=\"https:\/\/comaea.com\/wp-content\/uploads\/2024\/04\/client-logos-uk-022.png\" data-no-lazy=\"1\" \/>\t\t\t\t\t\n\t\t\t\t\t\t<img decoding=\"async\" src=\"https:\/\/comaea.com\/wp-content\/uploads\/2024\/04\/client-logos-sweden.png-13.png\" alt=\"https:\/\/comaea.com\/wp-content\/uploads\/2024\/04\/client-logos-sweden.png-13.png\" data-no-lazy=\"1\" \/>\t\t\t\t\t\n\t\t\t\t\t\t<img decoding=\"async\" src=\"https:\/\/comaea.com\/wp-content\/uploads\/2024\/04\/client-logos-uk-023.png\" alt=\"https:\/\/comaea.com\/wp-content\/uploads\/2024\/04\/client-logos-uk-023.png\" data-no-lazy=\"1\" \/>\t\t\t\t\t\n\t\t\t\t\t\t<img decoding=\"async\" src=\"https:\/\/comaea.com\/wp-content\/uploads\/2024\/04\/client-logos-uk.png-24.png\" alt=\"https:\/\/comaea.com\/wp-content\/uploads\/2024\/04\/client-logos-uk.png-24.png\" data-no-lazy=\"1\" \/>\t\t\t\t\t\n\t\t\t\t\t\t<img decoding=\"async\" src=\"https:\/\/comaea.com\/wp-content\/uploads\/2024\/04\/client-logos-middle-east-0009.png\" alt=\"https:\/\/comaea.com\/wp-content\/uploads\/2024\/04\/client-logos-middle-east-0009.png\" data-no-lazy=\"1\" \/>\t\t\t\t\t\n\t\t\t\t\t\t<img decoding=\"async\" src=\"https:\/\/comaea.com\/wp-content\/uploads\/2024\/04\/client-logos-uk.png-25.png\" alt=\"https:\/\/comaea.com\/wp-content\/uploads\/2024\/04\/client-logos-uk.png-25.png\" data-no-lazy=\"1\" \/>\t\t\t\t\t\n\t\t\t\t\t\t<img decoding=\"async\" src=\"https:\/\/comaea.com\/wp-content\/uploads\/2024\/04\/client-logos-uk.png-26.png\" alt=\"https:\/\/comaea.com\/wp-content\/uploads\/2024\/04\/client-logos-uk.png-26.png\" data-no-lazy=\"1\" \/>\t\t\t\t\t\n\t\t\t\t\t\t<img decoding=\"async\" src=\"https:\/\/comaea.com\/wp-content\/uploads\/2024\/04\/client-logos-sweden-014.png\" alt=\"https:\/\/comaea.com\/wp-content\/uploads\/2024\/04\/client-logos-sweden-014.png\" data-no-lazy=\"1\" \/>\t\t\t\t\t\n\t\t\t\t\t\t<img decoding=\"async\" src=\"https:\/\/comaea.com\/wp-content\/uploads\/2024\/04\/client-logos-uk.png-27.png\" alt=\"https:\/\/comaea.com\/wp-content\/uploads\/2024\/04\/client-logos-uk.png-27.png\" data-no-lazy=\"1\" \/>\t\t\t\t\t\n\t\t\t\t\t\t<img decoding=\"async\" src=\"https:\/\/comaea.com\/wp-content\/uploads\/2024\/04\/client-logos-middle-east.png-10.png\" alt=\"https:\/\/comaea.com\/wp-content\/uploads\/2024\/04\/client-logos-middle-east.png-10.png\" data-no-lazy=\"1\" \/>\t\t\t\t\t\n\t\t\t\t\t\t<img decoding=\"async\" src=\"https:\/\/comaea.com\/wp-content\/uploads\/2024\/04\/client-logos-uk-00028.png\" alt=\"https:\/\/comaea.com\/wp-content\/uploads\/2024\/04\/client-logos-uk-00028.png\" data-no-lazy=\"1\" \/>\t\t\t\t\t\n\t\t\t\t\t\t<img decoding=\"async\" src=\"https:\/\/comaea.com\/wp-content\/uploads\/2024\/04\/client-logos-middle-east.png-11.png\" alt=\"https:\/\/comaea.com\/wp-content\/uploads\/2024\/04\/client-logos-middle-east.png-11.png\" data-no-lazy=\"1\" \/>\t\t\t\t\t\n\t\t\t\t\t\t<img decoding=\"async\" src=\"https:\/\/comaea.com\/wp-content\/uploads\/2024\/04\/client-logos-uk.png-29.png\" alt=\"https:\/\/comaea.com\/wp-content\/uploads\/2024\/04\/client-logos-uk.png-29.png\" data-no-lazy=\"1\" \/>\t\t\t\t\t\n\t\t\t\t\t\t<img decoding=\"async\" src=\"https:\/\/comaea.com\/wp-content\/uploads\/2024\/04\/client-logos-sweden-0017.png\" alt=\"https:\/\/comaea.com\/wp-content\/uploads\/2024\/04\/client-logos-sweden-0017.png\" data-no-lazy=\"1\" \/>\t\t\t\t\t\n\t\t\t\t\t\t<img decoding=\"async\" src=\"https:\/\/comaea.com\/wp-content\/uploads\/2024\/04\/client-logos-sweden.png-15.png\" alt=\"https:\/\/comaea.com\/wp-content\/uploads\/2024\/04\/client-logos-sweden.png-15.png\" data-no-lazy=\"1\" \/>\t\t\t\t\t\n\t\t\t\t\t\t<img decoding=\"async\" src=\"https:\/\/comaea.com\/wp-content\/uploads\/2024\/04\/client-logos-sweden-0016.png\" alt=\"https:\/\/comaea.com\/wp-content\/uploads\/2024\/04\/client-logos-sweden-0016.png\" data-no-lazy=\"1\" \/>\t\t\t\t\t\n\t\t\t<button>Next<\/button>\n\t\t<button>Previous<\/button>\n\t\t\t\t\t\t<img decoding=\"async\" src=\"https:\/\/comaea.com\/wp-content\/uploads\/2025\/04\/UK_Space_Agency_logo.svg.png\" alt=\"https:\/\/comaea.com\/wp-content\/uploads\/2025\/04\/UK_Space_Agency_logo.svg.png\" data-no-lazy=\"1\" \/>\t\t\t\t\t\n\t\t\t\t\t\t<img decoding=\"async\" src=\"https:\/\/comaea.com\/wp-content\/uploads\/2025\/04\/Small_UK_Atomic_Energy_Authority_logo.png\" alt=\"https:\/\/comaea.com\/wp-content\/uploads\/2025\/04\/Small_UK_Atomic_Energy_Authority_logo.png\" data-no-lazy=\"1\" \/>\t\t\t\t\t\n\t\t\t\t\t\t<img decoding=\"async\" src=\"https:\/\/comaea.com\/wp-content\/uploads\/2025\/04\/NISTA_Stacked-840x475-1.png\" alt=\"https:\/\/comaea.com\/wp-content\/uploads\/2025\/04\/NISTA_Stacked-840x475-1.png\" data-no-lazy=\"1\" \/>\t\t\t\t\t\n\t\t\t\t\t\t<img decoding=\"async\" src=\"https:\/\/comaea.com\/wp-content\/uploads\/2025\/04\/Metropolitan_Police_Service_logo.svg_.png\" alt=\"https:\/\/comaea.com\/wp-content\/uploads\/2025\/04\/Metropolitan_Police_Service_logo.svg_.png\" data-no-lazy=\"1\" \/>\t\t\t\t\t\n\t\t\t\t\t\t<img decoding=\"async\" src=\"https:\/\/comaea.com\/wp-content\/uploads\/2024\/04\/client-logos-uk.png-1.png\" alt=\"https:\/\/comaea.com\/wp-content\/uploads\/2024\/04\/client-logos-uk.png-1.png\" data-no-lazy=\"1\" \/>\t\t\t\t\t\n\t\t\t\t\t\t<img decoding=\"async\" src=\"https:\/\/comaea.com\/wp-content\/uploads\/2024\/04\/client-logos-uk.png-3.png\" alt=\"https:\/\/comaea.com\/wp-content\/uploads\/2024\/04\/client-logos-uk.png-3.png\" data-no-lazy=\"1\" \/>\t\t\t\t\t\n\t\t\t\t\t\t<img decoding=\"async\" src=\"https:\/\/comaea.com\/wp-content\/uploads\/2024\/04\/client-logos-sweden.png-0001.png\" alt=\"https:\/\/comaea.com\/wp-content\/uploads\/2024\/04\/client-logos-sweden.png-0001.png\" data-no-lazy=\"1\" \/>\t\t\t\t\t\n\t\t\t\t\t\t<img decoding=\"async\" src=\"https:\/\/comaea.com\/wp-content\/uploads\/2024\/04\/client-logos-middle-east.png-1.png\" alt=\"https:\/\/comaea.com\/wp-content\/uploads\/2024\/04\/client-logos-middle-east.png-1.png\" data-no-lazy=\"1\" \/>\t\t\t\t\t\n\t\t\t\t\t\t<img decoding=\"async\" src=\"https:\/\/comaea.com\/wp-content\/uploads\/2024\/04\/client-logos-uk.png-004.png\" alt=\"https:\/\/comaea.com\/wp-content\/uploads\/2024\/04\/client-logos-uk.png-004.png\" data-no-lazy=\"1\" \/>\t\t\t\t\t\n\t\t\t\t\t\t<img decoding=\"async\" src=\"https:\/\/comaea.com\/wp-content\/uploads\/2024\/04\/client-logos-uk.png-5.png\" alt=\"https:\/\/comaea.com\/wp-content\/uploads\/2024\/04\/client-logos-uk.png-5.png\" data-no-lazy=\"1\" \/>\t\t\t\t\t\n\t\t\t\t\t\t<img decoding=\"async\" src=\"https:\/\/comaea.com\/wp-content\/uploads\/2024\/04\/client-logos-sweden.png-2.png\" alt=\"https:\/\/comaea.com\/wp-content\/uploads\/2024\/04\/client-logos-sweden.png-2.png\" data-no-lazy=\"1\" \/>\t\t\t\t\t\n\t\t\t\t\t\t<img decoding=\"async\" src=\"https:\/\/comaea.com\/wp-content\/uploads\/2024\/04\/client-logos-middle-east.png-2.png\" alt=\"https:\/\/comaea.com\/wp-content\/uploads\/2024\/04\/client-logos-middle-east.png-2.png\" data-no-lazy=\"1\" \/>\t\t\t\t\t\n\t\t\t\t\t\t<img decoding=\"async\" src=\"https:\/\/comaea.com\/wp-content\/uploads\/2024\/04\/client-logos-uk.png-006.png\" alt=\"https:\/\/comaea.com\/wp-content\/uploads\/2024\/04\/client-logos-uk.png-006.png\" data-no-lazy=\"1\" \/>\t\t\t\t\t\n\t\t\t\t\t\t<img decoding=\"async\" src=\"https:\/\/comaea.com\/wp-content\/uploads\/2024\/04\/client-logos-uk.png-0007.png\" alt=\"https:\/\/comaea.com\/wp-content\/uploads\/2024\/04\/client-logos-uk.png-0007.png\" data-no-lazy=\"1\" \/>\t\t\t\t\t\n\t\t\t\t\t\t<img decoding=\"async\" src=\"https:\/\/comaea.com\/wp-content\/uploads\/2024\/04\/client-logos-sweden.png-3.png\" alt=\"https:\/\/comaea.com\/wp-content\/uploads\/2024\/04\/client-logos-sweden.png-3.png\" data-no-lazy=\"1\" \/>\t\t\t\t\t\n\t\t\t\t\t\t<img decoding=\"async\" src=\"https:\/\/comaea.com\/wp-content\/uploads\/2024\/04\/client-logos-middle-east.png-3.png\" alt=\"https:\/\/comaea.com\/wp-content\/uploads\/2024\/04\/client-logos-middle-east.png-3.png\" data-no-lazy=\"1\" \/>\t\t\t\t\t\n\t\t\t\t\t\t<img decoding=\"async\" src=\"https:\/\/comaea.com\/wp-content\/uploads\/2024\/04\/client-logos-uk.png-8.png\" alt=\"https:\/\/comaea.com\/wp-content\/uploads\/2024\/04\/client-logos-uk.png-8.png\" data-no-lazy=\"1\" \/>\t\t\t\t\t\n\t\t\t\t\t\t<img decoding=\"async\" src=\"https:\/\/comaea.com\/wp-content\/uploads\/2024\/04\/client-logos-uk.png-9.png\" alt=\"https:\/\/comaea.com\/wp-content\/uploads\/2024\/04\/client-logos-uk.png-9.png\" data-no-lazy=\"1\" \/>\t\t\t\t\t\n\t\t\t\t\t\t<img decoding=\"async\" src=\"https:\/\/comaea.com\/wp-content\/uploads\/2024\/04\/client-logos-sweden.png-004.png\" alt=\"https:\/\/comaea.com\/wp-content\/uploads\/2024\/04\/client-logos-sweden.png-004.png\" data-no-lazy=\"1\" \/>\t\t\t\t\t\n\t\t\t\t\t\t<img decoding=\"async\" src=\"https:\/\/comaea.com\/wp-content\/uploads\/2024\/04\/client-logos-middle-east.png-004.png\" alt=\"https:\/\/comaea.com\/wp-content\/uploads\/2024\/04\/client-logos-middle-east.png-004.png\" data-no-lazy=\"1\" \/>\t\t\t\t\t\n\t\t\t\t\t\t<img decoding=\"async\" src=\"https:\/\/comaea.com\/wp-content\/uploads\/2024\/04\/client-logos-uk.png-00010.png\" alt=\"https:\/\/comaea.com\/wp-content\/uploads\/2024\/04\/client-logos-uk.png-00010.png\" data-no-lazy=\"1\" \/>\t\t\t\t\t\n\t\t\t\t\t\t<img decoding=\"async\" src=\"https:\/\/comaea.com\/wp-content\/uploads\/2024\/04\/client-logos-uk.png-11.png\" alt=\"https:\/\/comaea.com\/wp-content\/uploads\/2024\/04\/client-logos-uk.png-11.png\" data-no-lazy=\"1\" \/>\t\t\t\t\t\n\t\t\t\t\t\t<img decoding=\"async\" src=\"https:\/\/comaea.com\/wp-content\/uploads\/2024\/04\/client-logos-sweden.png-5.png\" alt=\"https:\/\/comaea.com\/wp-content\/uploads\/2024\/04\/client-logos-sweden.png-5.png\" data-no-lazy=\"1\" \/>\t\t\t\t\t\n\t\t\t\t\t\t<img decoding=\"async\" src=\"https:\/\/comaea.com\/wp-content\/uploads\/2024\/04\/client-logos-sweden.png-6.png\" alt=\"https:\/\/comaea.com\/wp-content\/uploads\/2024\/04\/client-logos-sweden.png-6.png\" data-no-lazy=\"1\" \/>\t\t\t\t\t\n\t\t\t<button>Next<\/button>\n\t\t<button>Previous<\/button>\n\n","protected":false},"excerpt":{"rendered":"<p>Utveckling av kompetensramverk Comaea-konsulter har m\u00e5nga \u00e5rs erfarenhet fr\u00e5n ett flertal offentliga och privata sektorer globalt, vilket g\u00f6r det m\u00f6jligt f\u00f6r dem att: Benchmarka och transformera era f\u00e4rdigheter f\u00f6r att vara framtidss\u00e4kra. Skapa en strukturerad taxonomi och ett gemensamt spr\u00e5k f\u00f6r att s\u00e4kerst\u00e4lla att ramverken antas v\u00e4l och anv\u00e4nds konsekvent i hela organisationen. Arbeta n\u00e4ra&hellip;<\/p>\n","protected":false},"author":1,"featured_media":0,"parent":0,"menu_order":0,"comment_status":"closed","ping_status":"closed","template":"","meta":{"_monsterinsights_skip_tracking":false,"_monsterinsights_sitenote_active":false,"_monsterinsights_sitenote_note":"","_monsterinsights_sitenote_category":0,"footnotes":""},"class_list":["post-2093","page","type-page","status-publish","hentry"],"yoast_head":"<!-- This site is optimized with the Yoast SEO plugin v27.3 - https:\/\/yoast.com\/product\/yoast-seo-wordpress\/ -->\n<title>V\u00e5ra Tj\u00e4nster | Comaea<\/title>\n<meta name=\"description\" content=\"Uppt\u00e4ck Comaeas tj\u00e4nster och l\u00f6sningar.\" \/>\n<meta name=\"robots\" content=\"index, follow, max-snippet:-1, max-image-preview:large, max-video-preview:-1\" \/>\n<link rel=\"canonical\" href=\"https:\/\/comaea.com\/sv\/vara-tjanster\/\" \/>\n<meta property=\"og:locale\" content=\"sv_SE\" \/>\n<meta property=\"og:type\" content=\"article\" \/>\n<meta property=\"og:title\" content=\"V\u00e5ra Tj\u00e4nster | Comaea\" \/>\n<meta property=\"og:description\" content=\"Uppt\u00e4ck Comaeas tj\u00e4nster och l\u00f6sningar.\" \/>\n<meta property=\"og:url\" content=\"https:\/\/comaea.com\/sv\/vara-tjanster\/\" \/>\n<meta property=\"og:site_name\" content=\"comaea | competency management software | competency made easy | united kingdom\" \/>\n<meta property=\"article:modified_time\" content=\"2026-01-08T23:15:53+00:00\" \/>\n<meta property=\"og:image\" content=\"https:\/\/comaea.com\/wp-content\/uploads\/2025\/09\/Comaea-Infographic_SWEDISH-resize-scaled.png\" \/>\n<meta name=\"twitter:card\" content=\"summary_large_image\" \/>\n<meta name=\"twitter:label1\" content=\"Ber\u00e4knad l\u00e4stid\" \/>\n\t<meta name=\"twitter:data1\" content=\"15 minuter\" \/>\n<script type=\"application\/ld+json\" class=\"yoast-schema-graph\">{\"@context\":\"https:\\\/\\\/schema.org\",\"@graph\":[{\"@type\":\"WebPage\",\"@id\":\"https:\\\/\\\/comaea.com\\\/sv\\\/vara-tjanster\\\/\",\"url\":\"https:\\\/\\\/comaea.com\\\/sv\\\/vara-tjanster\\\/\",\"name\":\"V\u00e5ra Tj\u00e4nster | Comaea\",\"isPartOf\":{\"@id\":\"https:\\\/\\\/comaea.com\\\/sv\\\/#website\"},\"primaryImageOfPage\":{\"@id\":\"https:\\\/\\\/comaea.com\\\/sv\\\/vara-tjanster\\\/#primaryimage\"},\"image\":{\"@id\":\"https:\\\/\\\/comaea.com\\\/sv\\\/vara-tjanster\\\/#primaryimage\"},\"thumbnailUrl\":\"https:\\\/\\\/comaea.com\\\/wp-content\\\/uploads\\\/2025\\\/09\\\/Comaea-Infographic_SWEDISH-resize-scaled.png\",\"datePublished\":\"2024-01-05T14:54:34+00:00\",\"dateModified\":\"2026-01-08T23:15:53+00:00\",\"description\":\"Uppt\u00e4ck Comaeas tj\u00e4nster och l\u00f6sningar.\",\"breadcrumb\":{\"@id\":\"https:\\\/\\\/comaea.com\\\/sv\\\/vara-tjanster\\\/#breadcrumb\"},\"inLanguage\":\"sv-SE\",\"potentialAction\":[{\"@type\":\"ReadAction\",\"target\":[\"https:\\\/\\\/comaea.com\\\/sv\\\/vara-tjanster\\\/\"]}]},{\"@type\":\"ImageObject\",\"inLanguage\":\"sv-SE\",\"@id\":\"https:\\\/\\\/comaea.com\\\/sv\\\/vara-tjanster\\\/#primaryimage\",\"url\":\"https:\\\/\\\/comaea.com\\\/wp-content\\\/uploads\\\/2025\\\/09\\\/Comaea-Infographic_SWEDISH-resize-scaled.png\",\"contentUrl\":\"https:\\\/\\\/comaea.com\\\/wp-content\\\/uploads\\\/2025\\\/09\\\/Comaea-Infographic_SWEDISH-resize-scaled.png\"},{\"@type\":\"BreadcrumbList\",\"@id\":\"https:\\\/\\\/comaea.com\\\/sv\\\/vara-tjanster\\\/#breadcrumb\",\"itemListElement\":[{\"@type\":\"ListItem\",\"position\":1,\"name\":\"Home\",\"item\":\"https:\\\/\\\/comaea.com\\\/sv\\\/\"},{\"@type\":\"ListItem\",\"position\":2,\"name\":\"V\u00e5ra tj\u00e4nster\"}]},{\"@type\":\"WebSite\",\"@id\":\"https:\\\/\\\/comaea.com\\\/sv\\\/#website\",\"url\":\"https:\\\/\\\/comaea.com\\\/sv\\\/\",\"name\":\"comaea | competency management software | competency made easy | united kingdom\",\"description\":\"\",\"potentialAction\":[{\"@type\":\"SearchAction\",\"target\":{\"@type\":\"EntryPoint\",\"urlTemplate\":\"https:\\\/\\\/comaea.com\\\/sv\\\/?s={search_term_string}\"},\"query-input\":{\"@type\":\"PropertyValueSpecification\",\"valueRequired\":true,\"valueName\":\"search_term_string\"}}],\"inLanguage\":\"sv-SE\"}]}<\/script>\n<!-- \/ Yoast SEO plugin. -->","yoast_head_json":{"title":"V\u00e5ra Tj\u00e4nster | Comaea","description":"Uppt\u00e4ck Comaeas tj\u00e4nster och l\u00f6sningar.","robots":{"index":"index","follow":"follow","max-snippet":"max-snippet:-1","max-image-preview":"max-image-preview:large","max-video-preview":"max-video-preview:-1"},"canonical":"https:\/\/comaea.com\/sv\/vara-tjanster\/","og_locale":"sv_SE","og_type":"article","og_title":"V\u00e5ra Tj\u00e4nster | Comaea","og_description":"Uppt\u00e4ck Comaeas tj\u00e4nster och l\u00f6sningar.","og_url":"https:\/\/comaea.com\/sv\/vara-tjanster\/","og_site_name":"comaea | competency management software | competency made easy | united kingdom","article_modified_time":"2026-01-08T23:15:53+00:00","og_image":[{"url":"https:\/\/comaea.com\/wp-content\/uploads\/2025\/09\/Comaea-Infographic_SWEDISH-resize-scaled.png","type":"","width":"","height":""}],"twitter_card":"summary_large_image","twitter_misc":{"Ber\u00e4knad l\u00e4stid":"15 minuter"},"schema":{"@context":"https:\/\/schema.org","@graph":[{"@type":"WebPage","@id":"https:\/\/comaea.com\/sv\/vara-tjanster\/","url":"https:\/\/comaea.com\/sv\/vara-tjanster\/","name":"V\u00e5ra Tj\u00e4nster | Comaea","isPartOf":{"@id":"https:\/\/comaea.com\/sv\/#website"},"primaryImageOfPage":{"@id":"https:\/\/comaea.com\/sv\/vara-tjanster\/#primaryimage"},"image":{"@id":"https:\/\/comaea.com\/sv\/vara-tjanster\/#primaryimage"},"thumbnailUrl":"https:\/\/comaea.com\/wp-content\/uploads\/2025\/09\/Comaea-Infographic_SWEDISH-resize-scaled.png","datePublished":"2024-01-05T14:54:34+00:00","dateModified":"2026-01-08T23:15:53+00:00","description":"Uppt\u00e4ck Comaeas tj\u00e4nster och l\u00f6sningar.","breadcrumb":{"@id":"https:\/\/comaea.com\/sv\/vara-tjanster\/#breadcrumb"},"inLanguage":"sv-SE","potentialAction":[{"@type":"ReadAction","target":["https:\/\/comaea.com\/sv\/vara-tjanster\/"]}]},{"@type":"ImageObject","inLanguage":"sv-SE","@id":"https:\/\/comaea.com\/sv\/vara-tjanster\/#primaryimage","url":"https:\/\/comaea.com\/wp-content\/uploads\/2025\/09\/Comaea-Infographic_SWEDISH-resize-scaled.png","contentUrl":"https:\/\/comaea.com\/wp-content\/uploads\/2025\/09\/Comaea-Infographic_SWEDISH-resize-scaled.png"},{"@type":"BreadcrumbList","@id":"https:\/\/comaea.com\/sv\/vara-tjanster\/#breadcrumb","itemListElement":[{"@type":"ListItem","position":1,"name":"Home","item":"https:\/\/comaea.com\/sv\/"},{"@type":"ListItem","position":2,"name":"V\u00e5ra tj\u00e4nster"}]},{"@type":"WebSite","@id":"https:\/\/comaea.com\/sv\/#website","url":"https:\/\/comaea.com\/sv\/","name":"comaea | competency management software | competency made easy | united kingdom","description":"","potentialAction":[{"@type":"SearchAction","target":{"@type":"EntryPoint","urlTemplate":"https:\/\/comaea.com\/sv\/?s={search_term_string}"},"query-input":{"@type":"PropertyValueSpecification","valueRequired":true,"valueName":"search_term_string"}}],"inLanguage":"sv-SE"}]}},"_links":{"self":[{"href":"https:\/\/comaea.com\/sv\/wp-json\/wp\/v2\/pages\/2093","targetHints":{"allow":["GET"]}}],"collection":[{"href":"https:\/\/comaea.com\/sv\/wp-json\/wp\/v2\/pages"}],"about":[{"href":"https:\/\/comaea.com\/sv\/wp-json\/wp\/v2\/types\/page"}],"author":[{"embeddable":true,"href":"https:\/\/comaea.com\/sv\/wp-json\/wp\/v2\/users\/1"}],"replies":[{"embeddable":true,"href":"https:\/\/comaea.com\/sv\/wp-json\/wp\/v2\/comments?post=2093"}],"version-history":[{"count":6,"href":"https:\/\/comaea.com\/sv\/wp-json\/wp\/v2\/pages\/2093\/revisions"}],"predecessor-version":[{"id":2176,"href":"https:\/\/comaea.com\/sv\/wp-json\/wp\/v2\/pages\/2093\/revisions\/2176"}],"wp:attachment":[{"href":"https:\/\/comaea.com\/sv\/wp-json\/wp\/v2\/media?parent=2093"}],"curies":[{"name":"wp","href":"https:\/\/api.w.org\/{rel}","templated":true}]}}