{"id":2086,"date":"2024-01-05T14:51:17","date_gmt":"2024-01-05T14:51:17","guid":{"rendered":"https:\/\/comaea.com\/?page_id=2086"},"modified":"2026-01-08T23:16:24","modified_gmt":"2026-01-08T23:16:24","slug":"var-plattform","status":"publish","type":"page","link":"https:\/\/comaea.com\/sv\/var-plattform\/","title":{"rendered":"V\u00e5r plattform"},"content":{"rendered":"\n<h1>\n\t\t\tFramtidss\u00e4krar organisationer genom deras m\u00e4nniskor\t<\/h1>\n\tP\u00e5 en f\u00f6r\u00e4nderlig talangmarknad med snabbt skiftande globala krav beh\u00f6ver organisationer \u00e4ndra sitt syns\u00e4tt fr\u00e5n traditionella &#8221;roller&#8221; till &#8221;kompetensupps\u00e4ttningar&#8221; som kan hj\u00e4lpa dem att uppn\u00e5 sina framtida f\u00f6rm\u00e5gor.\nDet \u00e4r h\u00e4r kompetenshantering kan g\u00f6ra skillnad &#8211; v\u00e5rt f\u00f6rstklassiga HCM-system hj\u00e4lper till att automatisera hanteringen av ditt humankapital, s\u00e5 att du kan b\u00f6rja kartl\u00e4gga medarbetarnas personliga karri\u00e4rm\u00e5l mot din organisations nuvarande och framtida m\u00e5l.\nMed v\u00e5r fullt responsiva mobila programvara kan chefer och medarbetare f\u00e5 tillg\u00e5ng till information i farten, i realtid och via en enda instrumentpanel.\n\t\t\t<a href=\"https:\/\/comaea.com\/sv\/begar-en-demo\/\" target=\"_self\">\n\t\t\t\t\t\t\tBeg\u00e4r en demo\n\t\t\t\t\t<\/a>\n<h1>\n\t\t\tFrig\u00f6r potentialen hos dina medarbetare\t<\/h1>\nVi tror att nyckeln till organisatorisk tillv\u00e4xt ligger i att attrahera, beh\u00e5lla, anv\u00e4nda och utveckla din arbetsstyrka. N\u00e4r individuell utveckling och strategiska m\u00e5l g\u00e5r hand i hand vinner man medarbetarnas hj\u00e4rtan och engagemang p\u00e5 alla niv\u00e5er.\nSedan dag ett har v\u00e5rt l\u00f6fte varit att f\u00e5 humankapitalet att arbeta &#8211; genom att frig\u00f6ra potentialen hos m\u00e4nniskor och organisationer. V\u00e5rt molnbaserade ledningssystem ger alla niv\u00e5er i din organisation en omedelbar \u00f6verblick \u00f6ver kunskap, f\u00e4rdigheter och erfarenheter, vilket m\u00f6jligg\u00f6r mer v\u00e4lgrundat beslutsfattande.\n<h1>\n\t\t\tKey Benefits\t<\/h1>\n\t\t\t\t<img decoding=\"async\" src=\"https:\/\/comaea.com\/wp-content\/uploads\/2024\/12\/Click-Icon-02.png\" alt=\"Click Icon 02\" itemprop=\"image\" height=\"2857\" width=\"1903\" title=\"Click Icon 02\" onerror=\"this.style.display='none'\" loading=\"lazy\" \/>\n<h1>\n\t\t\tEnkel installation\t<\/h1>\n\t<p>Snabb och enkel att komma ig\u00e5ng med &#8211; ingen h\u00e5rdvara, installation eller appnedladdning kr\u00e4vs.<\/p>\n\t\t\t\t<img decoding=\"async\" src=\"https:\/\/comaea.com\/wp-content\/uploads\/2024\/12\/Puzzle-Icon-01.png\" alt=\"Puzzle Icon 01\" itemprop=\"image\" height=\"3135\" width=\"3133\" title=\"Puzzle Icon 01\" onerror=\"this.style.display='none'\" loading=\"lazy\" \/>\n<h1>\n\t\t\tIntegrerad\t<\/h1>\n\t<p>Anv\u00e4nd som ett frist\u00e5ende system eller fullt integrerat i din IT-infrastruktur. Synkronisera data med HR- och LMS-system och skicka\/h\u00e4mta information fr\u00e5n datalager.<\/p>\n\t\t\t\t<img decoding=\"async\" src=\"https:\/\/comaea.com\/wp-content\/uploads\/2024\/12\/Window-Icon-01.png\" alt=\"Window Icon 01\" itemprop=\"image\" height=\"2829\" width=\"2883\" title=\"Window Icon 01\" onerror=\"this.style.display='none'\" loading=\"lazy\" \/>\n<h1>\n\t\t\tSkalbar\t<\/h1>\n\t<p>Expandera snabbt och enkelt i takt med att anv\u00e4ndningen v\u00e4xer, och utnyttja ytterligare funktionalitet vid behov. De flesta organisationer b\u00f6rjar i liten skala och <em data-start=\"603\" data-end=\"622\">v\u00e4xer in i comaea<\/em>.<\/p>\n\t\t\t\t<img decoding=\"async\" src=\"https:\/\/comaea.com\/wp-content\/uploads\/2024\/12\/Padlock-Icon-01.png\" alt=\"Padlock Icon 01\" itemprop=\"image\" height=\"3003\" width=\"2718\" title=\"Padlock Icon 01\" onerror=\"this.style.display='none'\" loading=\"lazy\" \/>\n<h1>\n\t\t\tS\u00e4ker\t<\/h1>\n\t<p>Externt certifierade och granskade s\u00e4kerhetsprocesser och system s\u00e4kerst\u00e4ller att dina data alltid \u00e4r skyddade.<\/p>\n\t\t\t\t<img decoding=\"async\" src=\"https:\/\/comaea.com\/wp-content\/uploads\/2024\/12\/Click-Icon-02.png\" alt=\"Click Icon 02\" itemprop=\"image\" height=\"2857\" width=\"1903\" title=\"Click Icon 02\" onerror=\"this.style.display='none'\" loading=\"lazy\" \/>\n<h1>\n\t\t\tEnkel installation\t<\/h1>\n\t<p>Snabb och enkel att komma ig\u00e5ng med &#8211; ingen h\u00e5rdvara, installation eller appnedladdning kr\u00e4vs.<\/p>\n\t\t\t\t<img decoding=\"async\" src=\"https:\/\/comaea.com\/wp-content\/uploads\/2024\/12\/Puzzle-Icon-01.png\" alt=\"Puzzle Icon 01\" itemprop=\"image\" height=\"3135\" width=\"3133\" title=\"Puzzle Icon 01\" onerror=\"this.style.display='none'\" loading=\"lazy\" \/>\n<h1>\n\t\t\tIntegrerad\t<\/h1>\n\t<p>Anv\u00e4nd som ett frist\u00e5ende system eller fullt integrerat i din IT-infrastruktur. Synkronisera data med HR- och LMS-system och skicka\/h\u00e4mta information fr\u00e5n datalager.<\/p>\n\t\t\t\t<img decoding=\"async\" src=\"https:\/\/comaea.com\/wp-content\/uploads\/2024\/12\/Window-Icon-01.png\" alt=\"Window Icon 01\" itemprop=\"image\" height=\"2829\" width=\"2883\" title=\"Window Icon 01\" onerror=\"this.style.display='none'\" loading=\"lazy\" \/>\n<h1>\n\t\t\tSkalbar\t<\/h1>\n\t<p>Expandera snabbt och enkelt i takt med att anv\u00e4ndningen v\u00e4xer, och utnyttja ytterligare funktionalitet vid behov. De flesta organisationer b\u00f6rjar i liten skala och <em data-start=\"603\" data-end=\"622\">v\u00e4xer in i comaea<\/em>.<\/p>\n\t\t\t\t<img decoding=\"async\" src=\"https:\/\/comaea.com\/wp-content\/uploads\/2024\/12\/Padlock-Icon-01.png\" alt=\"Padlock Icon 01\" itemprop=\"image\" height=\"3003\" width=\"2718\" title=\"Padlock Icon 01\" onerror=\"this.style.display='none'\" loading=\"lazy\" \/>\n<h1>\n\t\t\tS\u00e4ker\t<\/h1>\n\t<p>Externt certifierade och granskade s\u00e4kerhetsprocesser och system s\u00e4kerst\u00e4ller att dina data alltid \u00e4r skyddade.<\/p>\n<h1>\n\t\t\tNyckelfunktioner\t<\/h1>\n\tV\u00e5rt modul\u00e4ra appbaserade system \u00e4r en komplett l\u00f6sning f\u00f6r effektiv kompetenshantering och erbjuder en rad funktioner som hj\u00e4lper dig att:\n<ul data-start=\"264\" data-end=\"404\">\n<li data-start=\"264\" data-end=\"304\">\nIdentifiera och \u00e5tg\u00e4rda kompetensgap\n<\/li>\n<li data-start=\"305\" data-end=\"352\">\nKartl\u00e4gga nuvarande och framtida arbetskrav\n<\/li>\n<li data-start=\"353\" data-end=\"404\">\nImplementera skr\u00e4ddarsydda utvecklingsl\u00f6sningar\n<\/li>\n<\/ul>\n<h1>\n\t\t\tH\u00e5lla dina data s\u00e4kra, skyddade och tillg\u00e4ngliga\t<\/h1>\n<h1  data-animation-delay=\"0\" data-animation-duration=\"1\">\n\t\t\tbetrodd av\t<\/h1>\n\t\t\t\t\t\t<img decoding=\"async\" src=\"https:\/\/comaea.com\/wp-content\/uploads\/2024\/04\/client-logos-uk.png-12.png\" alt=\"https:\/\/comaea.com\/wp-content\/uploads\/2024\/04\/client-logos-uk.png-12.png\" data-no-lazy=\"1\" \/>\t\t\t\t\t\n\t\t\t\t\t\t<img decoding=\"async\" src=\"https:\/\/comaea.com\/wp-content\/uploads\/2024\/04\/client-logos-uk.png-13.png\" alt=\"https:\/\/comaea.com\/wp-content\/uploads\/2024\/04\/client-logos-uk.png-13.png\" data-no-lazy=\"1\" \/>\t\t\t\t\t\n\t\t\t\t\t\t<img decoding=\"async\" src=\"https:\/\/comaea.com\/wp-content\/uploads\/2024\/04\/client-logos-sweden.png-7.png\" alt=\"https:\/\/comaea.com\/wp-content\/uploads\/2024\/04\/client-logos-sweden.png-7.png\" data-no-lazy=\"1\" \/>\t\t\t\t\t\n\t\t\t\t\t\t<img decoding=\"async\" src=\"https:\/\/comaea.com\/wp-content\/uploads\/2024\/04\/client-logos-middle-east-05.png\" alt=\"https:\/\/comaea.com\/wp-content\/uploads\/2024\/04\/client-logos-middle-east-05.png\" data-no-lazy=\"1\" \/>\t\t\t\t\t\n\t\t\t\t\t\t<img decoding=\"async\" src=\"https:\/\/comaea.com\/wp-content\/uploads\/2024\/04\/client-logos-uk.png-14.png\" alt=\"https:\/\/comaea.com\/wp-content\/uploads\/2024\/04\/client-logos-uk.png-14.png\" data-no-lazy=\"1\" \/>\t\t\t\t\t\n\t\t\t\t\t\t<img decoding=\"async\" src=\"https:\/\/comaea.com\/wp-content\/uploads\/2024\/04\/client-logos-uk.png-00015.png\" alt=\"https:\/\/comaea.com\/wp-content\/uploads\/2024\/04\/client-logos-uk.png-00015.png\" data-no-lazy=\"1\" \/>\t\t\t\t\t\n\t\t\t\t\t\t<img decoding=\"async\" src=\"https:\/\/comaea.com\/wp-content\/uploads\/2024\/04\/client-logos-sweden.png-8.png\" alt=\"https:\/\/comaea.com\/wp-content\/uploads\/2024\/04\/client-logos-sweden.png-8.png\" data-no-lazy=\"1\" \/>\t\t\t\t\t\n\t\t\t\t\t\t<img decoding=\"async\" src=\"https:\/\/comaea.com\/wp-content\/uploads\/2024\/04\/client-logos-middle-east.png-6.png\" alt=\"https:\/\/comaea.com\/wp-content\/uploads\/2024\/04\/client-logos-middle-east.png-6.png\" data-no-lazy=\"1\" \/>\t\t\t\t\t\n\t\t\t\t\t\t<img decoding=\"async\" src=\"https:\/\/comaea.com\/wp-content\/uploads\/2024\/04\/client-logos-uk.png-16.png\" alt=\"https:\/\/comaea.com\/wp-content\/uploads\/2024\/04\/client-logos-uk.png-16.png\" data-no-lazy=\"1\" \/>\t\t\t\t\t\n\t\t\t\t\t\t<img decoding=\"async\" src=\"https:\/\/comaea.com\/wp-content\/uploads\/2024\/04\/client-logos-uk.png-17.png\" alt=\"https:\/\/comaea.com\/wp-content\/uploads\/2024\/04\/client-logos-uk.png-17.png\" data-no-lazy=\"1\" \/>\t\t\t\t\t\n\t\t\t\t\t\t<img decoding=\"async\" src=\"https:\/\/comaea.com\/wp-content\/uploads\/2024\/04\/client-logos-sweden.png-9.png\" alt=\"https:\/\/comaea.com\/wp-content\/uploads\/2024\/04\/client-logos-sweden.png-9.png\" data-no-lazy=\"1\" \/>\t\t\t\t\t\n\t\t\t\t\t\t<img decoding=\"async\" src=\"https:\/\/comaea.com\/wp-content\/uploads\/2024\/04\/client-logos-middle-east.png-7.png\" alt=\"https:\/\/comaea.com\/wp-content\/uploads\/2024\/04\/client-logos-middle-east.png-7.png\" data-no-lazy=\"1\" \/>\t\t\t\t\t\n\t\t\t\t\t\t<img decoding=\"async\" src=\"https:\/\/comaea.com\/wp-content\/uploads\/2024\/04\/client-logos-uk.png-0018.png\" alt=\"https:\/\/comaea.com\/wp-content\/uploads\/2024\/04\/client-logos-uk.png-0018.png\" data-no-lazy=\"1\" \/>\t\t\t\t\t\n\t\t\t\t\t\t<img decoding=\"async\" src=\"https:\/\/comaea.com\/wp-content\/uploads\/2024\/04\/client-logos-uk.png-019.png\" alt=\"https:\/\/comaea.com\/wp-content\/uploads\/2024\/04\/client-logos-uk.png-019.png\" data-no-lazy=\"1\" \/>\t\t\t\t\t\n\t\t\t\t\t\t<img decoding=\"async\" src=\"https:\/\/comaea.com\/wp-content\/uploads\/2024\/04\/client-logos-sweden.png-010.png\" alt=\"https:\/\/comaea.com\/wp-content\/uploads\/2024\/04\/client-logos-sweden.png-010.png\" data-no-lazy=\"1\" \/>\t\t\t\t\t\n\t\t\t\t\t\t<img decoding=\"async\" src=\"https:\/\/comaea.com\/wp-content\/uploads\/2024\/04\/client-logos-middle-east-0008.png\" alt=\"https:\/\/comaea.com\/wp-content\/uploads\/2024\/04\/client-logos-middle-east-0008.png\" data-no-lazy=\"1\" \/>\t\t\t\t\t\n\t\t\t\t\t\t<img decoding=\"async\" src=\"https:\/\/comaea.com\/wp-content\/uploads\/2024\/04\/client-logos-uk.png-20.png\" alt=\"https:\/\/comaea.com\/wp-content\/uploads\/2024\/04\/client-logos-uk.png-20.png\" data-no-lazy=\"1\" \/>\t\t\t\t\t\n\t\t\t\t\t\t<img decoding=\"async\" src=\"https:\/\/comaea.com\/wp-content\/uploads\/2024\/04\/client-logos-sweden.png-11.png\" alt=\"https:\/\/comaea.com\/wp-content\/uploads\/2024\/04\/client-logos-sweden.png-11.png\" data-no-lazy=\"1\" \/>\t\t\t\t\t\n\t\t\t\t\t\t<img decoding=\"async\" src=\"https:\/\/comaea.com\/wp-content\/uploads\/2024\/04\/client-logos-sweden.png-00012.png\" alt=\"https:\/\/comaea.com\/wp-content\/uploads\/2024\/04\/client-logos-sweden.png-00012.png\" data-no-lazy=\"1\" \/>\t\t\t\t\t\n\t\t\t<button>Next<\/button>\n\t\t<button>Previous<\/button>\n\t\t\t\t\t\t<img decoding=\"async\" src=\"https:\/\/comaea.com\/wp-content\/uploads\/2025\/04\/UK_Space_Agency_logo.svg.png\" alt=\"https:\/\/comaea.com\/wp-content\/uploads\/2025\/04\/UK_Space_Agency_logo.svg.png\" data-no-lazy=\"1\" \/>\t\t\t\t\t\n\t\t\t\t\t\t<img decoding=\"async\" src=\"https:\/\/comaea.com\/wp-content\/uploads\/2025\/04\/Small_UK_Atomic_Energy_Authority_logo.png\" alt=\"https:\/\/comaea.com\/wp-content\/uploads\/2025\/04\/Small_UK_Atomic_Energy_Authority_logo.png\" data-no-lazy=\"1\" \/>\t\t\t\t\t\n\t\t\t\t\t\t<img decoding=\"async\" src=\"https:\/\/comaea.com\/wp-content\/uploads\/2025\/04\/NISTA_Stacked-840x475-1.png\" alt=\"https:\/\/comaea.com\/wp-content\/uploads\/2025\/04\/NISTA_Stacked-840x475-1.png\" data-no-lazy=\"1\" \/>\t\t\t\t\t\n\t\t\t\t\t\t<img decoding=\"async\" src=\"https:\/\/comaea.com\/wp-content\/uploads\/2024\/04\/client-logos-uk.png-1.png\" alt=\"https:\/\/comaea.com\/wp-content\/uploads\/2024\/04\/client-logos-uk.png-1.png\" data-no-lazy=\"1\" \/>\t\t\t\t\t\n\t\t\t\t\t\t<img decoding=\"async\" src=\"https:\/\/comaea.com\/wp-content\/uploads\/2024\/04\/client-logos-uk.png-3.png\" alt=\"https:\/\/comaea.com\/wp-content\/uploads\/2024\/04\/client-logos-uk.png-3.png\" data-no-lazy=\"1\" \/>\t\t\t\t\t\n\t\t\t\t\t\t<img decoding=\"async\" src=\"https:\/\/comaea.com\/wp-content\/uploads\/2024\/04\/client-logos-sweden.png-0001.png\" alt=\"https:\/\/comaea.com\/wp-content\/uploads\/2024\/04\/client-logos-sweden.png-0001.png\" data-no-lazy=\"1\" \/>\t\t\t\t\t\n\t\t\t\t\t\t<img decoding=\"async\" src=\"https:\/\/comaea.com\/wp-content\/uploads\/2024\/04\/client-logos-middle-east.png-1.png\" alt=\"https:\/\/comaea.com\/wp-content\/uploads\/2024\/04\/client-logos-middle-east.png-1.png\" data-no-lazy=\"1\" \/>\t\t\t\t\t\n\t\t\t\t\t\t<img decoding=\"async\" src=\"https:\/\/comaea.com\/wp-content\/uploads\/2024\/04\/client-logos-uk.png-004.png\" alt=\"https:\/\/comaea.com\/wp-content\/uploads\/2024\/04\/client-logos-uk.png-004.png\" data-no-lazy=\"1\" \/>\t\t\t\t\t\n\t\t\t\t\t\t<img decoding=\"async\" src=\"https:\/\/comaea.com\/wp-content\/uploads\/2024\/04\/client-logos-uk.png-5.png\" alt=\"https:\/\/comaea.com\/wp-content\/uploads\/2024\/04\/client-logos-uk.png-5.png\" data-no-lazy=\"1\" \/>\t\t\t\t\t\n\t\t\t\t\t\t<img decoding=\"async\" src=\"https:\/\/comaea.com\/wp-content\/uploads\/2024\/04\/client-logos-sweden.png-2.png\" alt=\"https:\/\/comaea.com\/wp-content\/uploads\/2024\/04\/client-logos-sweden.png-2.png\" data-no-lazy=\"1\" \/>\t\t\t\t\t\n\t\t\t\t\t\t<img decoding=\"async\" src=\"https:\/\/comaea.com\/wp-content\/uploads\/2024\/04\/client-logos-middle-east.png-2.png\" alt=\"https:\/\/comaea.com\/wp-content\/uploads\/2024\/04\/client-logos-middle-east.png-2.png\" data-no-lazy=\"1\" \/>\t\t\t\t\t\n\t\t\t\t\t\t<img decoding=\"async\" src=\"https:\/\/comaea.com\/wp-content\/uploads\/2024\/04\/client-logos-uk.png-006.png\" alt=\"https:\/\/comaea.com\/wp-content\/uploads\/2024\/04\/client-logos-uk.png-006.png\" data-no-lazy=\"1\" \/>\t\t\t\t\t\n\t\t\t\t\t\t<img decoding=\"async\" src=\"https:\/\/comaea.com\/wp-content\/uploads\/2024\/04\/client-logos-uk.png-0007.png\" alt=\"https:\/\/comaea.com\/wp-content\/uploads\/2024\/04\/client-logos-uk.png-0007.png\" data-no-lazy=\"1\" \/>\t\t\t\t\t\n\t\t\t\t\t\t<img decoding=\"async\" src=\"https:\/\/comaea.com\/wp-content\/uploads\/2024\/04\/client-logos-sweden.png-3.png\" alt=\"https:\/\/comaea.com\/wp-content\/uploads\/2024\/04\/client-logos-sweden.png-3.png\" data-no-lazy=\"1\" \/>\t\t\t\t\t\n\t\t\t\t\t\t<img decoding=\"async\" src=\"https:\/\/comaea.com\/wp-content\/uploads\/2024\/04\/client-logos-middle-east.png-3.png\" alt=\"https:\/\/comaea.com\/wp-content\/uploads\/2024\/04\/client-logos-middle-east.png-3.png\" data-no-lazy=\"1\" \/>\t\t\t\t\t\n\t\t\t\t\t\t<img decoding=\"async\" src=\"https:\/\/comaea.com\/wp-content\/uploads\/2024\/04\/client-logos-uk.png-8.png\" alt=\"https:\/\/comaea.com\/wp-content\/uploads\/2024\/04\/client-logos-uk.png-8.png\" data-no-lazy=\"1\" \/>\t\t\t\t\t\n\t\t\t\t\t\t<img decoding=\"async\" src=\"https:\/\/comaea.com\/wp-content\/uploads\/2024\/04\/client-logos-uk.png-9.png\" alt=\"https:\/\/comaea.com\/wp-content\/uploads\/2024\/04\/client-logos-uk.png-9.png\" data-no-lazy=\"1\" \/>\t\t\t\t\t\n\t\t\t\t\t\t<img decoding=\"async\" src=\"https:\/\/comaea.com\/wp-content\/uploads\/2024\/04\/client-logos-sweden.png-004.png\" alt=\"https:\/\/comaea.com\/wp-content\/uploads\/2024\/04\/client-logos-sweden.png-004.png\" data-no-lazy=\"1\" \/>\t\t\t\t\t\n\t\t\t\t\t\t<img decoding=\"async\" src=\"https:\/\/comaea.com\/wp-content\/uploads\/2024\/04\/client-logos-middle-east.png-004.png\" alt=\"https:\/\/comaea.com\/wp-content\/uploads\/2024\/04\/client-logos-middle-east.png-004.png\" data-no-lazy=\"1\" \/>\t\t\t\t\t\n\t\t\t\t\t\t<img decoding=\"async\" src=\"https:\/\/comaea.com\/wp-content\/uploads\/2024\/04\/client-logos-uk.png-00010.png\" alt=\"https:\/\/comaea.com\/wp-content\/uploads\/2024\/04\/client-logos-uk.png-00010.png\" data-no-lazy=\"1\" \/>\t\t\t\t\t\n\t\t\t\t\t\t<img decoding=\"async\" src=\"https:\/\/comaea.com\/wp-content\/uploads\/2024\/04\/client-logos-uk.png-11.png\" alt=\"https:\/\/comaea.com\/wp-content\/uploads\/2024\/04\/client-logos-uk.png-11.png\" data-no-lazy=\"1\" \/>\t\t\t\t\t\n\t\t\t\t\t\t<img decoding=\"async\" src=\"https:\/\/comaea.com\/wp-content\/uploads\/2024\/04\/client-logos-sweden.png-5.png\" alt=\"https:\/\/comaea.com\/wp-content\/uploads\/2024\/04\/client-logos-sweden.png-5.png\" data-no-lazy=\"1\" \/>\t\t\t\t\t\n\t\t\t\t\t\t<img decoding=\"async\" src=\"https:\/\/comaea.com\/wp-content\/uploads\/2024\/04\/client-logos-sweden.png-6.png\" alt=\"https:\/\/comaea.com\/wp-content\/uploads\/2024\/04\/client-logos-sweden.png-6.png\" data-no-lazy=\"1\" \/>\t\t\t\t\t\n\t\t\t<button>Next<\/button>\n\t\t<button>Previous<\/button>\n\n","protected":false},"excerpt":{"rendered":"<p>Framtidss\u00e4krar organisationer genom deras m\u00e4nniskor P\u00e5 en f\u00f6r\u00e4nderlig talangmarknad med snabbt skiftande globala krav beh\u00f6ver organisationer \u00e4ndra sitt syns\u00e4tt fr\u00e5n traditionella &#8221;roller&#8221; till &#8221;kompetensupps\u00e4ttningar&#8221; som kan hj\u00e4lpa dem att uppn\u00e5 sina framtida f\u00f6rm\u00e5gor. Det \u00e4r h\u00e4r kompetenshantering kan g\u00f6ra skillnad &#8211; v\u00e5rt f\u00f6rstklassiga HCM-system hj\u00e4lper till att automatisera hanteringen av ditt humankapital, s\u00e5 att du&hellip;<\/p>\n","protected":false},"author":1,"featured_media":0,"parent":0,"menu_order":0,"comment_status":"closed","ping_status":"closed","template":"","meta":{"_monsterinsights_skip_tracking":false,"_monsterinsights_sitenote_active":false,"_monsterinsights_sitenote_note":"","_monsterinsights_sitenote_category":0,"footnotes":""},"class_list":["post-2086","page","type-page","status-publish","hentry"],"yoast_head":"<!-- This site is optimized with the Yoast SEO plugin v27.3 - https:\/\/yoast.com\/product\/yoast-seo-wordpress\/ -->\n<title>Comaea Plattformen | Comaea<\/title>\n<meta name=\"description\" content=\"Utforska Comaeas plattform f\u00f6r kompetenshantering.\" \/>\n<meta name=\"robots\" content=\"index, follow, max-snippet:-1, max-image-preview:large, max-video-preview:-1\" \/>\n<link rel=\"canonical\" href=\"https:\/\/comaea.com\/sv\/var-plattform\/\" \/>\n<meta property=\"og:locale\" content=\"sv_SE\" \/>\n<meta property=\"og:type\" content=\"article\" \/>\n<meta property=\"og:title\" content=\"Comaea Plattformen | Comaea\" \/>\n<meta property=\"og:description\" content=\"Utforska Comaeas plattform f\u00f6r kompetenshantering.\" \/>\n<meta property=\"og:url\" content=\"https:\/\/comaea.com\/sv\/var-plattform\/\" \/>\n<meta property=\"og:site_name\" content=\"comaea | competency management software | competency made easy | united kingdom\" \/>\n<meta property=\"article:modified_time\" content=\"2026-01-08T23:16:24+00:00\" \/>\n<meta property=\"og:image\" content=\"https:\/\/comaea.com\/wp-content\/uploads\/2024\/12\/Click-Icon-02.png\" \/>\n<meta name=\"twitter:card\" content=\"summary_large_image\" \/>\n<meta name=\"twitter:label1\" content=\"Ber\u00e4knad l\u00e4stid\" \/>\n\t<meta name=\"twitter:data1\" content=\"22 minuter\" \/>\n<script type=\"application\/ld+json\" class=\"yoast-schema-graph\">{\"@context\":\"https:\\\/\\\/schema.org\",\"@graph\":[{\"@type\":\"WebPage\",\"@id\":\"https:\\\/\\\/comaea.com\\\/sv\\\/var-plattform\\\/\",\"url\":\"https:\\\/\\\/comaea.com\\\/sv\\\/var-plattform\\\/\",\"name\":\"Comaea Plattformen | Comaea\",\"isPartOf\":{\"@id\":\"https:\\\/\\\/comaea.com\\\/sv\\\/#website\"},\"primaryImageOfPage\":{\"@id\":\"https:\\\/\\\/comaea.com\\\/sv\\\/var-plattform\\\/#primaryimage\"},\"image\":{\"@id\":\"https:\\\/\\\/comaea.com\\\/sv\\\/var-plattform\\\/#primaryimage\"},\"thumbnailUrl\":\"https:\\\/\\\/comaea.com\\\/wp-content\\\/uploads\\\/2024\\\/12\\\/Click-Icon-02.png\",\"datePublished\":\"2024-01-05T14:51:17+00:00\",\"dateModified\":\"2026-01-08T23:16:24+00:00\",\"description\":\"Utforska Comaeas plattform f\u00f6r kompetenshantering.\",\"breadcrumb\":{\"@id\":\"https:\\\/\\\/comaea.com\\\/sv\\\/var-plattform\\\/#breadcrumb\"},\"inLanguage\":\"sv-SE\",\"potentialAction\":[{\"@type\":\"ReadAction\",\"target\":[\"https:\\\/\\\/comaea.com\\\/sv\\\/var-plattform\\\/\"]}]},{\"@type\":\"ImageObject\",\"inLanguage\":\"sv-SE\",\"@id\":\"https:\\\/\\\/comaea.com\\\/sv\\\/var-plattform\\\/#primaryimage\",\"url\":\"https:\\\/\\\/comaea.com\\\/wp-content\\\/uploads\\\/2024\\\/12\\\/Click-Icon-02.png\",\"contentUrl\":\"https:\\\/\\\/comaea.com\\\/wp-content\\\/uploads\\\/2024\\\/12\\\/Click-Icon-02.png\"},{\"@type\":\"BreadcrumbList\",\"@id\":\"https:\\\/\\\/comaea.com\\\/sv\\\/var-plattform\\\/#breadcrumb\",\"itemListElement\":[{\"@type\":\"ListItem\",\"position\":1,\"name\":\"Home\",\"item\":\"https:\\\/\\\/comaea.com\\\/sv\\\/\"},{\"@type\":\"ListItem\",\"position\":2,\"name\":\"V\u00e5r plattform\"}]},{\"@type\":\"WebSite\",\"@id\":\"https:\\\/\\\/comaea.com\\\/sv\\\/#website\",\"url\":\"https:\\\/\\\/comaea.com\\\/sv\\\/\",\"name\":\"comaea | competency management software | competency made easy | united kingdom\",\"description\":\"\",\"potentialAction\":[{\"@type\":\"SearchAction\",\"target\":{\"@type\":\"EntryPoint\",\"urlTemplate\":\"https:\\\/\\\/comaea.com\\\/sv\\\/?s={search_term_string}\"},\"query-input\":{\"@type\":\"PropertyValueSpecification\",\"valueRequired\":true,\"valueName\":\"search_term_string\"}}],\"inLanguage\":\"sv-SE\"}]}<\/script>\n<!-- \/ Yoast SEO plugin. -->","yoast_head_json":{"title":"Comaea Plattformen | Comaea","description":"Utforska Comaeas plattform f\u00f6r kompetenshantering.","robots":{"index":"index","follow":"follow","max-snippet":"max-snippet:-1","max-image-preview":"max-image-preview:large","max-video-preview":"max-video-preview:-1"},"canonical":"https:\/\/comaea.com\/sv\/var-plattform\/","og_locale":"sv_SE","og_type":"article","og_title":"Comaea Plattformen | Comaea","og_description":"Utforska Comaeas plattform f\u00f6r kompetenshantering.","og_url":"https:\/\/comaea.com\/sv\/var-plattform\/","og_site_name":"comaea | competency management software | competency made easy | united kingdom","article_modified_time":"2026-01-08T23:16:24+00:00","og_image":[{"url":"https:\/\/comaea.com\/wp-content\/uploads\/2024\/12\/Click-Icon-02.png","type":"","width":"","height":""}],"twitter_card":"summary_large_image","twitter_misc":{"Ber\u00e4knad l\u00e4stid":"22 minuter"},"schema":{"@context":"https:\/\/schema.org","@graph":[{"@type":"WebPage","@id":"https:\/\/comaea.com\/sv\/var-plattform\/","url":"https:\/\/comaea.com\/sv\/var-plattform\/","name":"Comaea Plattformen | Comaea","isPartOf":{"@id":"https:\/\/comaea.com\/sv\/#website"},"primaryImageOfPage":{"@id":"https:\/\/comaea.com\/sv\/var-plattform\/#primaryimage"},"image":{"@id":"https:\/\/comaea.com\/sv\/var-plattform\/#primaryimage"},"thumbnailUrl":"https:\/\/comaea.com\/wp-content\/uploads\/2024\/12\/Click-Icon-02.png","datePublished":"2024-01-05T14:51:17+00:00","dateModified":"2026-01-08T23:16:24+00:00","description":"Utforska Comaeas plattform f\u00f6r kompetenshantering.","breadcrumb":{"@id":"https:\/\/comaea.com\/sv\/var-plattform\/#breadcrumb"},"inLanguage":"sv-SE","potentialAction":[{"@type":"ReadAction","target":["https:\/\/comaea.com\/sv\/var-plattform\/"]}]},{"@type":"ImageObject","inLanguage":"sv-SE","@id":"https:\/\/comaea.com\/sv\/var-plattform\/#primaryimage","url":"https:\/\/comaea.com\/wp-content\/uploads\/2024\/12\/Click-Icon-02.png","contentUrl":"https:\/\/comaea.com\/wp-content\/uploads\/2024\/12\/Click-Icon-02.png"},{"@type":"BreadcrumbList","@id":"https:\/\/comaea.com\/sv\/var-plattform\/#breadcrumb","itemListElement":[{"@type":"ListItem","position":1,"name":"Home","item":"https:\/\/comaea.com\/sv\/"},{"@type":"ListItem","position":2,"name":"V\u00e5r plattform"}]},{"@type":"WebSite","@id":"https:\/\/comaea.com\/sv\/#website","url":"https:\/\/comaea.com\/sv\/","name":"comaea | competency management software | competency made easy | united kingdom","description":"","potentialAction":[{"@type":"SearchAction","target":{"@type":"EntryPoint","urlTemplate":"https:\/\/comaea.com\/sv\/?s={search_term_string}"},"query-input":{"@type":"PropertyValueSpecification","valueRequired":true,"valueName":"search_term_string"}}],"inLanguage":"sv-SE"}]}},"_links":{"self":[{"href":"https:\/\/comaea.com\/sv\/wp-json\/wp\/v2\/pages\/2086","targetHints":{"allow":["GET"]}}],"collection":[{"href":"https:\/\/comaea.com\/sv\/wp-json\/wp\/v2\/pages"}],"about":[{"href":"https:\/\/comaea.com\/sv\/wp-json\/wp\/v2\/types\/page"}],"author":[{"embeddable":true,"href":"https:\/\/comaea.com\/sv\/wp-json\/wp\/v2\/users\/1"}],"replies":[{"embeddable":true,"href":"https:\/\/comaea.com\/sv\/wp-json\/wp\/v2\/comments?post=2086"}],"version-history":[{"count":6,"href":"https:\/\/comaea.com\/sv\/wp-json\/wp\/v2\/pages\/2086\/revisions"}],"predecessor-version":[{"id":2175,"href":"https:\/\/comaea.com\/sv\/wp-json\/wp\/v2\/pages\/2086\/revisions\/2175"}],"wp:attachment":[{"href":"https:\/\/comaea.com\/sv\/wp-json\/wp\/v2\/media?parent=2086"}],"curies":[{"name":"wp","href":"https:\/\/api.w.org\/{rel}","templated":true}]}}