{"id":2082,"date":"2024-12-04T14:13:15","date_gmt":"2024-12-04T14:13:15","guid":{"rendered":"https:\/\/comaea.com\/?page_id=2082"},"modified":"2026-01-08T23:15:13","modified_gmt":"2026-01-08T23:15:13","slug":"vara-partners","status":"publish","type":"page","link":"https:\/\/comaea.com\/sv\/vara-partners\/","title":{"rendered":"V\u00e5ra partners"},"content":{"rendered":"\n<h1>\n\t\t\tV\u00e5rt partnerprogram\t<\/h1>\n\tSamarbeta med comaea genom v\u00e5rt partnerprogram och bli en del av ett omfattande och st\u00f6djande n\u00e4tverk, med m\u00f6jligheter att utveckla ditt f\u00f6retag &#8211; oavsett bransch eller roll.\nDu f\u00e5r tillg\u00e5ng till v\u00e4rdefulla s\u00e4ljresurser, marknadsf\u00f6ringsst\u00f6d, teknisk utbildning och &#8211; viktigast av allt &#8211; de tj\u00e4nster som dina kunder s\u00f6ker p\u00e5 en st\u00e4ndigt f\u00f6r\u00e4nderlig marknad.\n\t\t\t<a href=\"https:\/\/comaea.com\/sv\/begar-en-demo\/\" target=\"_self\">\n\t\t\t\t\t\t\tBeg\u00e4r en demo\n\t\t\t\t\t<\/a>\n<h1>\n\t\t\tImplementeringspartners\t<\/h1>\n\t\t\t\t<img decoding=\"async\" src=\"https:\/\/comaea.com\/wp-content\/uploads\/2025\/07\/PIQC-Informatics.png\" alt=\"PIQC Informatics\" itemprop=\"image\" height=\"333\" width=\"1814\" title=\"PIQC Informatics\" onerror=\"this.style.display='none'\" loading=\"lazy\" \/>\n\t\t\t\t<img decoding=\"async\" src=\"https:\/\/comaea.com\/wp-content\/uploads\/2025\/07\/KPMG.png\" alt=\"KPMG\" itemprop=\"image\" height=\"248\" width=\"588\" title=\"KPMG\" onerror=\"this.style.display='none'\" loading=\"lazy\" \/>\n\t\t\t\t<img decoding=\"async\" src=\"https:\/\/comaea.com\/wp-content\/uploads\/2025\/07\/Deloitte.png\" alt=\"Deloitte\" itemprop=\"image\" height=\"140\" width=\"612\" title=\"Deloitte\" onerror=\"this.style.display='none'\" loading=\"lazy\" \/>\n\t\t\t\t<img decoding=\"async\" src=\"https:\/\/comaea.com\/wp-content\/uploads\/2025\/07\/United-Eastern-Tech-Management-Training.png\" alt=\"United Eastern Tech Management Training\" itemprop=\"image\" height=\"192\" width=\"700\" title=\"United Eastern Tech Management Training\" onerror=\"this.style.display='none'\" loading=\"lazy\" \/>\n\t\t\t\t<img decoding=\"async\" src=\"https:\/\/comaea.com\/wp-content\/uploads\/2025\/07\/Strengthscape.png\" alt=\"Strengthscape\" itemprop=\"image\" height=\"190\" width=\"726\" title=\"Strengthscape\" onerror=\"this.style.display='none'\" loading=\"lazy\" \/>\n\t\t\t\t<img decoding=\"async\" src=\"https:\/\/comaea.com\/wp-content\/uploads\/2025\/07\/EY.png\" alt=\"EY\" itemprop=\"image\" height=\"484\" width=\"424\" title=\"EY\" onerror=\"this.style.display='none'\" loading=\"lazy\" \/>\n<h1>\n\t\t\tIntegrationspartners\t<\/h1>\n\t\t\t\t<img decoding=\"async\" src=\"https:\/\/comaea.com\/wp-content\/uploads\/2024\/03\/Screenshot-2024-03-15-at-12.37.40-pm.png\" alt=\"Screenshot 2024-03-15 at 12.37.40 pm\" itemprop=\"image\" height=\"384\" width=\"1584\" title=\"Screenshot 2024-03-15 at 12.37.40 pm\" onerror=\"this.style.display='none'\" loading=\"lazy\" \/>\n\n","protected":false},"excerpt":{"rendered":"<p>V\u00e5rt partnerprogram Samarbeta med comaea genom v\u00e5rt partnerprogram och bli en del av ett omfattande och st\u00f6djande n\u00e4tverk, med m\u00f6jligheter att utveckla ditt f\u00f6retag &#8211; oavsett bransch eller roll. Du f\u00e5r tillg\u00e5ng till v\u00e4rdefulla s\u00e4ljresurser, marknadsf\u00f6ringsst\u00f6d, teknisk utbildning och &#8211; viktigast av allt &#8211; de tj\u00e4nster som dina kunder s\u00f6ker p\u00e5 en st\u00e4ndigt f\u00f6r\u00e4nderlig marknad.&hellip;<\/p>\n","protected":false},"author":1,"featured_media":0,"parent":0,"menu_order":0,"comment_status":"closed","ping_status":"closed","template":"","meta":{"_monsterinsights_skip_tracking":false,"_monsterinsights_sitenote_active":false,"_monsterinsights_sitenote_note":"","_monsterinsights_sitenote_category":0,"footnotes":""},"class_list":["post-2082","page","type-page","status-publish","hentry"],"yoast_head":"<!-- This site is optimized with the Yoast SEO plugin v27.3 - https:\/\/yoast.com\/product\/yoast-seo-wordpress\/ -->\n<title>V\u00e5ra Partners | Comaea<\/title>\n<meta name=\"description\" content=\"L\u00e4s mer om Comaeas partners och samarbeten.\" \/>\n<meta name=\"robots\" content=\"index, follow, max-snippet:-1, max-image-preview:large, max-video-preview:-1\" \/>\n<link rel=\"canonical\" href=\"https:\/\/comaea.com\/sv\/vara-partners\/\" \/>\n<meta property=\"og:locale\" content=\"sv_SE\" \/>\n<meta property=\"og:type\" content=\"article\" \/>\n<meta property=\"og:title\" content=\"V\u00e5ra Partners | Comaea\" \/>\n<meta property=\"og:description\" content=\"L\u00e4s mer om Comaeas partners och samarbeten.\" \/>\n<meta property=\"og:url\" content=\"https:\/\/comaea.com\/sv\/vara-partners\/\" \/>\n<meta property=\"og:site_name\" content=\"comaea | competency management software | competency made easy | united kingdom\" \/>\n<meta property=\"article:modified_time\" content=\"2026-01-08T23:15:13+00:00\" \/>\n<meta property=\"og:image\" content=\"https:\/\/comaea.com\/wp-content\/uploads\/2025\/07\/PIQC-Informatics.png\" \/>\n<meta name=\"twitter:card\" content=\"summary_large_image\" \/>\n<meta name=\"twitter:label1\" content=\"Ber\u00e4knad l\u00e4stid\" \/>\n\t<meta name=\"twitter:data1\" content=\"6 minuter\" \/>\n<script type=\"application\/ld+json\" class=\"yoast-schema-graph\">{\"@context\":\"https:\\\/\\\/schema.org\",\"@graph\":[{\"@type\":\"WebPage\",\"@id\":\"https:\\\/\\\/comaea.com\\\/sv\\\/vara-partners\\\/\",\"url\":\"https:\\\/\\\/comaea.com\\\/sv\\\/vara-partners\\\/\",\"name\":\"V\u00e5ra Partners | Comaea\",\"isPartOf\":{\"@id\":\"https:\\\/\\\/comaea.com\\\/sv\\\/#website\"},\"primaryImageOfPage\":{\"@id\":\"https:\\\/\\\/comaea.com\\\/sv\\\/vara-partners\\\/#primaryimage\"},\"image\":{\"@id\":\"https:\\\/\\\/comaea.com\\\/sv\\\/vara-partners\\\/#primaryimage\"},\"thumbnailUrl\":\"https:\\\/\\\/comaea.com\\\/wp-content\\\/uploads\\\/2025\\\/07\\\/PIQC-Informatics.png\",\"datePublished\":\"2024-12-04T14:13:15+00:00\",\"dateModified\":\"2026-01-08T23:15:13+00:00\",\"description\":\"L\u00e4s mer om Comaeas partners och samarbeten.\",\"breadcrumb\":{\"@id\":\"https:\\\/\\\/comaea.com\\\/sv\\\/vara-partners\\\/#breadcrumb\"},\"inLanguage\":\"sv-SE\",\"potentialAction\":[{\"@type\":\"ReadAction\",\"target\":[\"https:\\\/\\\/comaea.com\\\/sv\\\/vara-partners\\\/\"]}]},{\"@type\":\"ImageObject\",\"inLanguage\":\"sv-SE\",\"@id\":\"https:\\\/\\\/comaea.com\\\/sv\\\/vara-partners\\\/#primaryimage\",\"url\":\"https:\\\/\\\/comaea.com\\\/wp-content\\\/uploads\\\/2025\\\/07\\\/PIQC-Informatics.png\",\"contentUrl\":\"https:\\\/\\\/comaea.com\\\/wp-content\\\/uploads\\\/2025\\\/07\\\/PIQC-Informatics.png\"},{\"@type\":\"BreadcrumbList\",\"@id\":\"https:\\\/\\\/comaea.com\\\/sv\\\/vara-partners\\\/#breadcrumb\",\"itemListElement\":[{\"@type\":\"ListItem\",\"position\":1,\"name\":\"Home\",\"item\":\"https:\\\/\\\/comaea.com\\\/sv\\\/\"},{\"@type\":\"ListItem\",\"position\":2,\"name\":\"V\u00e5ra partners\"}]},{\"@type\":\"WebSite\",\"@id\":\"https:\\\/\\\/comaea.com\\\/sv\\\/#website\",\"url\":\"https:\\\/\\\/comaea.com\\\/sv\\\/\",\"name\":\"comaea | competency management software | competency made easy | united kingdom\",\"description\":\"\",\"potentialAction\":[{\"@type\":\"SearchAction\",\"target\":{\"@type\":\"EntryPoint\",\"urlTemplate\":\"https:\\\/\\\/comaea.com\\\/sv\\\/?s={search_term_string}\"},\"query-input\":{\"@type\":\"PropertyValueSpecification\",\"valueRequired\":true,\"valueName\":\"search_term_string\"}}],\"inLanguage\":\"sv-SE\"}]}<\/script>\n<!-- \/ Yoast SEO plugin. -->","yoast_head_json":{"title":"V\u00e5ra Partners | Comaea","description":"L\u00e4s mer om Comaeas partners och samarbeten.","robots":{"index":"index","follow":"follow","max-snippet":"max-snippet:-1","max-image-preview":"max-image-preview:large","max-video-preview":"max-video-preview:-1"},"canonical":"https:\/\/comaea.com\/sv\/vara-partners\/","og_locale":"sv_SE","og_type":"article","og_title":"V\u00e5ra Partners | Comaea","og_description":"L\u00e4s mer om Comaeas partners och samarbeten.","og_url":"https:\/\/comaea.com\/sv\/vara-partners\/","og_site_name":"comaea | competency management software | competency made easy | united kingdom","article_modified_time":"2026-01-08T23:15:13+00:00","og_image":[{"url":"https:\/\/comaea.com\/wp-content\/uploads\/2025\/07\/PIQC-Informatics.png","type":"","width":"","height":""}],"twitter_card":"summary_large_image","twitter_misc":{"Ber\u00e4knad l\u00e4stid":"6 minuter"},"schema":{"@context":"https:\/\/schema.org","@graph":[{"@type":"WebPage","@id":"https:\/\/comaea.com\/sv\/vara-partners\/","url":"https:\/\/comaea.com\/sv\/vara-partners\/","name":"V\u00e5ra Partners | Comaea","isPartOf":{"@id":"https:\/\/comaea.com\/sv\/#website"},"primaryImageOfPage":{"@id":"https:\/\/comaea.com\/sv\/vara-partners\/#primaryimage"},"image":{"@id":"https:\/\/comaea.com\/sv\/vara-partners\/#primaryimage"},"thumbnailUrl":"https:\/\/comaea.com\/wp-content\/uploads\/2025\/07\/PIQC-Informatics.png","datePublished":"2024-12-04T14:13:15+00:00","dateModified":"2026-01-08T23:15:13+00:00","description":"L\u00e4s mer om Comaeas partners och samarbeten.","breadcrumb":{"@id":"https:\/\/comaea.com\/sv\/vara-partners\/#breadcrumb"},"inLanguage":"sv-SE","potentialAction":[{"@type":"ReadAction","target":["https:\/\/comaea.com\/sv\/vara-partners\/"]}]},{"@type":"ImageObject","inLanguage":"sv-SE","@id":"https:\/\/comaea.com\/sv\/vara-partners\/#primaryimage","url":"https:\/\/comaea.com\/wp-content\/uploads\/2025\/07\/PIQC-Informatics.png","contentUrl":"https:\/\/comaea.com\/wp-content\/uploads\/2025\/07\/PIQC-Informatics.png"},{"@type":"BreadcrumbList","@id":"https:\/\/comaea.com\/sv\/vara-partners\/#breadcrumb","itemListElement":[{"@type":"ListItem","position":1,"name":"Home","item":"https:\/\/comaea.com\/sv\/"},{"@type":"ListItem","position":2,"name":"V\u00e5ra partners"}]},{"@type":"WebSite","@id":"https:\/\/comaea.com\/sv\/#website","url":"https:\/\/comaea.com\/sv\/","name":"comaea | competency management software | competency made easy | united kingdom","description":"","potentialAction":[{"@type":"SearchAction","target":{"@type":"EntryPoint","urlTemplate":"https:\/\/comaea.com\/sv\/?s={search_term_string}"},"query-input":{"@type":"PropertyValueSpecification","valueRequired":true,"valueName":"search_term_string"}}],"inLanguage":"sv-SE"}]}},"_links":{"self":[{"href":"https:\/\/comaea.com\/sv\/wp-json\/wp\/v2\/pages\/2082","targetHints":{"allow":["GET"]}}],"collection":[{"href":"https:\/\/comaea.com\/sv\/wp-json\/wp\/v2\/pages"}],"about":[{"href":"https:\/\/comaea.com\/sv\/wp-json\/wp\/v2\/types\/page"}],"author":[{"embeddable":true,"href":"https:\/\/comaea.com\/sv\/wp-json\/wp\/v2\/users\/1"}],"replies":[{"embeddable":true,"href":"https:\/\/comaea.com\/sv\/wp-json\/wp\/v2\/comments?post=2082"}],"version-history":[{"count":3,"href":"https:\/\/comaea.com\/sv\/wp-json\/wp\/v2\/pages\/2082\/revisions"}],"predecessor-version":[{"id":2139,"href":"https:\/\/comaea.com\/sv\/wp-json\/wp\/v2\/pages\/2082\/revisions\/2139"}],"wp:attachment":[{"href":"https:\/\/comaea.com\/sv\/wp-json\/wp\/v2\/media?parent=2082"}],"curies":[{"name":"wp","href":"https:\/\/api.w.org\/{rel}","templated":true}]}}