{"id":2075,"date":"2024-12-04T14:13:15","date_gmt":"2024-12-04T14:13:15","guid":{"rendered":"https:\/\/comaea.com\/?page_id=2075"},"modified":"2026-01-08T23:14:40","modified_gmt":"2026-01-08T23:14:40","slug":"vara-kunder","status":"publish","type":"page","link":"https:\/\/comaea.com\/sv\/vara-kunder\/","title":{"rendered":"V\u00e5ra kunder"},"content":{"rendered":"\n<h1  data-animation-delay=\"0\" data-animation-duration=\"1\">\n\t\t\tN\u00e5gra av v\u00e5ra v\u00e4rdefulla kunder\t<\/h1>\n\t\t\t\t\t\t<img decoding=\"async\" src=\"https:\/\/comaea.com\/wp-content\/uploads\/2025\/04\/UK_Space_Agency_logo.svg.png\" alt=\"\" data-no-lazy=\"1\" \/>\t\t\t\t\t\n\t\t\t\t\t\t<img decoding=\"async\" src=\"https:\/\/comaea.com\/wp-content\/uploads\/2025\/04\/NISTA_Stacked-840x475-1.png\" alt=\"\" data-no-lazy=\"1\" \/>\t\t\t\t\t\n\t\t\t\t\t\t<img decoding=\"async\" src=\"https:\/\/comaea.com\/wp-content\/uploads\/2025\/04\/Small_UK_Atomic_Energy_Authority_logo.png\" alt=\"\" data-no-lazy=\"1\" \/>\t\t\t\t\t\n\t\t\t\t\t\t<img decoding=\"async\" src=\"https:\/\/comaea.com\/wp-content\/uploads\/2025\/04\/Metropolitan_Police_Service_logo.svg_.png\" alt=\"\" data-no-lazy=\"1\" \/>\t\t\t\t\t\n\t\t\t\t\t\t<img decoding=\"async\" src=\"https:\/\/comaea.com\/wp-content\/uploads\/2024\/04\/client-logos-middle-east.png-004.png\" alt=\"\" data-no-lazy=\"1\" \/>\t\t\t\t\t\n\t\t\t\t\t\t<img decoding=\"async\" src=\"https:\/\/comaea.com\/wp-content\/uploads\/2024\/04\/client-logos-uk.png-1.png\" alt=\"\" data-no-lazy=\"1\" \/>\t\t\t\t\t\n\t\t\t\t\t\t<img decoding=\"async\" src=\"https:\/\/comaea.com\/wp-content\/uploads\/2024\/04\/client-logos-uk.png-3.png\" alt=\"\" data-no-lazy=\"1\" \/>\t\t\t\t\t\n\t\t\t\t\t\t<img decoding=\"async\" src=\"https:\/\/comaea.com\/wp-content\/uploads\/2024\/04\/client-logos-uk.png-6.png\" alt=\"\" data-no-lazy=\"1\" \/>\t\t\t\t\t\n\t\t\t\t\t\t<img decoding=\"async\" src=\"https:\/\/comaea.com\/wp-content\/uploads\/2024\/04\/client-logos-uk.png-5.png\" alt=\"\" data-no-lazy=\"1\" \/>\t\t\t\t\t\n\t\t\t\t\t\t<img decoding=\"async\" src=\"https:\/\/comaea.com\/wp-content\/uploads\/2024\/04\/client-logos-uk.png-9.png\" alt=\"\" data-no-lazy=\"1\" \/>\t\t\t\t\t\n\t\t\t\t\t\t<img decoding=\"async\" src=\"https:\/\/comaea.com\/wp-content\/uploads\/2024\/04\/client-logos-uk.png-11.png\" alt=\"\" data-no-lazy=\"1\" \/>\t\t\t\t\t\n\t\t\t\t\t\t<img decoding=\"async\" src=\"https:\/\/comaea.com\/wp-content\/uploads\/2024\/04\/client-logos-sweden.png-2.png\" alt=\"\" data-no-lazy=\"1\" \/>\t\t\t\t\t\n\t\t\t\t\t\t<img decoding=\"async\" src=\"https:\/\/comaea.com\/wp-content\/uploads\/2024\/04\/client-logos-sweden.png-3.png\" alt=\"\" data-no-lazy=\"1\" \/>\t\t\t\t\t\n\t\t\t\t\t\t<img decoding=\"async\" src=\"https:\/\/comaea.com\/wp-content\/uploads\/2024\/04\/client-logos-sweden.png-5.png\" alt=\"\" data-no-lazy=\"1\" \/>\t\t\t\t\t\n\t\t\t\t\t\t<img decoding=\"async\" src=\"https:\/\/comaea.com\/wp-content\/uploads\/2024\/04\/client-logos-sweden.png-6.png\" alt=\"\" data-no-lazy=\"1\" \/>\t\t\t\t\t\n\t\t\t\t\t\t<img decoding=\"async\" src=\"https:\/\/comaea.com\/wp-content\/uploads\/2024\/04\/client-logos-middle-east.png-2.png\" alt=\"\" data-no-lazy=\"1\" \/>\t\t\t\t\t\n\t\t\t\t\t\t<img decoding=\"async\" src=\"https:\/\/comaea.com\/wp-content\/uploads\/2024\/04\/client-logos-middle-east.png-3.png\" alt=\"\" data-no-lazy=\"1\" \/>\t\t\t\t\t\n\t\t\t\t\t\t<img decoding=\"async\" src=\"https:\/\/comaea.com\/wp-content\/uploads\/2024\/04\/client-logos-uk.png-13.png\" alt=\"\" data-no-lazy=\"1\" \/>\t\t\t\t\t\n\t\t\t\t\t\t<img decoding=\"async\" src=\"https:\/\/comaea.com\/wp-content\/uploads\/2024\/04\/client-logos-uk.png-12.png\" alt=\"\" data-no-lazy=\"1\" \/>\t\t\t\t\t\n\t\t\t\t\t\t<img decoding=\"async\" src=\"https:\/\/comaea.com\/wp-content\/uploads\/2024\/04\/client-logos-uk.png-14.png\" alt=\"\" data-no-lazy=\"1\" \/>\t\t\t\t\t\n\t\t\t\t\t\t<img decoding=\"async\" src=\"https:\/\/comaea.com\/wp-content\/uploads\/2024\/04\/client-logos-uk.png-17.png\" alt=\"\" data-no-lazy=\"1\" \/>\t\t\t\t\t\n\t\t\t\t\t\t<img decoding=\"async\" src=\"https:\/\/comaea.com\/wp-content\/uploads\/2024\/04\/client-logos-uk.png-16.png\" alt=\"\" data-no-lazy=\"1\" \/>\t\t\t\t\t\n\t\t\t\t\t\t<img decoding=\"async\" src=\"https:\/\/comaea.com\/wp-content\/uploads\/2024\/04\/client-logos-uk.png-20.png\" alt=\"\" data-no-lazy=\"1\" \/>\t\t\t\t\t\n\t\t\t\t\t\t<img decoding=\"async\" src=\"https:\/\/comaea.com\/wp-content\/uploads\/2024\/04\/client-logos-uk.png-19.png\" alt=\"\" data-no-lazy=\"1\" \/>\t\t\t\t\t\n\t\t\t\t\t\t<img decoding=\"async\" src=\"https:\/\/comaea.com\/wp-content\/uploads\/2024\/04\/client-logos-sweden.png-7.png\" alt=\"\" data-no-lazy=\"1\" \/>\t\t\t\t\t\n\t\t\t\t\t\t<img decoding=\"async\" src=\"https:\/\/comaea.com\/wp-content\/uploads\/2024\/04\/client-logos-sweden.png-8.png\" alt=\"\" data-no-lazy=\"1\" \/>\t\t\t\t\t\n\t\t\t\t\t\t<img decoding=\"async\" src=\"https:\/\/comaea.com\/wp-content\/uploads\/2024\/04\/client-logos-sweden.png-9.png\" alt=\"\" data-no-lazy=\"1\" \/>\t\t\t\t\t\n\t\t\t\t\t\t<img decoding=\"async\" src=\"https:\/\/comaea.com\/wp-content\/uploads\/2024\/04\/client-logos-sweden.png-11.png\" alt=\"\" data-no-lazy=\"1\" \/>\t\t\t\t\t\n\t\t\t\t\t\t<img decoding=\"async\" src=\"https:\/\/comaea.com\/wp-content\/uploads\/2024\/04\/client-logos-middle-east.png-5.png\" alt=\"\" data-no-lazy=\"1\" \/>\t\t\t\t\t\n\t\t\t\t\t\t<img decoding=\"async\" src=\"https:\/\/comaea.com\/wp-content\/uploads\/2024\/04\/client-logos-middle-east.png-6.png\" alt=\"\" data-no-lazy=\"1\" \/>\t\t\t\t\t\n\t\t\t<button>Next<\/button>\n\t\t<button>Previous<\/button>\n\t\t\t\t\t\t<img decoding=\"async\" src=\"https:\/\/comaea.com\/wp-content\/uploads\/2024\/04\/client-logos-middle-east.png-7.png\" alt=\"\" data-no-lazy=\"1\" \/>\t\t\t\t\t\n\t\t\t\t\t\t<img decoding=\"async\" src=\"https:\/\/comaea.com\/wp-content\/uploads\/2024\/04\/client-logos-uk.png-21.png\" alt=\"\" data-no-lazy=\"1\" \/>\t\t\t\t\t\n\t\t\t\t\t\t<img decoding=\"async\" src=\"https:\/\/comaea.com\/wp-content\/uploads\/2024\/04\/client-logos-uk.png-25.png\" alt=\"\" data-no-lazy=\"1\" \/>\t\t\t\t\t\n\t\t\t\t\t\t<img decoding=\"async\" src=\"https:\/\/comaea.com\/wp-content\/uploads\/2024\/04\/client-logos-uk.png-24.png\" alt=\"\" data-no-lazy=\"1\" \/>\t\t\t\t\t\n\t\t\t\t\t\t<img decoding=\"async\" src=\"https:\/\/comaea.com\/wp-content\/uploads\/2024\/04\/client-logos-uk.png-26.png\" alt=\"\" data-no-lazy=\"1\" \/>\t\t\t\t\t\n\t\t\t\t\t\t<img decoding=\"async\" src=\"https:\/\/comaea.com\/wp-content\/uploads\/2024\/04\/client-logos-uk.png-27.png\" alt=\"\" data-no-lazy=\"1\" \/>\t\t\t\t\t\n\t\t\t\t\t\t<img decoding=\"async\" src=\"https:\/\/comaea.com\/wp-content\/uploads\/2024\/04\/client-logos-uk.png-29.png\" alt=\"\" data-no-lazy=\"1\" \/>\t\t\t\t\t\n\t\t\t\t\t\t<img decoding=\"async\" src=\"https:\/\/comaea.com\/wp-content\/uploads\/2024\/04\/client-logos-sweden.png-13.png\" alt=\"\" data-no-lazy=\"1\" \/>\t\t\t\t\t\n\t\t\t\t\t\t<img decoding=\"async\" src=\"https:\/\/comaea.com\/wp-content\/uploads\/2024\/04\/client-logos-sweden.png-15.png\" alt=\"\" data-no-lazy=\"1\" \/>\t\t\t\t\t\n\t\t\t\t\t\t<img decoding=\"async\" src=\"https:\/\/comaea.com\/wp-content\/uploads\/2024\/04\/client-logos-middle-east.png-10.png\" alt=\"\" data-no-lazy=\"1\" \/>\t\t\t\t\t\n\t\t\t\t\t\t<img decoding=\"async\" src=\"https:\/\/comaea.com\/wp-content\/uploads\/2024\/04\/client-logos-middle-east.png-11.png\" alt=\"\" data-no-lazy=\"1\" \/>\t\t\t\t\t\n\t\t\t\t\t\t<img decoding=\"async\" src=\"https:\/\/comaea.com\/wp-content\/uploads\/2024\/04\/client-logos-sweden.png-0001.png\" alt=\"\" data-no-lazy=\"1\" \/>\t\t\t\t\t\n\t\t\t\t\t\t<img decoding=\"async\" src=\"https:\/\/comaea.com\/wp-content\/uploads\/2024\/04\/client-logos-sweden.png-004.png\" alt=\"\" data-no-lazy=\"1\" \/>\t\t\t\t\t\n\t\t\t\t\t\t<img decoding=\"async\" src=\"https:\/\/comaea.com\/wp-content\/uploads\/2024\/04\/client-logos-uk.png-04.png\" alt=\"\" data-no-lazy=\"1\" \/>\t\t\t\t\t\n\t\t\t\t\t\t<img decoding=\"async\" src=\"https:\/\/comaea.com\/wp-content\/uploads\/2024\/04\/client-logos-uk.png-0006.png\" alt=\"\" data-no-lazy=\"1\" \/>\t\t\t\t\t\n\t\t\t\t\t\t<img decoding=\"async\" src=\"https:\/\/comaea.com\/wp-content\/uploads\/2024\/04\/client-logos-uk.png-0007.png\" alt=\"\" data-no-lazy=\"1\" \/>\t\t\t\t\t\n\t\t\t\t\t\t<img decoding=\"async\" src=\"https:\/\/comaea.com\/wp-content\/uploads\/2024\/04\/client-logos-uk.png-00010.png\" alt=\"\" data-no-lazy=\"1\" \/>\t\t\t\t\t\n\t\t\t\t\t\t<img decoding=\"async\" src=\"https:\/\/comaea.com\/wp-content\/uploads\/2024\/04\/client-logos-middle-east-05.png\" alt=\"\" data-no-lazy=\"1\" \/>\t\t\t\t\t\n\t\t\t\t\t\t<img decoding=\"async\" src=\"https:\/\/comaea.com\/wp-content\/uploads\/2024\/04\/client-logos-uk.png-00015.png\" alt=\"\" data-no-lazy=\"1\" \/>\t\t\t\t\t\n\t\t\t\t\t\t<img decoding=\"async\" src=\"https:\/\/comaea.com\/wp-content\/uploads\/2024\/04\/client-logos-uk.png-019.png\" alt=\"\" data-no-lazy=\"1\" \/>\t\t\t\t\t\n\t\t\t\t\t\t<img decoding=\"async\" src=\"https:\/\/comaea.com\/wp-content\/uploads\/2024\/04\/client-logos-sweden.png-010.png\" alt=\"\" data-no-lazy=\"1\" \/>\t\t\t\t\t\n\t\t\t\t\t\t<img decoding=\"async\" src=\"https:\/\/comaea.com\/wp-content\/uploads\/2024\/04\/client-logos-middle-east-0008.png\" alt=\"\" data-no-lazy=\"1\" \/>\t\t\t\t\t\n\t\t\t\t\t\t<img decoding=\"async\" src=\"https:\/\/comaea.com\/wp-content\/uploads\/2024\/04\/client-logos-sweden.png-00012.png\" alt=\"\" data-no-lazy=\"1\" \/>\t\t\t\t\t\n\t\t\t\t\t\t<img decoding=\"async\" src=\"https:\/\/comaea.com\/wp-content\/uploads\/2024\/04\/client-logos-uk-022.png\" alt=\"\" data-no-lazy=\"1\" \/>\t\t\t\t\t\n\t\t\t\t\t\t<img decoding=\"async\" src=\"https:\/\/comaea.com\/wp-content\/uploads\/2024\/04\/client-logos-uk-023.png\" alt=\"\" data-no-lazy=\"1\" \/>\t\t\t\t\t\n\t\t\t\t\t\t<img decoding=\"async\" src=\"https:\/\/comaea.com\/wp-content\/uploads\/2024\/04\/client-logos-sweden-014.png\" alt=\"\" data-no-lazy=\"1\" \/>\t\t\t\t\t\n\t\t\t\t\t\t<img decoding=\"async\" src=\"https:\/\/comaea.com\/wp-content\/uploads\/2024\/04\/client-logos-middle-east-0009.png\" alt=\"\" data-no-lazy=\"1\" \/>\t\t\t\t\t\n\t\t\t\t\t\t<img decoding=\"async\" src=\"https:\/\/comaea.com\/wp-content\/uploads\/2024\/04\/client-logos-uk-00028.png\" alt=\"\" data-no-lazy=\"1\" \/>\t\t\t\t\t\n\t\t\t\t\t\t<img decoding=\"async\" src=\"https:\/\/comaea.com\/wp-content\/uploads\/2024\/04\/client-logos-sweden-0017.png\" alt=\"\" data-no-lazy=\"1\" \/>\t\t\t\t\t\n\t\t\t\t\t\t<img decoding=\"async\" src=\"https:\/\/comaea.com\/wp-content\/uploads\/2024\/04\/client-logos-sweden-0016.png\" alt=\"\" data-no-lazy=\"1\" \/>\t\t\t\t\t\n\t\t\t<button>Next<\/button>\n\t\t<button>Previous<\/button>\n<h1>\n\t\t\tV\u00e5ra fallstudier\t<\/h1>\n\n","protected":false},"excerpt":{"rendered":"<p>N\u00e5gra av v\u00e5ra v\u00e4rdefulla kunder Next Previous Next Previous V\u00e5ra fallstudier<\/p>\n","protected":false},"author":1,"featured_media":0,"parent":0,"menu_order":0,"comment_status":"closed","ping_status":"closed","template":"","meta":{"_monsterinsights_skip_tracking":false,"_monsterinsights_sitenote_active":false,"_monsterinsights_sitenote_note":"","_monsterinsights_sitenote_category":0,"footnotes":""},"class_list":["post-2075","page","type-page","status-publish","hentry"],"yoast_head":"<!-- This site is optimized with the Yoast SEO plugin v27.3 - https:\/\/yoast.com\/product\/yoast-seo-wordpress\/ -->\n<title>V\u00e5ra Kunder | Comaea<\/title>\n<meta name=\"description\" content=\"Se vilka organisationer som anv\u00e4nder Comaea.\" \/>\n<meta name=\"robots\" content=\"index, follow, max-snippet:-1, max-image-preview:large, max-video-preview:-1\" \/>\n<link rel=\"canonical\" href=\"https:\/\/comaea.com\/sv\/vara-kunder\/\" \/>\n<meta property=\"og:locale\" content=\"sv_SE\" \/>\n<meta property=\"og:type\" content=\"article\" \/>\n<meta property=\"og:title\" content=\"V\u00e5ra Kunder | Comaea\" \/>\n<meta property=\"og:description\" content=\"Se vilka organisationer som anv\u00e4nder Comaea.\" \/>\n<meta property=\"og:url\" content=\"https:\/\/comaea.com\/sv\/vara-kunder\/\" \/>\n<meta property=\"og:site_name\" content=\"comaea | competency management software | competency made easy | united kingdom\" \/>\n<meta property=\"article:modified_time\" content=\"2026-01-08T23:14:40+00:00\" \/>\n<meta property=\"og:image\" content=\"https:\/\/comaea.com\/wp-content\/uploads\/2025\/04\/UK_Space_Agency_logo.svg.png\" \/>\n<meta name=\"twitter:card\" content=\"summary_large_image\" \/>\n<meta name=\"twitter:label1\" content=\"Ber\u00e4knad l\u00e4stid\" \/>\n\t<meta name=\"twitter:data1\" content=\"13 minuter\" \/>\n<script type=\"application\/ld+json\" class=\"yoast-schema-graph\">{\"@context\":\"https:\\\/\\\/schema.org\",\"@graph\":[{\"@type\":\"WebPage\",\"@id\":\"https:\\\/\\\/comaea.com\\\/sv\\\/vara-kunder\\\/\",\"url\":\"https:\\\/\\\/comaea.com\\\/sv\\\/vara-kunder\\\/\",\"name\":\"V\u00e5ra Kunder | Comaea\",\"isPartOf\":{\"@id\":\"https:\\\/\\\/comaea.com\\\/sv\\\/#website\"},\"primaryImageOfPage\":{\"@id\":\"https:\\\/\\\/comaea.com\\\/sv\\\/vara-kunder\\\/#primaryimage\"},\"image\":{\"@id\":\"https:\\\/\\\/comaea.com\\\/sv\\\/vara-kunder\\\/#primaryimage\"},\"thumbnailUrl\":\"https:\\\/\\\/comaea.com\\\/wp-content\\\/uploads\\\/2025\\\/04\\\/UK_Space_Agency_logo.svg.png\",\"datePublished\":\"2024-12-04T14:13:15+00:00\",\"dateModified\":\"2026-01-08T23:14:40+00:00\",\"description\":\"Se vilka organisationer som anv\u00e4nder Comaea.\",\"breadcrumb\":{\"@id\":\"https:\\\/\\\/comaea.com\\\/sv\\\/vara-kunder\\\/#breadcrumb\"},\"inLanguage\":\"sv-SE\",\"potentialAction\":[{\"@type\":\"ReadAction\",\"target\":[\"https:\\\/\\\/comaea.com\\\/sv\\\/vara-kunder\\\/\"]}]},{\"@type\":\"ImageObject\",\"inLanguage\":\"sv-SE\",\"@id\":\"https:\\\/\\\/comaea.com\\\/sv\\\/vara-kunder\\\/#primaryimage\",\"url\":\"https:\\\/\\\/comaea.com\\\/wp-content\\\/uploads\\\/2025\\\/04\\\/UK_Space_Agency_logo.svg.png\",\"contentUrl\":\"https:\\\/\\\/comaea.com\\\/wp-content\\\/uploads\\\/2025\\\/04\\\/UK_Space_Agency_logo.svg.png\"},{\"@type\":\"BreadcrumbList\",\"@id\":\"https:\\\/\\\/comaea.com\\\/sv\\\/vara-kunder\\\/#breadcrumb\",\"itemListElement\":[{\"@type\":\"ListItem\",\"position\":1,\"name\":\"Home\",\"item\":\"https:\\\/\\\/comaea.com\\\/sv\\\/\"},{\"@type\":\"ListItem\",\"position\":2,\"name\":\"V\u00e5ra kunder\"}]},{\"@type\":\"WebSite\",\"@id\":\"https:\\\/\\\/comaea.com\\\/sv\\\/#website\",\"url\":\"https:\\\/\\\/comaea.com\\\/sv\\\/\",\"name\":\"comaea | competency management software | competency made easy | united kingdom\",\"description\":\"\",\"potentialAction\":[{\"@type\":\"SearchAction\",\"target\":{\"@type\":\"EntryPoint\",\"urlTemplate\":\"https:\\\/\\\/comaea.com\\\/sv\\\/?s={search_term_string}\"},\"query-input\":{\"@type\":\"PropertyValueSpecification\",\"valueRequired\":true,\"valueName\":\"search_term_string\"}}],\"inLanguage\":\"sv-SE\"}]}<\/script>\n<!-- \/ Yoast SEO plugin. -->","yoast_head_json":{"title":"V\u00e5ra Kunder | Comaea","description":"Se vilka organisationer som anv\u00e4nder Comaea.","robots":{"index":"index","follow":"follow","max-snippet":"max-snippet:-1","max-image-preview":"max-image-preview:large","max-video-preview":"max-video-preview:-1"},"canonical":"https:\/\/comaea.com\/sv\/vara-kunder\/","og_locale":"sv_SE","og_type":"article","og_title":"V\u00e5ra Kunder | Comaea","og_description":"Se vilka organisationer som anv\u00e4nder Comaea.","og_url":"https:\/\/comaea.com\/sv\/vara-kunder\/","og_site_name":"comaea | competency management software | competency made easy | united kingdom","article_modified_time":"2026-01-08T23:14:40+00:00","og_image":[{"url":"https:\/\/comaea.com\/wp-content\/uploads\/2025\/04\/UK_Space_Agency_logo.svg.png","type":"","width":"","height":""}],"twitter_card":"summary_large_image","twitter_misc":{"Ber\u00e4knad l\u00e4stid":"13 minuter"},"schema":{"@context":"https:\/\/schema.org","@graph":[{"@type":"WebPage","@id":"https:\/\/comaea.com\/sv\/vara-kunder\/","url":"https:\/\/comaea.com\/sv\/vara-kunder\/","name":"V\u00e5ra Kunder | Comaea","isPartOf":{"@id":"https:\/\/comaea.com\/sv\/#website"},"primaryImageOfPage":{"@id":"https:\/\/comaea.com\/sv\/vara-kunder\/#primaryimage"},"image":{"@id":"https:\/\/comaea.com\/sv\/vara-kunder\/#primaryimage"},"thumbnailUrl":"https:\/\/comaea.com\/wp-content\/uploads\/2025\/04\/UK_Space_Agency_logo.svg.png","datePublished":"2024-12-04T14:13:15+00:00","dateModified":"2026-01-08T23:14:40+00:00","description":"Se vilka organisationer som anv\u00e4nder Comaea.","breadcrumb":{"@id":"https:\/\/comaea.com\/sv\/vara-kunder\/#breadcrumb"},"inLanguage":"sv-SE","potentialAction":[{"@type":"ReadAction","target":["https:\/\/comaea.com\/sv\/vara-kunder\/"]}]},{"@type":"ImageObject","inLanguage":"sv-SE","@id":"https:\/\/comaea.com\/sv\/vara-kunder\/#primaryimage","url":"https:\/\/comaea.com\/wp-content\/uploads\/2025\/04\/UK_Space_Agency_logo.svg.png","contentUrl":"https:\/\/comaea.com\/wp-content\/uploads\/2025\/04\/UK_Space_Agency_logo.svg.png"},{"@type":"BreadcrumbList","@id":"https:\/\/comaea.com\/sv\/vara-kunder\/#breadcrumb","itemListElement":[{"@type":"ListItem","position":1,"name":"Home","item":"https:\/\/comaea.com\/sv\/"},{"@type":"ListItem","position":2,"name":"V\u00e5ra kunder"}]},{"@type":"WebSite","@id":"https:\/\/comaea.com\/sv\/#website","url":"https:\/\/comaea.com\/sv\/","name":"comaea | competency management software | competency made easy | united kingdom","description":"","potentialAction":[{"@type":"SearchAction","target":{"@type":"EntryPoint","urlTemplate":"https:\/\/comaea.com\/sv\/?s={search_term_string}"},"query-input":{"@type":"PropertyValueSpecification","valueRequired":true,"valueName":"search_term_string"}}],"inLanguage":"sv-SE"}]}},"_links":{"self":[{"href":"https:\/\/comaea.com\/sv\/wp-json\/wp\/v2\/pages\/2075","targetHints":{"allow":["GET"]}}],"collection":[{"href":"https:\/\/comaea.com\/sv\/wp-json\/wp\/v2\/pages"}],"about":[{"href":"https:\/\/comaea.com\/sv\/wp-json\/wp\/v2\/types\/page"}],"author":[{"embeddable":true,"href":"https:\/\/comaea.com\/sv\/wp-json\/wp\/v2\/users\/1"}],"replies":[{"embeddable":true,"href":"https:\/\/comaea.com\/sv\/wp-json\/wp\/v2\/comments?post=2075"}],"version-history":[{"count":7,"href":"https:\/\/comaea.com\/sv\/wp-json\/wp\/v2\/pages\/2075\/revisions"}],"predecessor-version":[{"id":2785,"href":"https:\/\/comaea.com\/sv\/wp-json\/wp\/v2\/pages\/2075\/revisions\/2785"}],"wp:attachment":[{"href":"https:\/\/comaea.com\/sv\/wp-json\/wp\/v2\/media?parent=2075"}],"curies":[{"name":"wp","href":"https:\/\/api.w.org\/{rel}","templated":true}]}}