{"id":2051,"date":"2024-02-16T11:43:19","date_gmt":"2024-02-16T11:43:19","guid":{"rendered":"https:\/\/comaea.com\/?page_id=2051"},"modified":"2026-01-08T23:13:18","modified_gmt":"2026-01-08T23:13:18","slug":"vanliga-fragor","status":"publish","type":"page","link":"https:\/\/comaea.com\/sv\/vanliga-fragor\/","title":{"rendered":"Vanliga fr\u00e5gor (FAQ)"},"content":{"rendered":"\n<h1>\n\t\t\tVanliga fr\u00e5gor (FAQs)\t<\/h1>\n\t\t\t\t\t\t\t<img width=\"150\" height=\"150\" src=\"https:\/\/comaea.com\/wp-content\/uploads\/2024\/01\/cropped-COMAEA-LOGO-COLOUR-150x150.png\" alt=\"\" decoding=\"async\" loading=\"lazy\" srcset=\"https:\/\/comaea.com\/wp-content\/uploads\/2024\/01\/cropped-COMAEA-LOGO-COLOUR-150x150.png 150w, https:\/\/comaea.com\/wp-content\/uploads\/2024\/01\/cropped-COMAEA-LOGO-COLOUR-300x300.png 300w, https:\/\/comaea.com\/wp-content\/uploads\/2024\/01\/cropped-COMAEA-LOGO-COLOUR-270x270.png 270w, https:\/\/comaea.com\/wp-content\/uploads\/2024\/01\/cropped-COMAEA-LOGO-COLOUR-192x192.png 192w, https:\/\/comaea.com\/wp-content\/uploads\/2024\/01\/cropped-COMAEA-LOGO-COLOUR-180x180.png 180w, https:\/\/comaea.com\/wp-content\/uploads\/2024\/01\/cropped-COMAEA-LOGO-COLOUR-32x32.png 32w, https:\/\/comaea.com\/wp-content\/uploads\/2024\/01\/cropped-COMAEA-LOGO-COLOUR.png 512w\" sizes=\"auto, (max-width: 150px) 100vw, 150px\" \/>\n\t\t\t\tVilka kompetensramverk kan jag l\u00e4gga in i Comaea?\n\t\t\t\t<p>Du kan l\u00e4gga till ditt eget kompetens- eller f\u00e4rdighetsramverk i Comaea. Faktum \u00e4r att du kan l\u00e4gga till s\u00e5 m\u00e5nga du vill. Dessa kan vara branschstandardramverk som ni arbetar med, eller s\u00e5 kan du skapa dina egna. Vi kan \u00e4ven hj\u00e4lpa dig att bygga ramverk genom v\u00e5ra konsulttj\u00e4nster, d\u00e4r vi anv\u00e4nder v\u00e5rt eget bibliotek med \u00f6ver 10 000 kompetenser eller p\u00e5skyndar utvecklingen med hj\u00e4lp av AI-verktyg.<\/p>\n\t\t\t\t\t\t\t<img width=\"150\" height=\"150\" src=\"https:\/\/comaea.com\/wp-content\/uploads\/2024\/01\/cropped-COMAEA-LOGO-COLOUR-150x150.png\" alt=\"\" decoding=\"async\" loading=\"lazy\" srcset=\"https:\/\/comaea.com\/wp-content\/uploads\/2024\/01\/cropped-COMAEA-LOGO-COLOUR-150x150.png 150w, https:\/\/comaea.com\/wp-content\/uploads\/2024\/01\/cropped-COMAEA-LOGO-COLOUR-300x300.png 300w, https:\/\/comaea.com\/wp-content\/uploads\/2024\/01\/cropped-COMAEA-LOGO-COLOUR-270x270.png 270w, https:\/\/comaea.com\/wp-content\/uploads\/2024\/01\/cropped-COMAEA-LOGO-COLOUR-192x192.png 192w, https:\/\/comaea.com\/wp-content\/uploads\/2024\/01\/cropped-COMAEA-LOGO-COLOUR-180x180.png 180w, https:\/\/comaea.com\/wp-content\/uploads\/2024\/01\/cropped-COMAEA-LOGO-COLOUR-32x32.png 32w, https:\/\/comaea.com\/wp-content\/uploads\/2024\/01\/cropped-COMAEA-LOGO-COLOUR.png 512w\" sizes=\"auto, (max-width: 150px) 100vw, 150px\" \/>\n\t\t\t\tHur m\u00e5nga rollprofiler kan jag skapa?\n\t\t\t\t<p>Du kan skapa s\u00e5 m\u00e5nga du vill och koppla dem till kompetenser fr\u00e5n ditt kompetensbibliotek. Det \u00e4r mycket enkelt att hantera dina rollprofiler och skapa karri\u00e4rv\u00e4gar i Comaea med hj\u00e4lp av de inbyggda verktygen och det anv\u00e4ndarv\u00e4nliga administrationsgr\u00e4nssnittet.<\/p>\n\t\t\t\t\t\t\t<img width=\"150\" height=\"150\" src=\"https:\/\/comaea.com\/wp-content\/uploads\/2024\/01\/cropped-COMAEA-LOGO-COLOUR-150x150.png\" alt=\"\" decoding=\"async\" loading=\"lazy\" srcset=\"https:\/\/comaea.com\/wp-content\/uploads\/2024\/01\/cropped-COMAEA-LOGO-COLOUR-150x150.png 150w, https:\/\/comaea.com\/wp-content\/uploads\/2024\/01\/cropped-COMAEA-LOGO-COLOUR-300x300.png 300w, https:\/\/comaea.com\/wp-content\/uploads\/2024\/01\/cropped-COMAEA-LOGO-COLOUR-270x270.png 270w, https:\/\/comaea.com\/wp-content\/uploads\/2024\/01\/cropped-COMAEA-LOGO-COLOUR-192x192.png 192w, https:\/\/comaea.com\/wp-content\/uploads\/2024\/01\/cropped-COMAEA-LOGO-COLOUR-180x180.png 180w, https:\/\/comaea.com\/wp-content\/uploads\/2024\/01\/cropped-COMAEA-LOGO-COLOUR-32x32.png 32w, https:\/\/comaea.com\/wp-content\/uploads\/2024\/01\/cropped-COMAEA-LOGO-COLOUR.png 512w\" sizes=\"auto, (max-width: 150px) 100vw, 150px\" \/>\n\t\t\t\tKan vi koppla l\u00e4rande till v\u00e5ra kompetenser?\n\t\t\t\t<p>Ja, du kan h\u00e4nvisa till ditt befintliga l\u00e4rinneh\u00e5ll vid behov: det vill s\u00e4ga n\u00e4r en person har en identifierad kompetenslucka fr\u00e5n sin bed\u00f6mning, kommer Comaea att visa rekommenderat l\u00e4rande f\u00f6r att t\u00e4ppa till luckan. Comaea kan synkroniseras med ert LMS och kan b\u00e5de skicka och h\u00e4mta information f\u00f6r att s\u00e4kerst\u00e4lla att alla system \u00e4r uppdaterade.<\/p>\n\t\t\t\t\t\t\t<img width=\"150\" height=\"150\" src=\"https:\/\/comaea.com\/wp-content\/uploads\/2024\/01\/cropped-COMAEA-LOGO-COLOUR-150x150.png\" alt=\"\" decoding=\"async\" loading=\"lazy\" srcset=\"https:\/\/comaea.com\/wp-content\/uploads\/2024\/01\/cropped-COMAEA-LOGO-COLOUR-150x150.png 150w, https:\/\/comaea.com\/wp-content\/uploads\/2024\/01\/cropped-COMAEA-LOGO-COLOUR-300x300.png 300w, https:\/\/comaea.com\/wp-content\/uploads\/2024\/01\/cropped-COMAEA-LOGO-COLOUR-270x270.png 270w, https:\/\/comaea.com\/wp-content\/uploads\/2024\/01\/cropped-COMAEA-LOGO-COLOUR-192x192.png 192w, https:\/\/comaea.com\/wp-content\/uploads\/2024\/01\/cropped-COMAEA-LOGO-COLOUR-180x180.png 180w, https:\/\/comaea.com\/wp-content\/uploads\/2024\/01\/cropped-COMAEA-LOGO-COLOUR-32x32.png 32w, https:\/\/comaea.com\/wp-content\/uploads\/2024\/01\/cropped-COMAEA-LOGO-COLOUR.png 512w\" sizes=\"auto, (max-width: 150px) 100vw, 150px\" \/>\n\t\t\t\tFinns Comaea tillg\u00e4ngligt p\u00e5 olika spr\u00e5k?\n\t\t\t\t<p>Ja, Comaea finns tillg\u00e4ngligt p\u00e5 m\u00e5nga spr\u00e5k och ytterligare spr\u00e5kpaket l\u00e4ggs till vid behov. Gr\u00e4nssnittet och inneh\u00e5llet kan vara p\u00e5 samma eller olika spr\u00e5k, och du kan sj\u00e4lv l\u00e4gga till egna \u00f6vers\u00e4ttningar i kompetensramverken.<\/p>\n\t\t\t\t\t\t\t<img width=\"150\" height=\"150\" src=\"https:\/\/comaea.com\/wp-content\/uploads\/2024\/01\/cropped-COMAEA-LOGO-COLOUR-150x150.png\" alt=\"\" decoding=\"async\" loading=\"lazy\" srcset=\"https:\/\/comaea.com\/wp-content\/uploads\/2024\/01\/cropped-COMAEA-LOGO-COLOUR-150x150.png 150w, https:\/\/comaea.com\/wp-content\/uploads\/2024\/01\/cropped-COMAEA-LOGO-COLOUR-300x300.png 300w, https:\/\/comaea.com\/wp-content\/uploads\/2024\/01\/cropped-COMAEA-LOGO-COLOUR-270x270.png 270w, https:\/\/comaea.com\/wp-content\/uploads\/2024\/01\/cropped-COMAEA-LOGO-COLOUR-192x192.png 192w, https:\/\/comaea.com\/wp-content\/uploads\/2024\/01\/cropped-COMAEA-LOGO-COLOUR-180x180.png 180w, https:\/\/comaea.com\/wp-content\/uploads\/2024\/01\/cropped-COMAEA-LOGO-COLOUR-32x32.png 32w, https:\/\/comaea.com\/wp-content\/uploads\/2024\/01\/cropped-COMAEA-LOGO-COLOUR.png 512w\" sizes=\"auto, (max-width: 150px) 100vw, 150px\" \/>\n\t\t\t\tVem anv\u00e4nder Comaea?\n\t\t\t\t<p>Comaea anv\u00e4nds globalt i sm\u00e5, medelstora, stora och enterprise-f\u00f6retag inom den privata sektorn, \u00f6ver alla branscher d\u00e4r kompetens- och regelefterlevnadshantering \u00e4r viktigt. Det anv\u00e4nds ocks\u00e5 i stor utstr\u00e4ckning inom statliga yrkesomr\u00e5den och myndigheter v\u00e4rlden \u00f6ver.<\/p>\n\n","protected":false},"excerpt":{"rendered":"<p>Vanliga fr\u00e5gor (FAQs) Vilka kompetensramverk kan jag l\u00e4gga in i Comaea? Du kan l\u00e4gga till ditt eget kompetens- eller f\u00e4rdighetsramverk i Comaea. Faktum \u00e4r att du kan l\u00e4gga till s\u00e5 m\u00e5nga du vill. Dessa kan vara branschstandardramverk som ni arbetar med, eller s\u00e5 kan du skapa dina egna. Vi kan \u00e4ven hj\u00e4lpa dig att bygga&hellip;<\/p>\n","protected":false},"author":1,"featured_media":0,"parent":0,"menu_order":0,"comment_status":"closed","ping_status":"closed","template":"","meta":{"_monsterinsights_skip_tracking":false,"_monsterinsights_sitenote_active":false,"_monsterinsights_sitenote_note":"","_monsterinsights_sitenote_category":0,"footnotes":""},"class_list":["post-2051","page","type-page","status-publish","hentry"],"yoast_head":"<!-- This site is optimized with the Yoast SEO plugin v27.3 - https:\/\/yoast.com\/product\/yoast-seo-wordpress\/ -->\n<title>Vanliga Fr\u00e5gor | Comaea<\/title>\n<meta name=\"description\" content=\"Svar p\u00e5 vanliga fr\u00e5gor om Comaea och v\u00e5r plattform.\" \/>\n<meta name=\"robots\" content=\"index, follow, max-snippet:-1, max-image-preview:large, max-video-preview:-1\" \/>\n<link rel=\"canonical\" href=\"https:\/\/comaea.com\/sv\/vanliga-fragor\/\" \/>\n<meta property=\"og:locale\" content=\"sv_SE\" \/>\n<meta property=\"og:type\" content=\"article\" \/>\n<meta property=\"og:title\" content=\"Vanliga Fr\u00e5gor | Comaea\" \/>\n<meta property=\"og:description\" content=\"Svar p\u00e5 vanliga fr\u00e5gor om Comaea och v\u00e5r plattform.\" \/>\n<meta property=\"og:url\" content=\"https:\/\/comaea.com\/sv\/vanliga-fragor\/\" \/>\n<meta property=\"og:site_name\" content=\"comaea | competency management software | competency made easy | united kingdom\" \/>\n<meta property=\"article:modified_time\" content=\"2026-01-08T23:13:18+00:00\" \/>\n<meta property=\"og:image\" content=\"https:\/\/comaea.com\/wp-content\/uploads\/2024\/01\/cropped-COMAEA-LOGO-COLOUR-150x150.png\" \/>\n<meta name=\"twitter:card\" content=\"summary_large_image\" \/>\n<meta name=\"twitter:label1\" content=\"Ber\u00e4knad l\u00e4stid\" \/>\n\t<meta name=\"twitter:data1\" content=\"3 minuter\" \/>\n<script type=\"application\/ld+json\" class=\"yoast-schema-graph\">{\"@context\":\"https:\\\/\\\/schema.org\",\"@graph\":[{\"@type\":\"WebPage\",\"@id\":\"https:\\\/\\\/comaea.com\\\/sv\\\/vanliga-fragor\\\/\",\"url\":\"https:\\\/\\\/comaea.com\\\/sv\\\/vanliga-fragor\\\/\",\"name\":\"Vanliga Fr\u00e5gor | Comaea\",\"isPartOf\":{\"@id\":\"https:\\\/\\\/comaea.com\\\/sv\\\/#website\"},\"primaryImageOfPage\":{\"@id\":\"https:\\\/\\\/comaea.com\\\/sv\\\/vanliga-fragor\\\/#primaryimage\"},\"image\":{\"@id\":\"https:\\\/\\\/comaea.com\\\/sv\\\/vanliga-fragor\\\/#primaryimage\"},\"thumbnailUrl\":\"https:\\\/\\\/comaea.com\\\/wp-content\\\/uploads\\\/2024\\\/01\\\/cropped-COMAEA-LOGO-COLOUR-150x150.png\",\"datePublished\":\"2024-02-16T11:43:19+00:00\",\"dateModified\":\"2026-01-08T23:13:18+00:00\",\"description\":\"Svar p\u00e5 vanliga fr\u00e5gor om Comaea och v\u00e5r plattform.\",\"breadcrumb\":{\"@id\":\"https:\\\/\\\/comaea.com\\\/sv\\\/vanliga-fragor\\\/#breadcrumb\"},\"inLanguage\":\"sv-SE\",\"potentialAction\":[{\"@type\":\"ReadAction\",\"target\":[\"https:\\\/\\\/comaea.com\\\/sv\\\/vanliga-fragor\\\/\"]}]},{\"@type\":\"ImageObject\",\"inLanguage\":\"sv-SE\",\"@id\":\"https:\\\/\\\/comaea.com\\\/sv\\\/vanliga-fragor\\\/#primaryimage\",\"url\":\"https:\\\/\\\/comaea.com\\\/wp-content\\\/uploads\\\/2024\\\/01\\\/cropped-COMAEA-LOGO-COLOUR-150x150.png\",\"contentUrl\":\"https:\\\/\\\/comaea.com\\\/wp-content\\\/uploads\\\/2024\\\/01\\\/cropped-COMAEA-LOGO-COLOUR-150x150.png\"},{\"@type\":\"BreadcrumbList\",\"@id\":\"https:\\\/\\\/comaea.com\\\/sv\\\/vanliga-fragor\\\/#breadcrumb\",\"itemListElement\":[{\"@type\":\"ListItem\",\"position\":1,\"name\":\"Home\",\"item\":\"https:\\\/\\\/comaea.com\\\/sv\\\/\"},{\"@type\":\"ListItem\",\"position\":2,\"name\":\"Vanliga fr\u00e5gor (FAQ)\"}]},{\"@type\":\"WebSite\",\"@id\":\"https:\\\/\\\/comaea.com\\\/sv\\\/#website\",\"url\":\"https:\\\/\\\/comaea.com\\\/sv\\\/\",\"name\":\"comaea | competency management software | competency made easy | united kingdom\",\"description\":\"\",\"potentialAction\":[{\"@type\":\"SearchAction\",\"target\":{\"@type\":\"EntryPoint\",\"urlTemplate\":\"https:\\\/\\\/comaea.com\\\/sv\\\/?s={search_term_string}\"},\"query-input\":{\"@type\":\"PropertyValueSpecification\",\"valueRequired\":true,\"valueName\":\"search_term_string\"}}],\"inLanguage\":\"sv-SE\"}]}<\/script>\n<!-- \/ Yoast SEO plugin. -->","yoast_head_json":{"title":"Vanliga Fr\u00e5gor | Comaea","description":"Svar p\u00e5 vanliga fr\u00e5gor om Comaea och v\u00e5r plattform.","robots":{"index":"index","follow":"follow","max-snippet":"max-snippet:-1","max-image-preview":"max-image-preview:large","max-video-preview":"max-video-preview:-1"},"canonical":"https:\/\/comaea.com\/sv\/vanliga-fragor\/","og_locale":"sv_SE","og_type":"article","og_title":"Vanliga Fr\u00e5gor | Comaea","og_description":"Svar p\u00e5 vanliga fr\u00e5gor om Comaea och v\u00e5r plattform.","og_url":"https:\/\/comaea.com\/sv\/vanliga-fragor\/","og_site_name":"comaea | competency management software | competency made easy | united kingdom","article_modified_time":"2026-01-08T23:13:18+00:00","og_image":[{"url":"https:\/\/comaea.com\/wp-content\/uploads\/2024\/01\/cropped-COMAEA-LOGO-COLOUR-150x150.png","type":"","width":"","height":""}],"twitter_card":"summary_large_image","twitter_misc":{"Ber\u00e4knad l\u00e4stid":"3 minuter"},"schema":{"@context":"https:\/\/schema.org","@graph":[{"@type":"WebPage","@id":"https:\/\/comaea.com\/sv\/vanliga-fragor\/","url":"https:\/\/comaea.com\/sv\/vanliga-fragor\/","name":"Vanliga Fr\u00e5gor | Comaea","isPartOf":{"@id":"https:\/\/comaea.com\/sv\/#website"},"primaryImageOfPage":{"@id":"https:\/\/comaea.com\/sv\/vanliga-fragor\/#primaryimage"},"image":{"@id":"https:\/\/comaea.com\/sv\/vanliga-fragor\/#primaryimage"},"thumbnailUrl":"https:\/\/comaea.com\/wp-content\/uploads\/2024\/01\/cropped-COMAEA-LOGO-COLOUR-150x150.png","datePublished":"2024-02-16T11:43:19+00:00","dateModified":"2026-01-08T23:13:18+00:00","description":"Svar p\u00e5 vanliga fr\u00e5gor om Comaea och v\u00e5r plattform.","breadcrumb":{"@id":"https:\/\/comaea.com\/sv\/vanliga-fragor\/#breadcrumb"},"inLanguage":"sv-SE","potentialAction":[{"@type":"ReadAction","target":["https:\/\/comaea.com\/sv\/vanliga-fragor\/"]}]},{"@type":"ImageObject","inLanguage":"sv-SE","@id":"https:\/\/comaea.com\/sv\/vanliga-fragor\/#primaryimage","url":"https:\/\/comaea.com\/wp-content\/uploads\/2024\/01\/cropped-COMAEA-LOGO-COLOUR-150x150.png","contentUrl":"https:\/\/comaea.com\/wp-content\/uploads\/2024\/01\/cropped-COMAEA-LOGO-COLOUR-150x150.png"},{"@type":"BreadcrumbList","@id":"https:\/\/comaea.com\/sv\/vanliga-fragor\/#breadcrumb","itemListElement":[{"@type":"ListItem","position":1,"name":"Home","item":"https:\/\/comaea.com\/sv\/"},{"@type":"ListItem","position":2,"name":"Vanliga fr\u00e5gor (FAQ)"}]},{"@type":"WebSite","@id":"https:\/\/comaea.com\/sv\/#website","url":"https:\/\/comaea.com\/sv\/","name":"comaea | competency management software | competency made easy | united kingdom","description":"","potentialAction":[{"@type":"SearchAction","target":{"@type":"EntryPoint","urlTemplate":"https:\/\/comaea.com\/sv\/?s={search_term_string}"},"query-input":{"@type":"PropertyValueSpecification","valueRequired":true,"valueName":"search_term_string"}}],"inLanguage":"sv-SE"}]}},"_links":{"self":[{"href":"https:\/\/comaea.com\/sv\/wp-json\/wp\/v2\/pages\/2051","targetHints":{"allow":["GET"]}}],"collection":[{"href":"https:\/\/comaea.com\/sv\/wp-json\/wp\/v2\/pages"}],"about":[{"href":"https:\/\/comaea.com\/sv\/wp-json\/wp\/v2\/types\/page"}],"author":[{"embeddable":true,"href":"https:\/\/comaea.com\/sv\/wp-json\/wp\/v2\/users\/1"}],"replies":[{"embeddable":true,"href":"https:\/\/comaea.com\/sv\/wp-json\/wp\/v2\/comments?post=2051"}],"version-history":[{"count":3,"href":"https:\/\/comaea.com\/sv\/wp-json\/wp\/v2\/pages\/2051\/revisions"}],"predecessor-version":[{"id":2148,"href":"https:\/\/comaea.com\/sv\/wp-json\/wp\/v2\/pages\/2051\/revisions\/2148"}],"wp:attachment":[{"href":"https:\/\/comaea.com\/sv\/wp-json\/wp\/v2\/media?parent=2051"}],"curies":[{"name":"wp","href":"https:\/\/api.w.org\/{rel}","templated":true}]}}