{"id":2039,"date":"2024-01-05T14:41:02","date_gmt":"2024-01-05T14:41:02","guid":{"rendered":"https:\/\/comaea.com\/?page_id=2039"},"modified":"2026-01-08T23:07:27","modified_gmt":"2026-01-08T23:07:27","slug":"integritetspolicy","status":"publish","type":"page","link":"https:\/\/comaea.com\/sv\/integritetspolicy\/","title":{"rendered":"Comaea Integritetspolicy"},"content":{"rendered":"\n<h1>\n\t\t\tComaea Integritetspolicy\t<\/h1>\n\t<strong data-start=\"68\" data-end=\"388\">Comaea International AB (h\u00e4danefter kollektivt ben\u00e4mnt som &#8221;Comaea&#8221;, &#8221;vi&#8221; eller &#8221;oss&#8221;) \u00e4r en molnbaserad mjukvaruplattform f\u00f6r kompetenshantering, medarbetarutveckling och kvalitetss\u00e4kring. Den erbjuder \u00e4ven en enkel men helt\u00e4ckande l\u00f6sning f\u00f6r Performance Management, Human Capital Management och Talent Management.<\/strong>\n<hr data-start=\"392\" data-end=\"395\" \/>\n<h3 data-start=\"397\" data-end=\"420\">1. Vem \u00e4r Comaea?<\/h3>\nComaea International AB (h\u00e4danefter kollektivt ben\u00e4mnt som &#8221;F\u00f6retaget&#8221;, &#8221;oss&#8221;, &#8221;vi&#8221;, &#8221;Comaea&#8221; eller &#8221;v\u00e5r&#8221;) \u00e4r en oberoende leverant\u00f6r av kompetensbaserade plattformstj\u00e4nster.\n<hr data-start=\"600\" data-end=\"603\" \/>\n<h3 data-start=\"605\" data-end=\"627\">2. Vad \u00e4r detta?<\/h3>\nDenna policy beskriver hur vi samlar in, anv\u00e4nder och behandlar dina personuppgifter, samt hur vi i detta uppfyller v\u00e5ra r\u00e4ttsliga skyldigheter gentemot dig.\nN\u00e4r du har kontakt med Comaea litar du p\u00e5 oss med din information. Du l\u00e4mnar information om dig sj\u00e4lv n\u00e4r du g\u00f6r en f\u00f6rfr\u00e5gan till Comaea, anlitar oss f\u00f6r en tj\u00e4nst eller fyller i uppgifter via v\u00e5r webbplats &#8211; detta betraktas som dina kontakt- och identifikationsuppgifter.\nDenna policy kan komma att \u00e4ndras fr\u00e5n tid till annan. Kontrollera d\u00e4rf\u00f6r regelbundet denna sida f\u00f6r att f\u00f6rs\u00e4kra dig om att du \u00e4r n\u00f6jd med eventuella f\u00f6r\u00e4ndringar.\n<hr data-start=\"1235\" data-end=\"1238\" \/>\n<h3 data-start=\"1240\" data-end=\"1293\">3. Information vi f\u00e5r fr\u00e5n dig och andra k\u00e4llor<\/h3>\nVi samlar in information fr\u00e5n dig som en del av v\u00e5rt samarbete, men vi kan \u00e4ven f\u00e5 information om dig fr\u00e5n tredje parter, inklusive:\n<ul data-start=\"1431\" data-end=\"1662\">\n<li data-start=\"1431\" data-end=\"1441\">\nKunder\n<\/li>\n<li data-start=\"1442\" data-end=\"1498\">\nArbetsgivare kan l\u00e4mna referenser om dig till Comaea\n<\/li>\n<li data-start=\"1499\" data-end=\"1584\">\nKunder kan l\u00e4mna information relaterad till aktuella eller potentiella samarbeten\n<\/li>\n<li data-start=\"1585\" data-end=\"1601\">\nLeverant\u00f6rer\n<\/li>\n<li data-start=\"1602\" data-end=\"1662\">\nRekryteringsf\u00f6retag, som en del av rekryteringsprocessen\n<\/li>\n<\/ul>\nOm din ans\u00f6kan om anst\u00e4llning lyckas, sparas informationen du l\u00e4mnat under rekryteringsprocessen i din personalakt under anst\u00e4llningens g\u00e5ng samt ytterligare sex \u00e5r efter avslutad anst\u00e4llning.\nVi kan kontakta tidigare eller nuvarande arbetsgivare f\u00f6r att be om referenser.<br data-start=\"1939\" data-end=\"1942\" \/>Om du inte blir anst\u00e4lld sparas uppgifterna i sex m\u00e5nader efter att rekryteringsprocessen avslutats.\n<hr data-start=\"2046\" data-end=\"2049\" \/>\n<h3 data-start=\"2051\" data-end=\"2108\">4. N\u00e4r vi anv\u00e4nder personuppgifter fr\u00e5n tredje part<\/h3>\nVi f\u00e5r ofta kontaktuppgifter fr\u00e5n befintliga kunder som h\u00e4nvisar oss till sina klienter avseende de tj\u00e4nster vi erbjuder. Om du inte vill att vi kontaktar dig, v\u00e4nligen meddela oss via e-postadressen nedan.\n<hr data-start=\"2320\" data-end=\"2323\" \/>\n<h3 data-start=\"2325\" data-end=\"2368\">5. Var vi lagrar dina personuppgifter<\/h3>\nAll information du l\u00e4mnar lagras p\u00e5 v\u00e5ra s\u00e4kra servrar, som \u00e4r placerade i Europa, Mellan\u00f6stern och Asien-Stillahavsomr\u00e5det.\n<hr data-start=\"2498\" data-end=\"2501\" \/>\n<h3 data-start=\"2503\" data-end=\"2527\">6. Lagring av data<\/h3>\nHur l\u00e4nge vi beh\u00e5ller dina personuppgifter beror p\u00e5 flera faktorer, inklusive syftet med informationen samt v\u00e5ra skyldigheter enligt g\u00e4llande lagar.\nVi samlar inte in mer information \u00e4n vi beh\u00f6ver och sparar den inte l\u00e4ngre \u00e4n n\u00f6dv\u00e4ndigt.\n<hr data-start=\"2774\" data-end=\"2777\" \/>\n<h3 data-start=\"2779\" data-end=\"2804\">7. Dina r\u00e4ttigheter<\/h3>\nDu har r\u00e4ttigheter enligt dataskyddslagstiftningen. F\u00f6r vissa r\u00e4ttigheter kan vi beh\u00f6va be dig om information f\u00f6r att bekr\u00e4fta din identitet och, d\u00e4r till\u00e4mpligt, hj\u00e4lpa oss att hitta dina personuppgifter.\n<hr data-start=\"3015\" data-end=\"3018\" \/>\n<h3 data-start=\"3020\" data-end=\"3053\">8. R\u00e4tt till registerutdrag<\/h3>\nDu har r\u00e4tt att beg\u00e4ra en kopia av de personuppgifter vi har om dig. Detta kan du g\u00f6ra genom att skriva eller mejla oss via adresserna i slutet av policyn. Vi svarar inom 30 dagar, s\u00e5vida det inte finns exceptionella omst\u00e4ndigheter.\n<hr data-start=\"3291\" data-end=\"3294\" \/>\n<h3 data-start=\"3296\" data-end=\"3327\">9. Publicitetsr\u00e4ttigheter<\/h3>\nAbonnenten f\u00e5r inte \u00f6verl\u00e5ta eller tilldela detta avtal eller n\u00e5gra r\u00e4ttigheter eller skyldigheter h\u00e4ri utan Comaeas skriftliga medgivande. Alla f\u00f6rs\u00f6k till \u00f6verl\u00e5telse i strid med detta \u00e4r ogiltiga. Avtalet g\u00e4ller till f\u00f6rm\u00e5n f\u00f6r till\u00e5tna eftertr\u00e4dare och r\u00e4ttsinnehavare och \u00e4r bindande f\u00f6r arvingar, juridiska f\u00f6retr\u00e4dare och till\u00e5tna \u00f6vertagare.\n<hr data-start=\"3682\" data-end=\"3685\" \/>\n<h3 data-start=\"3687\" data-end=\"3740\">10. R\u00e4ttelse och uppdatering av personuppgifter<\/h3>\nNoggrannheten i din information \u00e4r viktig f\u00f6r oss. Om du \u00e4ndrar dina kontaktuppgifter eller uppt\u00e4cker att n\u00e5gon information vi har \u00e4r felaktig eller inaktuell, v\u00e4nligen kontakta oss p\u00e5 n\u00e5got av de s\u00e4tt som beskrivs i slutet av denna policy.\n<hr data-start=\"3986\" data-end=\"3989\" \/>\n<h3 data-start=\"3991\" data-end=\"4025\">11. \u00c5terkallelse av samtycke<\/h3>\nOm vi behandlar dina personuppgifter baserat p\u00e5 ditt samtycke, kan du n\u00e4r som helst \u00e5terkalla detta genom att kontakta oss via adressen\/e-postadressen l\u00e4ngst ner i policyn.\nOm du vill \u00e5terkalla samtycke f\u00f6r marknadsf\u00f6ring som du tidigare valt att ta emot, kan du g\u00f6ra det via l\u00e4nken &#8221;avsluta prenumeration&#8221; i marknadsf\u00f6ringsmaterialet.\n<hr data-start=\"4369\" data-end=\"4372\" \/>\n<h3 data-start=\"4374\" data-end=\"4411\">12. Radering av personuppgifter<\/h3>\nDu har r\u00e4tt att be oss ta bort dina uppgifter fr\u00e5n v\u00e5ra system genom att kontakta oss. Om vi inte har n\u00e5gon laglig grund f\u00f6r att forts\u00e4tta behandla eller lagra dina uppgifter, kommer vi att g\u00f6ra rimliga anstr\u00e4ngningar f\u00f6r att radera dem.\nDu har ocks\u00e5 r\u00e4tt att beg\u00e4ra begr\u00e4nsning av behandlingen om du anser att det \u00e4r olagligt att forts\u00e4tta.\n<hr data-start=\"4761\" data-end=\"4764\" \/>\n<h3 data-start=\"4766\" data-end=\"4828\">13. \u00d6verf\u00f6ring av personuppgifter i strukturerad datafil<\/h3>\nN\u00e4r vi behandlar dina uppgifter baserat p\u00e5 ditt samtycke eller ett avtal kan du beg\u00e4ra en kopia i ett strukturerat dataformat. Detta \u00f6verf\u00f6rs via s\u00e4ker fil\u00f6verf\u00f6ring. Vi kan neka om uppgifterna ocks\u00e5 r\u00f6r andra individer eller om annan laglig grund f\u00f6religger.\n<hr data-start=\"5093\" data-end=\"5096\" \/>\n<h3 data-start=\"5098\" data-end=\"5141\">14. Klagom\u00e5l till dataskyddsmyndighet<\/h3>\nDu har r\u00e4tt att klaga till din dataskyddsmyndighet om du \u00e4r orolig f\u00f6r hur vi behandlar dina uppgifter. F\u00f6r mer information, bes\u00f6k deras webbplats.\n<hr data-start=\"5294\" data-end=\"5297\" \/>\n<h3 data-start=\"5299\" data-end=\"5326\">15. S\u00e4kerhets\u00e5tg\u00e4rder<\/h3>\nAnv\u00e4ndning av internet \u00e4r tyv\u00e4rr inte helt s\u00e4ker. \u00c4ven om vi g\u00f6r v\u00e5rt b\u00e4sta f\u00f6r att skydda dina personuppgifter, kan vi inte garantera s\u00e4kerheten vid \u00f6verf\u00f6ring till v\u00e5r webbplats. All \u00f6verf\u00f6ring sker p\u00e5 egen risk.\nN\u00e4r vi v\u00e4l mottagit uppgifterna inf\u00f6r vi rimliga och l\u00e4mpliga kontroller f\u00f6r att skydda dem mot oavsiktlig eller olaglig f\u00f6rst\u00f6relse, f\u00f6rlust, \u00e4ndring eller obeh\u00f6rig \u00e5tkomst.\nVi kan samla in s\u00e4rskilda kategorier av personuppgifter. Vid behov kan vi inf\u00f6ra extra s\u00e4kerhets\u00e5tg\u00e4rder f\u00f6r dessa.\n<hr data-start=\"5843\" data-end=\"5846\" \/>\n<h3 data-start=\"5848\" data-end=\"5881\">16. Anv\u00e4ndning av &#8221;cookies&#8221;<\/h3>\nPrecis som m\u00e5nga andra webbplatser anv\u00e4nder vi cookies. Cookies \u00e4r sm\u00e5 filer som lagras p\u00e5 din enhet och g\u00f6r att v\u00e5r webbplats kan k\u00e4nna igen dig och optimera dina \u00e5tg\u00e4rder p\u00e5 sidan. Vi anv\u00e4nder endast n\u00f6dv\u00e4ndiga och funktionella cookies.\n<hr data-start=\"6125\" data-end=\"6128\" \/>\n<h3 data-start=\"6130\" data-end=\"6169\">17. L\u00e4nkar till andra webbplatser<\/h3>\nV\u00e5r webbplats kan inneh\u00e5lla l\u00e4nkar till andra webbplatser. Denna policy g\u00e4ller inte dessa webbplatser eller appar. Vi ansvarar inte f\u00f6r deras integritetspolicyer eller praxis, \u00e4ven om du n\u00e5tt dem via v\u00e5r webbplats.\nVi rekommenderar att du l\u00e4ser deras integritetspolicyer separat.\n<hr data-start=\"6457\" data-end=\"6460\" \/>\n<h3 data-start=\"6462\" data-end=\"6486\">18. Marknadsf\u00f6ring<\/h3>\nDu kommer endast att f\u00e5 direktmarknadsf\u00f6ring fr\u00e5n Comaea om du uttryckligen samtyckt till detta, exempelvis genom att:\n<ul data-start=\"6610\" data-end=\"6925\">\n<li data-start=\"6610\" data-end=\"6622\">\nBli kund\n<\/li>\n<li data-start=\"6623\" data-end=\"6650\">\nDelta vid ett evenemang\n<\/li>\n<li data-start=\"6651\" data-end=\"6698\">\nL\u00e4mna ett visitkort till en Comaea-anst\u00e4lld\n<\/li>\n<li data-start=\"6699\" data-end=\"6797\">\nRegistrera dina kontaktuppgifter f\u00f6r information eller gratis nedladdningar fr\u00e5n v\u00e5r webbplats\n<\/li>\n<li data-start=\"6798\" data-end=\"6857\">\nSkicka en e-postf\u00f6rfr\u00e5gan f\u00f6r att delta i ett evenemang\n<\/li>\n<li data-start=\"6858\" data-end=\"6925\">\nDelta i ett evenemang organiserat eller samarrangerat av Comaea\n<\/li>\n<\/ul>\nSamtycket kan \u00e5terkallas n\u00e4r som helst via alternativet &#8221;avsluta prenumeration&#8221;.\n<hr data-start=\"7011\" data-end=\"7014\" \/>\n<h3 data-start=\"7016\" data-end=\"7038\">19. Kontakta oss<\/h3>\nOm du vill kontakta oss, skriv till:<br data-start=\"7076\" data-end=\"7079\" \/><strong data-start=\"7079\" data-end=\"7165\">Data Protection Lead, Comaea International AB, Surbrunnsgatan 44, 113 48 Stockholm<\/strong><br data-start=\"7165\" data-end=\"7168\" \/>eller via e-post: <strong data-start=\"7186\" data-end=\"7215\"><a rel=\"noopener\" data-start=\"7188\" data-end=\"7213\">Kenneth.Lundin@comaea.com<\/a><\/strong>\n\n","protected":false},"excerpt":{"rendered":"<p>Comaea Integritetspolicy Comaea International AB (h\u00e4danefter kollektivt ben\u00e4mnt som &#8221;Comaea&#8221;, &#8221;vi&#8221; eller &#8221;oss&#8221;) \u00e4r en molnbaserad mjukvaruplattform f\u00f6r kompetenshantering, medarbetarutveckling och kvalitetss\u00e4kring. Den erbjuder \u00e4ven en enkel men helt\u00e4ckande l\u00f6sning f\u00f6r Performance Management, Human Capital Management och Talent Management. 1. Vem \u00e4r Comaea? Comaea International AB (h\u00e4danefter kollektivt ben\u00e4mnt som &#8221;F\u00f6retaget&#8221;, &#8221;oss&#8221;, &#8221;vi&#8221;, &#8221;Comaea&#8221; eller&hellip;<\/p>\n","protected":false},"author":1,"featured_media":0,"parent":0,"menu_order":0,"comment_status":"closed","ping_status":"closed","template":"","meta":{"_monsterinsights_skip_tracking":false,"_monsterinsights_sitenote_active":false,"_monsterinsights_sitenote_note":"","_monsterinsights_sitenote_category":0,"footnotes":""},"class_list":["post-2039","page","type-page","status-publish","hentry"],"yoast_head":"<!-- This site is optimized with the Yoast SEO plugin v27.3 - https:\/\/yoast.com\/product\/yoast-seo-wordpress\/ -->\n<title>Integritetspolicy | Comaea<\/title>\n<meta name=\"description\" content=\"L\u00e4s Comaeas integritetspolicy och hur vi hanterar personuppgifter.\" \/>\n<meta name=\"robots\" content=\"index, follow, max-snippet:-1, max-image-preview:large, max-video-preview:-1\" \/>\n<link rel=\"canonical\" href=\"https:\/\/comaea.com\/sv\/integritetspolicy\/\" \/>\n<meta property=\"og:locale\" content=\"sv_SE\" \/>\n<meta property=\"og:type\" content=\"article\" \/>\n<meta property=\"og:title\" content=\"Integritetspolicy | Comaea\" \/>\n<meta property=\"og:description\" content=\"L\u00e4s Comaeas integritetspolicy och hur vi hanterar personuppgifter.\" \/>\n<meta property=\"og:url\" content=\"https:\/\/comaea.com\/sv\/integritetspolicy\/\" \/>\n<meta property=\"og:site_name\" content=\"comaea | competency management software | competency made easy | united kingdom\" \/>\n<meta property=\"article:modified_time\" content=\"2026-01-08T23:07:27+00:00\" \/>\n<meta name=\"twitter:card\" content=\"summary_large_image\" \/>\n<meta name=\"twitter:label1\" content=\"Ber\u00e4knad l\u00e4stid\" \/>\n\t<meta name=\"twitter:data1\" content=\"5 minuter\" \/>\n<script type=\"application\/ld+json\" class=\"yoast-schema-graph\">{\"@context\":\"https:\\\/\\\/schema.org\",\"@graph\":[{\"@type\":\"WebPage\",\"@id\":\"https:\\\/\\\/comaea.com\\\/sv\\\/integritetspolicy\\\/\",\"url\":\"https:\\\/\\\/comaea.com\\\/sv\\\/integritetspolicy\\\/\",\"name\":\"Integritetspolicy | Comaea\",\"isPartOf\":{\"@id\":\"https:\\\/\\\/comaea.com\\\/sv\\\/#website\"},\"datePublished\":\"2024-01-05T14:41:02+00:00\",\"dateModified\":\"2026-01-08T23:07:27+00:00\",\"description\":\"L\u00e4s Comaeas integritetspolicy och hur vi hanterar personuppgifter.\",\"breadcrumb\":{\"@id\":\"https:\\\/\\\/comaea.com\\\/sv\\\/integritetspolicy\\\/#breadcrumb\"},\"inLanguage\":\"sv-SE\",\"potentialAction\":[{\"@type\":\"ReadAction\",\"target\":[\"https:\\\/\\\/comaea.com\\\/sv\\\/integritetspolicy\\\/\"]}]},{\"@type\":\"BreadcrumbList\",\"@id\":\"https:\\\/\\\/comaea.com\\\/sv\\\/integritetspolicy\\\/#breadcrumb\",\"itemListElement\":[{\"@type\":\"ListItem\",\"position\":1,\"name\":\"Home\",\"item\":\"https:\\\/\\\/comaea.com\\\/sv\\\/\"},{\"@type\":\"ListItem\",\"position\":2,\"name\":\"Comaea Integritetspolicy\"}]},{\"@type\":\"WebSite\",\"@id\":\"https:\\\/\\\/comaea.com\\\/sv\\\/#website\",\"url\":\"https:\\\/\\\/comaea.com\\\/sv\\\/\",\"name\":\"comaea | competency management software | competency made easy | united kingdom\",\"description\":\"\",\"potentialAction\":[{\"@type\":\"SearchAction\",\"target\":{\"@type\":\"EntryPoint\",\"urlTemplate\":\"https:\\\/\\\/comaea.com\\\/sv\\\/?s={search_term_string}\"},\"query-input\":{\"@type\":\"PropertyValueSpecification\",\"valueRequired\":true,\"valueName\":\"search_term_string\"}}],\"inLanguage\":\"sv-SE\"}]}<\/script>\n<!-- \/ Yoast SEO plugin. -->","yoast_head_json":{"title":"Integritetspolicy | Comaea","description":"L\u00e4s Comaeas integritetspolicy och hur vi hanterar personuppgifter.","robots":{"index":"index","follow":"follow","max-snippet":"max-snippet:-1","max-image-preview":"max-image-preview:large","max-video-preview":"max-video-preview:-1"},"canonical":"https:\/\/comaea.com\/sv\/integritetspolicy\/","og_locale":"sv_SE","og_type":"article","og_title":"Integritetspolicy | Comaea","og_description":"L\u00e4s Comaeas integritetspolicy och hur vi hanterar personuppgifter.","og_url":"https:\/\/comaea.com\/sv\/integritetspolicy\/","og_site_name":"comaea | competency management software | competency made easy | united kingdom","article_modified_time":"2026-01-08T23:07:27+00:00","twitter_card":"summary_large_image","twitter_misc":{"Ber\u00e4knad l\u00e4stid":"5 minuter"},"schema":{"@context":"https:\/\/schema.org","@graph":[{"@type":"WebPage","@id":"https:\/\/comaea.com\/sv\/integritetspolicy\/","url":"https:\/\/comaea.com\/sv\/integritetspolicy\/","name":"Integritetspolicy | Comaea","isPartOf":{"@id":"https:\/\/comaea.com\/sv\/#website"},"datePublished":"2024-01-05T14:41:02+00:00","dateModified":"2026-01-08T23:07:27+00:00","description":"L\u00e4s Comaeas integritetspolicy och hur vi hanterar personuppgifter.","breadcrumb":{"@id":"https:\/\/comaea.com\/sv\/integritetspolicy\/#breadcrumb"},"inLanguage":"sv-SE","potentialAction":[{"@type":"ReadAction","target":["https:\/\/comaea.com\/sv\/integritetspolicy\/"]}]},{"@type":"BreadcrumbList","@id":"https:\/\/comaea.com\/sv\/integritetspolicy\/#breadcrumb","itemListElement":[{"@type":"ListItem","position":1,"name":"Home","item":"https:\/\/comaea.com\/sv\/"},{"@type":"ListItem","position":2,"name":"Comaea Integritetspolicy"}]},{"@type":"WebSite","@id":"https:\/\/comaea.com\/sv\/#website","url":"https:\/\/comaea.com\/sv\/","name":"comaea | competency management software | competency made easy | united kingdom","description":"","potentialAction":[{"@type":"SearchAction","target":{"@type":"EntryPoint","urlTemplate":"https:\/\/comaea.com\/sv\/?s={search_term_string}"},"query-input":{"@type":"PropertyValueSpecification","valueRequired":true,"valueName":"search_term_string"}}],"inLanguage":"sv-SE"}]}},"_links":{"self":[{"href":"https:\/\/comaea.com\/sv\/wp-json\/wp\/v2\/pages\/2039","targetHints":{"allow":["GET"]}}],"collection":[{"href":"https:\/\/comaea.com\/sv\/wp-json\/wp\/v2\/pages"}],"about":[{"href":"https:\/\/comaea.com\/sv\/wp-json\/wp\/v2\/types\/page"}],"author":[{"embeddable":true,"href":"https:\/\/comaea.com\/sv\/wp-json\/wp\/v2\/users\/1"}],"replies":[{"embeddable":true,"href":"https:\/\/comaea.com\/sv\/wp-json\/wp\/v2\/comments?post=2039"}],"version-history":[{"count":2,"href":"https:\/\/comaea.com\/sv\/wp-json\/wp\/v2\/pages\/2039\/revisions"}],"predecessor-version":[{"id":2042,"href":"https:\/\/comaea.com\/sv\/wp-json\/wp\/v2\/pages\/2039\/revisions\/2042"}],"wp:attachment":[{"href":"https:\/\/comaea.com\/sv\/wp-json\/wp\/v2\/media?parent=2039"}],"curies":[{"name":"wp","href":"https:\/\/api.w.org\/{rel}","templated":true}]}}