{"id":2031,"date":"2025-09-30T16:59:58","date_gmt":"2025-09-30T15:59:58","guid":{"rendered":"https:\/\/comaea.com\/?page_id=2031"},"modified":"2025-09-30T21:11:31","modified_gmt":"2025-09-30T20:11:31","slug":"c11-videor","status":"publish","type":"page","link":"https:\/\/comaea.com\/sv\/c11-videor\/","title":{"rendered":"C11-videor"},"content":{"rendered":"\n<h1>\n\t\t\tC11-support\t<\/h1>\n<h2>\n\t\t\tvideor\t<\/h2>\n\t<iframe allowfullscreen allow=\"autoplay\" data-src=\"https:\/\/www.youtube.com\/embed\/bxjreK82poo?feature=oembed&amp;start&amp;end&amp;wmode=opaque&amp;loop=0&amp;controls=1&amp;mute=0&amp;rel=0&amp;modestbranding=0\"><\/iframe>\t\t\n\t\t\t\t\tPlay Video\n<h3>\n\t\t\tNavigera i det nya gr\u00e4nssnittet\t<\/h3>\n\t<p>En genomg\u00e5ng av den grundl\u00e4ggande navigeringen och nyckelsidorna i Comaea C11 ur ett anv\u00e4ndarperspektiv.<\/p>\n<p><a title=\"Video Transcript\" href=\"https:\/\/comaea.uk\/help\/videos\/c11\/CUG11-001 Basic Navigation v01_TRANSCRIPT.pdf\" target=\"_blank\" rel=\"noopener\"><strong>Ladda ner en kopia av transkriptionen<\/strong><\/a><\/p>\n\t<iframe allowfullscreen allow=\"autoplay\" data-src=\"https:\/\/www.youtube.com\/embed\/VrZhtNuQiZM?feature=oembed&amp;start&amp;end&amp;wmode=opaque&amp;loop=0&amp;controls=1&amp;mute=0&amp;rel=0&amp;modestbranding=0\"><\/iframe>\t\t\n\t\t\t\t\tPlay Video\n<h3>\n\t\t\tSlutf\u00f6ra din sj\u00e4lvutv\u00e4rdering\t<\/h3>\n\t<p>Hur man slutf\u00f6r sin sj\u00e4lvutv\u00e4rdering och en detaljerad titt p\u00e5 sidan Kompetens\u00f6versikt.<\/p>\n<p><strong><a title=\"Video Transcript\" href=\"https:\/\/comaea.uk\/help\/videos\/c11\/CUG11-002 Self Review v01_TRANSCRIPT.pdf\" target=\"_blank\" rel=\"noopener\">Ladda ner en kopia av transkriptionen<\/a><\/strong><\/p>\n\t<iframe allowfullscreen allow=\"autoplay\" data-src=\"https:\/\/www.youtube.com\/embed\/VrZhtNuQiZM?feature=oembed&amp;start&amp;end&amp;wmode=opaque&amp;loop=0&amp;controls=1&amp;mute=0&amp;rel=0&amp;modestbranding=0\"><\/iframe>\t\t\n\t\t\t\t\tPlay Video\n<h3>\n\t\t\tSlutf\u00f6ra en chefsutv\u00e4rdering\t<\/h3>\n\t<p>Hur man hittar medarbetare och slutf\u00f6r kompetensgodk\u00e4nnanden som chef.<\/p>\n<p><strong><a title=\"Video Transcript\" href=\"https:\/\/comaea.uk\/help\/videos\/c11\/CUG11-003 Manager Review v01_TRANSCRIPT.pdf\" target=\"_blank\" rel=\"noopener\">Ladda ner en kopia av transkriptionen<\/a><\/strong><\/p>\n\n","protected":false},"excerpt":{"rendered":"<p>C11-support videor Play Video Navigera i det nya gr\u00e4nssnittet En genomg\u00e5ng av den grundl\u00e4ggande navigeringen och nyckelsidorna i Comaea C11 ur ett anv\u00e4ndarperspektiv. Ladda ner en kopia av transkriptionen Play Video Slutf\u00f6ra din sj\u00e4lvutv\u00e4rdering Hur man slutf\u00f6r sin sj\u00e4lvutv\u00e4rdering och en detaljerad titt p\u00e5 sidan Kompetens\u00f6versikt. Ladda ner en kopia av transkriptionen Play Video Slutf\u00f6ra&hellip;<\/p>\n","protected":false},"author":1,"featured_media":0,"parent":0,"menu_order":0,"comment_status":"closed","ping_status":"closed","template":"","meta":{"_monsterinsights_skip_tracking":false,"_monsterinsights_sitenote_active":false,"_monsterinsights_sitenote_note":"","_monsterinsights_sitenote_category":0,"footnotes":""},"class_list":["post-2031","page","type-page","status-publish","hentry"],"yoast_head":"<!-- This site is optimized with the Yoast SEO plugin v27.3 - https:\/\/yoast.com\/product\/yoast-seo-wordpress\/ -->\n<title>C11-videor - comaea | competency management software | competency made easy | united kingdom<\/title>\n<meta name=\"robots\" content=\"index, follow, max-snippet:-1, max-image-preview:large, max-video-preview:-1\" \/>\n<link rel=\"canonical\" href=\"https:\/\/comaea.com\/sv\/c11-videor\/\" \/>\n<meta property=\"og:locale\" content=\"sv_SE\" \/>\n<meta property=\"og:type\" content=\"article\" \/>\n<meta property=\"og:title\" content=\"C11-videor - comaea | competency management software | competency made easy | united kingdom\" \/>\n<meta property=\"og:description\" content=\"C11-support videor Play Video Navigera i det nya gr\u00e4nssnittet En genomg\u00e5ng av den grundl\u00e4ggande navigeringen och nyckelsidorna i Comaea C11 ur ett anv\u00e4ndarperspektiv. Ladda ner en kopia av transkriptionen Play Video Slutf\u00f6ra din sj\u00e4lvutv\u00e4rdering Hur man slutf\u00f6r sin sj\u00e4lvutv\u00e4rdering och en detaljerad titt p\u00e5 sidan Kompetens\u00f6versikt. Ladda ner en kopia av transkriptionen Play Video Slutf\u00f6ra&hellip;\" \/>\n<meta property=\"og:url\" content=\"https:\/\/comaea.com\/sv\/c11-videor\/\" \/>\n<meta property=\"og:site_name\" content=\"comaea | competency management software | competency made easy | united kingdom\" \/>\n<meta property=\"article:modified_time\" content=\"2025-09-30T20:11:31+00:00\" \/>\n<meta name=\"twitter:card\" content=\"summary_large_image\" \/>\n<meta name=\"twitter:label1\" content=\"Ber\u00e4knad l\u00e4stid\" \/>\n\t<meta name=\"twitter:data1\" content=\"1 minut\" \/>\n<script type=\"application\/ld+json\" class=\"yoast-schema-graph\">{\"@context\":\"https:\\\/\\\/schema.org\",\"@graph\":[{\"@type\":\"WebPage\",\"@id\":\"https:\\\/\\\/comaea.com\\\/sv\\\/c11-videor\\\/\",\"url\":\"https:\\\/\\\/comaea.com\\\/sv\\\/c11-videor\\\/\",\"name\":\"C11-videor - comaea | competency management software | competency made easy | united kingdom\",\"isPartOf\":{\"@id\":\"https:\\\/\\\/comaea.com\\\/sv\\\/#website\"},\"datePublished\":\"2025-09-30T15:59:58+00:00\",\"dateModified\":\"2025-09-30T20:11:31+00:00\",\"breadcrumb\":{\"@id\":\"https:\\\/\\\/comaea.com\\\/sv\\\/c11-videor\\\/#breadcrumb\"},\"inLanguage\":\"sv-SE\",\"potentialAction\":[{\"@type\":\"ReadAction\",\"target\":[\"https:\\\/\\\/comaea.com\\\/sv\\\/c11-videor\\\/\"]}]},{\"@type\":\"BreadcrumbList\",\"@id\":\"https:\\\/\\\/comaea.com\\\/sv\\\/c11-videor\\\/#breadcrumb\",\"itemListElement\":[{\"@type\":\"ListItem\",\"position\":1,\"name\":\"Home\",\"item\":\"https:\\\/\\\/comaea.com\\\/sv\\\/\"},{\"@type\":\"ListItem\",\"position\":2,\"name\":\"C11-videor\"}]},{\"@type\":\"WebSite\",\"@id\":\"https:\\\/\\\/comaea.com\\\/sv\\\/#website\",\"url\":\"https:\\\/\\\/comaea.com\\\/sv\\\/\",\"name\":\"comaea | competency management software | competency made easy | united kingdom\",\"description\":\"\",\"potentialAction\":[{\"@type\":\"SearchAction\",\"target\":{\"@type\":\"EntryPoint\",\"urlTemplate\":\"https:\\\/\\\/comaea.com\\\/sv\\\/?s={search_term_string}\"},\"query-input\":{\"@type\":\"PropertyValueSpecification\",\"valueRequired\":true,\"valueName\":\"search_term_string\"}}],\"inLanguage\":\"sv-SE\"}]}<\/script>\n<!-- \/ Yoast SEO plugin. -->","yoast_head_json":{"title":"C11-videor - comaea | competency management software | competency made easy | united kingdom","robots":{"index":"index","follow":"follow","max-snippet":"max-snippet:-1","max-image-preview":"max-image-preview:large","max-video-preview":"max-video-preview:-1"},"canonical":"https:\/\/comaea.com\/sv\/c11-videor\/","og_locale":"sv_SE","og_type":"article","og_title":"C11-videor - comaea | competency management software | competency made easy | united kingdom","og_description":"C11-support videor Play Video Navigera i det nya gr\u00e4nssnittet En genomg\u00e5ng av den grundl\u00e4ggande navigeringen och nyckelsidorna i Comaea C11 ur ett anv\u00e4ndarperspektiv. Ladda ner en kopia av transkriptionen Play Video Slutf\u00f6ra din sj\u00e4lvutv\u00e4rdering Hur man slutf\u00f6r sin sj\u00e4lvutv\u00e4rdering och en detaljerad titt p\u00e5 sidan Kompetens\u00f6versikt. Ladda ner en kopia av transkriptionen Play Video Slutf\u00f6ra&hellip;","og_url":"https:\/\/comaea.com\/sv\/c11-videor\/","og_site_name":"comaea | competency management software | competency made easy | united kingdom","article_modified_time":"2025-09-30T20:11:31+00:00","twitter_card":"summary_large_image","twitter_misc":{"Ber\u00e4knad l\u00e4stid":"1 minut"},"schema":{"@context":"https:\/\/schema.org","@graph":[{"@type":"WebPage","@id":"https:\/\/comaea.com\/sv\/c11-videor\/","url":"https:\/\/comaea.com\/sv\/c11-videor\/","name":"C11-videor - comaea | competency management software | competency made easy | united kingdom","isPartOf":{"@id":"https:\/\/comaea.com\/sv\/#website"},"datePublished":"2025-09-30T15:59:58+00:00","dateModified":"2025-09-30T20:11:31+00:00","breadcrumb":{"@id":"https:\/\/comaea.com\/sv\/c11-videor\/#breadcrumb"},"inLanguage":"sv-SE","potentialAction":[{"@type":"ReadAction","target":["https:\/\/comaea.com\/sv\/c11-videor\/"]}]},{"@type":"BreadcrumbList","@id":"https:\/\/comaea.com\/sv\/c11-videor\/#breadcrumb","itemListElement":[{"@type":"ListItem","position":1,"name":"Home","item":"https:\/\/comaea.com\/sv\/"},{"@type":"ListItem","position":2,"name":"C11-videor"}]},{"@type":"WebSite","@id":"https:\/\/comaea.com\/sv\/#website","url":"https:\/\/comaea.com\/sv\/","name":"comaea | competency management software | competency made easy | united kingdom","description":"","potentialAction":[{"@type":"SearchAction","target":{"@type":"EntryPoint","urlTemplate":"https:\/\/comaea.com\/sv\/?s={search_term_string}"},"query-input":{"@type":"PropertyValueSpecification","valueRequired":true,"valueName":"search_term_string"}}],"inLanguage":"sv-SE"}]}},"_links":{"self":[{"href":"https:\/\/comaea.com\/sv\/wp-json\/wp\/v2\/pages\/2031","targetHints":{"allow":["GET"]}}],"collection":[{"href":"https:\/\/comaea.com\/sv\/wp-json\/wp\/v2\/pages"}],"about":[{"href":"https:\/\/comaea.com\/sv\/wp-json\/wp\/v2\/types\/page"}],"author":[{"embeddable":true,"href":"https:\/\/comaea.com\/sv\/wp-json\/wp\/v2\/users\/1"}],"replies":[{"embeddable":true,"href":"https:\/\/comaea.com\/sv\/wp-json\/wp\/v2\/comments?post=2031"}],"version-history":[{"count":2,"href":"https:\/\/comaea.com\/sv\/wp-json\/wp\/v2\/pages\/2031\/revisions"}],"predecessor-version":[{"id":2034,"href":"https:\/\/comaea.com\/sv\/wp-json\/wp\/v2\/pages\/2031\/revisions\/2034"}],"wp:attachment":[{"href":"https:\/\/comaea.com\/sv\/wp-json\/wp\/v2\/media?parent=2031"}],"curies":[{"name":"wp","href":"https:\/\/api.w.org\/{rel}","templated":true}]}}