{"id":2019,"date":"2025-09-30T16:35:33","date_gmt":"2025-09-30T15:35:33","guid":{"rendered":"https:\/\/comaea.com\/?page_id=2019"},"modified":"2025-09-30T21:11:30","modified_gmt":"2025-09-30T20:11:30","slug":"c10-videor","status":"publish","type":"page","link":"https:\/\/comaea.com\/sv\/c10-videor\/","title":{"rendered":"C10-videor"},"content":{"rendered":"\n<h1  id=\"c10-videos\">\n\t\t\tC10-support\t<\/h1>\n<h2  id=\"c10-videos\">\n\t\t\tvideor\t<\/h2>\n\t<iframe allowfullscreen allow=\"autoplay\" data-src=\"https:\/\/www.youtube.com\/embed\/rOED8QiCVsg?feature=oembed&amp;start&amp;end&amp;wmode=opaque&amp;loop=0&amp;controls=1&amp;mute=0&amp;rel=0&amp;modestbranding=0\"><\/iframe>\t\t\n\t\t\t\t\tPlay Video\n<h3>\n\t\t\tHur man genomf\u00f6r en sj\u00e4lvbed\u00f6mning\t<\/h3>\n\t<p>En genomg\u00e5ng av den grundl\u00e4ggande navigeringen och funktionaliteten i Comaea ur ett anv\u00e4ndarperspektiv. Hur du loggar in, genomf\u00f6r din kompetensbed\u00f6mning och skickar in den f\u00f6r godk\u00e4nnande.<\/p>\n\t<iframe allowfullscreen allow=\"autoplay\" data-src=\"https:\/\/www.youtube.com\/embed\/O4dnkc6_y1Y?feature=oembed&amp;start&amp;end&amp;wmode=opaque&amp;loop=0&amp;controls=1&amp;mute=0&amp;rel=0&amp;modestbranding=0\"><\/iframe>\t\t\n\t\t\t\t\tPlay Video\n<h3>\n\t\t\tAnv\u00e4ndarportf\u00f6lj\t<\/h3>\n\t<p>Visa din portf\u00f6lj n\u00e4r din godk\u00e4nnare\/moderator\/chef har godk\u00e4nt dina resultat.<\/p>\n\t<iframe allowfullscreen allow=\"autoplay\" data-src=\"https:\/\/www.youtube.com\/embed\/3qQXNE3mRWg?feature=oembed&amp;start&amp;end&amp;wmode=opaque&amp;loop=0&amp;controls=1&amp;mute=0&amp;rel=0&amp;modestbranding=0\"><\/iframe>\t\t\n\t\t\t\t\tPlay Video\n<h3>\n\t\t\tL\u00e4gga till rollprofiler och karri\u00e4rsteg\t<\/h3>\n\t<p>Hur man l\u00e4gger till en rollprofil som en nuvarande roll eller som karri\u00e4rsteg. Denna video t\u00e4cker hur man l\u00e4gger till roller ur ett anv\u00e4ndar-, chef- och administrat\u00f6rsperspektiv.<\/p>\n\t<iframe allowfullscreen allow=\"autoplay\" data-src=\"https:\/\/www.youtube.com\/embed\/LM8wdDqLquA?feature=oembed&amp;start&amp;end&amp;wmode=opaque&amp;loop=0&amp;controls=1&amp;mute=0&amp;rel=0&amp;modestbranding=0\"><\/iframe>\t\t\n\t\t\t\t\tPlay Video\n<h3>\n\t\t\tGap-\u00e5tg\u00e4rder &#8211; Planer, m\u00e5l och aktiviteter\t<\/h3>\n\t<p>Hur du hittar relevant l\u00e4rande f\u00f6r att t\u00e4cka eventuella kompetensgap och hur planer, m\u00e5l och aktiviteter kan hj\u00e4lpa dig att strukturera din utveckling. Detta kallas ofta Individuella utvecklingsplaner (IDP) eller kan ha ett annat namn i din organisation.<\/p>\n\t<iframe allowfullscreen allow=\"autoplay\" data-src=\"https:\/\/www.youtube.com\/embed\/TN-bDVtM0hQ?feature=oembed&amp;start&amp;end&amp;wmode=opaque&amp;loop=0&amp;controls=1&amp;mute=0&amp;rel=0&amp;modestbranding=0\"><\/iframe>\t\t\n\t\t\t\t\tPlay Video\n<h3>\n\t\t\tChefens instrumentpanel\t<\/h3>\n\t<p>En titt p\u00e5 chefens dashboard, listvy och widgets. Visning av vissa rapporter och analyser samt en genomg\u00e5ng av filter och avancerade s\u00f6kningar.<\/p>\n\t<iframe allowfullscreen allow=\"autoplay\" data-src=\"https:\/\/www.youtube.com\/embed\/iBjL0BNwpDE?feature=oembed&amp;start&amp;end&amp;wmode=opaque&amp;loop=0&amp;controls=1&amp;mute=0&amp;rel=0&amp;modestbranding=0\"><\/iframe>\t\t\n\t\t\t\t\tPlay Video\n<h3>\n\t\t\tHur man godk\u00e4nner en bed\u00f6mning\t<\/h3>\n\t<p>Hur man godk\u00e4nner en bed\u00f6mning om du \u00e4r chef\/godk\u00e4nnare\/moderator<\/p>\n\t<iframe allowfullscreen allow=\"autoplay\" data-src=\"https:\/\/www.youtube.com\/embed\/YdugNGYbCJM?feature=oembed&amp;start&amp;end&amp;wmode=opaque&amp;loop=0&amp;controls=1&amp;mute=0&amp;rel=0&amp;modestbranding=0\"><\/iframe>\t\t\n\t\t\t\t\tPlay Video\n<h3>\n\t\t\tOrganisationsenheter och anv\u00e4ndare\t<\/h3>\n\t<p>Hantera organisationsenheter och ange chefr\u00e4ttigheter. L\u00e4gga till nya anv\u00e4ndare och st\u00e4lla in beh\u00f6righeter f\u00f6r att visa organisationer, befattningsfamiljer och certifieringar.<\/p>\n\t<iframe allowfullscreen allow=\"autoplay\" data-src=\"https:\/\/www.youtube.com\/embed\/kmnPNuGlPcs?feature=oembed&amp;start&amp;end&amp;wmode=opaque&amp;loop=0&amp;controls=1&amp;mute=0&amp;rel=0&amp;modestbranding=0\"><\/iframe>\t\t\n\t\t\t\t\tPlay Video\n<h3>\n\t\t\tInloggningsproblem\t<\/h3>\n\t<p>St\u00e4lla in l\u00f6senord, l\u00e5sta konton, saknade anv\u00e4ndare.<\/p>\n\t<iframe allowfullscreen allow=\"autoplay\" data-src=\"https:\/\/www.youtube.com\/embed\/f_qQ8m8N-r8?feature=oembed&amp;start&amp;end&amp;wmode=opaque&amp;loop=0&amp;controls=1&amp;mute=0&amp;rel=0&amp;modestbranding=0\"><\/iframe>\t\t\n\t\t\t\t\tPlay Video\n<h3>\n\t\t\tL\u00e4gga till kompetenser\t<\/h3>\n\t<p>Hur man l\u00e4gger till kompetenser i kompetensbiblioteket.<\/p>\n\t<iframe allowfullscreen allow=\"autoplay\" data-src=\"https:\/\/www.youtube.com\/embed\/kvt8_3bCWrs?feature=oembed&amp;start&amp;end&amp;wmode=opaque&amp;loop=0&amp;controls=1&amp;mute=0&amp;rel=0&amp;modestbranding=0\"><\/iframe>\t\t\n\t\t\t\t\tPlay Video\n<h3>\n\t\t\tL\u00e4gga till roller\t<\/h3>\n\t<p>Hur man l\u00e4gger till en befattning.<\/p>\n\t<iframe allowfullscreen allow=\"autoplay\" data-src=\"https:\/\/www.youtube.com\/embed\/BrSUPS6n8QE?feature=oembed&amp;start&amp;end&amp;wmode=opaque&amp;loop=0&amp;controls=1&amp;mute=0&amp;rel=0&amp;modestbranding=0\"><\/iframe>\t\t\n\t\t\t\t\tPlay Video\n<h3>\n\t\t\tSt\u00e4lla in krav f\u00f6r befattningsniv\u00e5er\t<\/h3>\n\t<p>Hur man st\u00e4ller in JLR:er f\u00f6r roller, inklusive att ange kompetensgrupper.<\/p>\n\t<iframe allowfullscreen allow=\"autoplay\" data-src=\"https:\/\/www.youtube.com\/embed\/SBpNJdlUw2g?feature=oembed&amp;start&amp;end&amp;wmode=opaque&amp;loop=0&amp;controls=1&amp;mute=0&amp;rel=0&amp;modestbranding=0\"><\/iframe>\t\t\n\t\t\t\t\tPlay Video\n<h3>\n\t\t\tBefattningskategorier och kompetensgrupper\t<\/h3>\n\t<p>Hur man skapar befattningskategorier och kompetensgrupper i konfigurationsmenyn.<\/p>\n\t<iframe allowfullscreen allow=\"autoplay\" data-src=\"https:\/\/www.youtube.com\/embed\/oGjk6qojCEk?feature=oembed&amp;start&amp;end&amp;wmode=opaque&amp;loop=0&amp;controls=1&amp;mute=0&amp;rel=0&amp;modestbranding=0\"><\/iframe>\t\t\n\t\t\t\t\tPlay Video\n<h3>\n\t\t\tL\u00e4randehantering\t<\/h3>\n\t<p>Hur man skapar l\u00e4raktiviteter och l\u00e4nkar dem till kompetenser.<\/p>\n\n","protected":false},"excerpt":{"rendered":"<p>C10-support videor Play Video Hur man genomf\u00f6r en sj\u00e4lvbed\u00f6mning En genomg\u00e5ng av den grundl\u00e4ggande navigeringen och funktionaliteten i Comaea ur ett anv\u00e4ndarperspektiv. Hur du loggar in, genomf\u00f6r din kompetensbed\u00f6mning och skickar in den f\u00f6r godk\u00e4nnande. Play Video Anv\u00e4ndarportf\u00f6lj Visa din portf\u00f6lj n\u00e4r din godk\u00e4nnare\/moderator\/chef har godk\u00e4nt dina resultat. Play Video L\u00e4gga till rollprofiler och karri\u00e4rsteg&hellip;<\/p>\n","protected":false},"author":1,"featured_media":0,"parent":0,"menu_order":0,"comment_status":"closed","ping_status":"closed","template":"","meta":{"_monsterinsights_skip_tracking":false,"_monsterinsights_sitenote_active":false,"_monsterinsights_sitenote_note":"","_monsterinsights_sitenote_category":0,"footnotes":""},"class_list":["post-2019","page","type-page","status-publish","hentry"],"yoast_head":"<!-- This site is optimized with the Yoast SEO plugin v27.3 - https:\/\/yoast.com\/product\/yoast-seo-wordpress\/ -->\n<title>C10-videor - comaea | competency management software | competency made easy | united kingdom<\/title>\n<meta name=\"robots\" content=\"index, follow, max-snippet:-1, max-image-preview:large, max-video-preview:-1\" \/>\n<link rel=\"canonical\" href=\"https:\/\/comaea.com\/sv\/c10-videor\/\" \/>\n<meta property=\"og:locale\" content=\"sv_SE\" \/>\n<meta property=\"og:type\" content=\"article\" \/>\n<meta property=\"og:title\" content=\"C10-videor - comaea | competency management software | competency made easy | united kingdom\" \/>\n<meta property=\"og:description\" content=\"C10-support videor Play Video Hur man genomf\u00f6r en sj\u00e4lvbed\u00f6mning En genomg\u00e5ng av den grundl\u00e4ggande navigeringen och funktionaliteten i Comaea ur ett anv\u00e4ndarperspektiv. Hur du loggar in, genomf\u00f6r din kompetensbed\u00f6mning och skickar in den f\u00f6r godk\u00e4nnande. Play Video Anv\u00e4ndarportf\u00f6lj Visa din portf\u00f6lj n\u00e4r din godk\u00e4nnare\/moderator\/chef har godk\u00e4nt dina resultat. Play Video L\u00e4gga till rollprofiler och karri\u00e4rsteg&hellip;\" \/>\n<meta property=\"og:url\" content=\"https:\/\/comaea.com\/sv\/c10-videor\/\" \/>\n<meta property=\"og:site_name\" content=\"comaea | competency management software | competency made easy | united kingdom\" \/>\n<meta property=\"article:modified_time\" content=\"2025-09-30T20:11:30+00:00\" \/>\n<meta name=\"twitter:card\" content=\"summary_large_image\" \/>\n<meta name=\"twitter:label1\" content=\"Ber\u00e4knad l\u00e4stid\" \/>\n\t<meta name=\"twitter:data1\" content=\"2 minuter\" \/>\n<script type=\"application\/ld+json\" class=\"yoast-schema-graph\">{\"@context\":\"https:\\\/\\\/schema.org\",\"@graph\":[{\"@type\":\"WebPage\",\"@id\":\"https:\\\/\\\/comaea.com\\\/sv\\\/c10-videor\\\/\",\"url\":\"https:\\\/\\\/comaea.com\\\/sv\\\/c10-videor\\\/\",\"name\":\"C10-videor - comaea | competency management software | competency made easy | united kingdom\",\"isPartOf\":{\"@id\":\"https:\\\/\\\/comaea.com\\\/sv\\\/#website\"},\"datePublished\":\"2025-09-30T15:35:33+00:00\",\"dateModified\":\"2025-09-30T20:11:30+00:00\",\"breadcrumb\":{\"@id\":\"https:\\\/\\\/comaea.com\\\/sv\\\/c10-videor\\\/#breadcrumb\"},\"inLanguage\":\"sv-SE\",\"potentialAction\":[{\"@type\":\"ReadAction\",\"target\":[\"https:\\\/\\\/comaea.com\\\/sv\\\/c10-videor\\\/\"]}]},{\"@type\":\"BreadcrumbList\",\"@id\":\"https:\\\/\\\/comaea.com\\\/sv\\\/c10-videor\\\/#breadcrumb\",\"itemListElement\":[{\"@type\":\"ListItem\",\"position\":1,\"name\":\"Home\",\"item\":\"https:\\\/\\\/comaea.com\\\/sv\\\/\"},{\"@type\":\"ListItem\",\"position\":2,\"name\":\"C10-videor\"}]},{\"@type\":\"WebSite\",\"@id\":\"https:\\\/\\\/comaea.com\\\/sv\\\/#website\",\"url\":\"https:\\\/\\\/comaea.com\\\/sv\\\/\",\"name\":\"comaea | competency management software | competency made easy | united kingdom\",\"description\":\"\",\"potentialAction\":[{\"@type\":\"SearchAction\",\"target\":{\"@type\":\"EntryPoint\",\"urlTemplate\":\"https:\\\/\\\/comaea.com\\\/sv\\\/?s={search_term_string}\"},\"query-input\":{\"@type\":\"PropertyValueSpecification\",\"valueRequired\":true,\"valueName\":\"search_term_string\"}}],\"inLanguage\":\"sv-SE\"}]}<\/script>\n<!-- \/ Yoast SEO plugin. -->","yoast_head_json":{"title":"C10-videor - comaea | competency management software | competency made easy | united kingdom","robots":{"index":"index","follow":"follow","max-snippet":"max-snippet:-1","max-image-preview":"max-image-preview:large","max-video-preview":"max-video-preview:-1"},"canonical":"https:\/\/comaea.com\/sv\/c10-videor\/","og_locale":"sv_SE","og_type":"article","og_title":"C10-videor - comaea | competency management software | competency made easy | united kingdom","og_description":"C10-support videor Play Video Hur man genomf\u00f6r en sj\u00e4lvbed\u00f6mning En genomg\u00e5ng av den grundl\u00e4ggande navigeringen och funktionaliteten i Comaea ur ett anv\u00e4ndarperspektiv. Hur du loggar in, genomf\u00f6r din kompetensbed\u00f6mning och skickar in den f\u00f6r godk\u00e4nnande. Play Video Anv\u00e4ndarportf\u00f6lj Visa din portf\u00f6lj n\u00e4r din godk\u00e4nnare\/moderator\/chef har godk\u00e4nt dina resultat. Play Video L\u00e4gga till rollprofiler och karri\u00e4rsteg&hellip;","og_url":"https:\/\/comaea.com\/sv\/c10-videor\/","og_site_name":"comaea | competency management software | competency made easy | united kingdom","article_modified_time":"2025-09-30T20:11:30+00:00","twitter_card":"summary_large_image","twitter_misc":{"Ber\u00e4knad l\u00e4stid":"2 minuter"},"schema":{"@context":"https:\/\/schema.org","@graph":[{"@type":"WebPage","@id":"https:\/\/comaea.com\/sv\/c10-videor\/","url":"https:\/\/comaea.com\/sv\/c10-videor\/","name":"C10-videor - comaea | competency management software | competency made easy | united kingdom","isPartOf":{"@id":"https:\/\/comaea.com\/sv\/#website"},"datePublished":"2025-09-30T15:35:33+00:00","dateModified":"2025-09-30T20:11:30+00:00","breadcrumb":{"@id":"https:\/\/comaea.com\/sv\/c10-videor\/#breadcrumb"},"inLanguage":"sv-SE","potentialAction":[{"@type":"ReadAction","target":["https:\/\/comaea.com\/sv\/c10-videor\/"]}]},{"@type":"BreadcrumbList","@id":"https:\/\/comaea.com\/sv\/c10-videor\/#breadcrumb","itemListElement":[{"@type":"ListItem","position":1,"name":"Home","item":"https:\/\/comaea.com\/sv\/"},{"@type":"ListItem","position":2,"name":"C10-videor"}]},{"@type":"WebSite","@id":"https:\/\/comaea.com\/sv\/#website","url":"https:\/\/comaea.com\/sv\/","name":"comaea | competency management software | competency made easy | united kingdom","description":"","potentialAction":[{"@type":"SearchAction","target":{"@type":"EntryPoint","urlTemplate":"https:\/\/comaea.com\/sv\/?s={search_term_string}"},"query-input":{"@type":"PropertyValueSpecification","valueRequired":true,"valueName":"search_term_string"}}],"inLanguage":"sv-SE"}]}},"_links":{"self":[{"href":"https:\/\/comaea.com\/sv\/wp-json\/wp\/v2\/pages\/2019","targetHints":{"allow":["GET"]}}],"collection":[{"href":"https:\/\/comaea.com\/sv\/wp-json\/wp\/v2\/pages"}],"about":[{"href":"https:\/\/comaea.com\/sv\/wp-json\/wp\/v2\/types\/page"}],"author":[{"embeddable":true,"href":"https:\/\/comaea.com\/sv\/wp-json\/wp\/v2\/users\/1"}],"replies":[{"embeddable":true,"href":"https:\/\/comaea.com\/sv\/wp-json\/wp\/v2\/comments?post=2019"}],"version-history":[{"count":2,"href":"https:\/\/comaea.com\/sv\/wp-json\/wp\/v2\/pages\/2019\/revisions"}],"predecessor-version":[{"id":2022,"href":"https:\/\/comaea.com\/sv\/wp-json\/wp\/v2\/pages\/2019\/revisions\/2022"}],"wp:attachment":[{"href":"https:\/\/comaea.com\/sv\/wp-json\/wp\/v2\/media?parent=2019"}],"curies":[{"name":"wp","href":"https:\/\/api.w.org\/{rel}","templated":true}]}}