{"id":2015,"date":"2025-09-30T16:24:45","date_gmt":"2025-09-30T15:24:45","guid":{"rendered":"https:\/\/comaea.com\/?page_id=2015"},"modified":"2026-01-08T23:08:36","modified_gmt":"2026-01-08T23:08:36","slug":"om-oss","status":"publish","type":"page","link":"https:\/\/comaea.com\/sv\/om-oss\/","title":{"rendered":"Om oss"},"content":{"rendered":"\n<h1>\n\t\t\tVilka vi \u00e4r\t<\/h1>\n\t\t\t\t<img decoding=\"async\" src=\"https:\/\/comaea.com\/wp-content\/uploads\/2025\/01\/comaea-screenshot-10.png\" alt=\"comaea-screenshot-10\" itemprop=\"image\" height=\"1080\" width=\"1080\" title=\"comaea-screenshot-10\" onerror=\"this.style.display='none'\" loading=\"lazy\" \/>\n\tComaea \u00e4r ett f\u00f6retag med fram\u00e5tblickande medarbetare som st\u00e4ndigt utmanar sig sj\u00e4lva f\u00f6r att tillhandah\u00e5lla l\u00f6sningar som \u00e4r enklare, snabbare och som utnyttjar tekniken p\u00e5 det mest effektiva s\u00e4ttet.\nComaea (Competency Made Easy) utvecklades med en enda vision &#8211; att skapa ett verktyg som \u00e4r enkelt, kraftfullt och flexibelt f\u00f6r chefer och HR-ansvariga att anv\u00e4nda. Idag \u00e4r Comaea v\u00e4rldens ledande leverant\u00f6r av Enterprise Competency Management Solutions och verkar globalt \u00f6ver olika sektorer och organisationstyper.\n\t\t\t<a href=\"https:\/\/comaea.com\/sv\/vara-tjanster\/\" target=\"_self\">\n\t\t\t\t\t\t\tL\u00e4s mer om v\u00e5ra konsulttj\u00e4nster\n\t\t\t\t\t<\/a>\n\n","protected":false},"excerpt":{"rendered":"<p>Vilka vi \u00e4r Comaea \u00e4r ett f\u00f6retag med fram\u00e5tblickande medarbetare som st\u00e4ndigt utmanar sig sj\u00e4lva f\u00f6r att tillhandah\u00e5lla l\u00f6sningar som \u00e4r enklare, snabbare och som utnyttjar tekniken p\u00e5 det mest effektiva s\u00e4ttet. Comaea (Competency Made Easy) utvecklades med en enda vision &#8211; att skapa ett verktyg som \u00e4r enkelt, kraftfullt och flexibelt f\u00f6r chefer och&hellip;<\/p>\n","protected":false},"author":1,"featured_media":0,"parent":0,"menu_order":0,"comment_status":"closed","ping_status":"closed","template":"","meta":{"_monsterinsights_skip_tracking":false,"_monsterinsights_sitenote_active":false,"_monsterinsights_sitenote_note":"","_monsterinsights_sitenote_category":0,"footnotes":""},"class_list":["post-2015","page","type-page","status-publish","hentry"],"yoast_head":"<!-- This site is optimized with the Yoast SEO plugin v27.3 - https:\/\/yoast.com\/product\/yoast-seo-wordpress\/ -->\n<title>Om Oss | Comaea<\/title>\n<meta name=\"description\" content=\"L\u00e4s mer om Comaea och v\u00e5rt uppdrag att utveckla kompetens.\" \/>\n<meta name=\"robots\" content=\"index, follow, max-snippet:-1, max-image-preview:large, max-video-preview:-1\" \/>\n<link rel=\"canonical\" href=\"https:\/\/comaea.com\/sv\/om-oss\/\" \/>\n<meta property=\"og:locale\" content=\"sv_SE\" \/>\n<meta property=\"og:type\" content=\"article\" \/>\n<meta property=\"og:title\" content=\"Om Oss | Comaea\" \/>\n<meta property=\"og:description\" content=\"L\u00e4s mer om Comaea och v\u00e5rt uppdrag att utveckla kompetens.\" \/>\n<meta property=\"og:url\" content=\"https:\/\/comaea.com\/sv\/om-oss\/\" \/>\n<meta property=\"og:site_name\" content=\"comaea | competency management software | competency made easy | united kingdom\" \/>\n<meta property=\"article:modified_time\" content=\"2026-01-08T23:08:36+00:00\" \/>\n<meta property=\"og:image\" content=\"https:\/\/comaea.com\/wp-content\/uploads\/2025\/01\/comaea-screenshot-10.png\" \/>\n<meta name=\"twitter:card\" content=\"summary_large_image\" \/>\n<meta name=\"twitter:label1\" content=\"Ber\u00e4knad l\u00e4stid\" \/>\n\t<meta name=\"twitter:data1\" content=\"5 minuter\" \/>\n<script type=\"application\/ld+json\" class=\"yoast-schema-graph\">{\"@context\":\"https:\\\/\\\/schema.org\",\"@graph\":[{\"@type\":\"WebPage\",\"@id\":\"https:\\\/\\\/comaea.com\\\/sv\\\/om-oss\\\/\",\"url\":\"https:\\\/\\\/comaea.com\\\/sv\\\/om-oss\\\/\",\"name\":\"Om Oss | Comaea\",\"isPartOf\":{\"@id\":\"https:\\\/\\\/comaea.com\\\/sv\\\/#website\"},\"primaryImageOfPage\":{\"@id\":\"https:\\\/\\\/comaea.com\\\/sv\\\/om-oss\\\/#primaryimage\"},\"image\":{\"@id\":\"https:\\\/\\\/comaea.com\\\/sv\\\/om-oss\\\/#primaryimage\"},\"thumbnailUrl\":\"https:\\\/\\\/comaea.com\\\/wp-content\\\/uploads\\\/2025\\\/01\\\/comaea-screenshot-10.png\",\"datePublished\":\"2025-09-30T15:24:45+00:00\",\"dateModified\":\"2026-01-08T23:08:36+00:00\",\"description\":\"L\u00e4s mer om Comaea och v\u00e5rt uppdrag att utveckla kompetens.\",\"breadcrumb\":{\"@id\":\"https:\\\/\\\/comaea.com\\\/sv\\\/om-oss\\\/#breadcrumb\"},\"inLanguage\":\"sv-SE\",\"potentialAction\":[{\"@type\":\"ReadAction\",\"target\":[\"https:\\\/\\\/comaea.com\\\/sv\\\/om-oss\\\/\"]}]},{\"@type\":\"ImageObject\",\"inLanguage\":\"sv-SE\",\"@id\":\"https:\\\/\\\/comaea.com\\\/sv\\\/om-oss\\\/#primaryimage\",\"url\":\"https:\\\/\\\/comaea.com\\\/wp-content\\\/uploads\\\/2025\\\/01\\\/comaea-screenshot-10.png\",\"contentUrl\":\"https:\\\/\\\/comaea.com\\\/wp-content\\\/uploads\\\/2025\\\/01\\\/comaea-screenshot-10.png\"},{\"@type\":\"BreadcrumbList\",\"@id\":\"https:\\\/\\\/comaea.com\\\/sv\\\/om-oss\\\/#breadcrumb\",\"itemListElement\":[{\"@type\":\"ListItem\",\"position\":1,\"name\":\"Home\",\"item\":\"https:\\\/\\\/comaea.com\\\/sv\\\/\"},{\"@type\":\"ListItem\",\"position\":2,\"name\":\"Om oss\"}]},{\"@type\":\"WebSite\",\"@id\":\"https:\\\/\\\/comaea.com\\\/sv\\\/#website\",\"url\":\"https:\\\/\\\/comaea.com\\\/sv\\\/\",\"name\":\"comaea | competency management software | competency made easy | united kingdom\",\"description\":\"\",\"potentialAction\":[{\"@type\":\"SearchAction\",\"target\":{\"@type\":\"EntryPoint\",\"urlTemplate\":\"https:\\\/\\\/comaea.com\\\/sv\\\/?s={search_term_string}\"},\"query-input\":{\"@type\":\"PropertyValueSpecification\",\"valueRequired\":true,\"valueName\":\"search_term_string\"}}],\"inLanguage\":\"sv-SE\"}]}<\/script>\n<!-- \/ Yoast SEO plugin. -->","yoast_head_json":{"title":"Om Oss | Comaea","description":"L\u00e4s mer om Comaea och v\u00e5rt uppdrag att utveckla kompetens.","robots":{"index":"index","follow":"follow","max-snippet":"max-snippet:-1","max-image-preview":"max-image-preview:large","max-video-preview":"max-video-preview:-1"},"canonical":"https:\/\/comaea.com\/sv\/om-oss\/","og_locale":"sv_SE","og_type":"article","og_title":"Om Oss | Comaea","og_description":"L\u00e4s mer om Comaea och v\u00e5rt uppdrag att utveckla kompetens.","og_url":"https:\/\/comaea.com\/sv\/om-oss\/","og_site_name":"comaea | competency management software | competency made easy | united kingdom","article_modified_time":"2026-01-08T23:08:36+00:00","og_image":[{"url":"https:\/\/comaea.com\/wp-content\/uploads\/2025\/01\/comaea-screenshot-10.png","type":"","width":"","height":""}],"twitter_card":"summary_large_image","twitter_misc":{"Ber\u00e4knad l\u00e4stid":"5 minuter"},"schema":{"@context":"https:\/\/schema.org","@graph":[{"@type":"WebPage","@id":"https:\/\/comaea.com\/sv\/om-oss\/","url":"https:\/\/comaea.com\/sv\/om-oss\/","name":"Om Oss | Comaea","isPartOf":{"@id":"https:\/\/comaea.com\/sv\/#website"},"primaryImageOfPage":{"@id":"https:\/\/comaea.com\/sv\/om-oss\/#primaryimage"},"image":{"@id":"https:\/\/comaea.com\/sv\/om-oss\/#primaryimage"},"thumbnailUrl":"https:\/\/comaea.com\/wp-content\/uploads\/2025\/01\/comaea-screenshot-10.png","datePublished":"2025-09-30T15:24:45+00:00","dateModified":"2026-01-08T23:08:36+00:00","description":"L\u00e4s mer om Comaea och v\u00e5rt uppdrag att utveckla kompetens.","breadcrumb":{"@id":"https:\/\/comaea.com\/sv\/om-oss\/#breadcrumb"},"inLanguage":"sv-SE","potentialAction":[{"@type":"ReadAction","target":["https:\/\/comaea.com\/sv\/om-oss\/"]}]},{"@type":"ImageObject","inLanguage":"sv-SE","@id":"https:\/\/comaea.com\/sv\/om-oss\/#primaryimage","url":"https:\/\/comaea.com\/wp-content\/uploads\/2025\/01\/comaea-screenshot-10.png","contentUrl":"https:\/\/comaea.com\/wp-content\/uploads\/2025\/01\/comaea-screenshot-10.png"},{"@type":"BreadcrumbList","@id":"https:\/\/comaea.com\/sv\/om-oss\/#breadcrumb","itemListElement":[{"@type":"ListItem","position":1,"name":"Home","item":"https:\/\/comaea.com\/sv\/"},{"@type":"ListItem","position":2,"name":"Om oss"}]},{"@type":"WebSite","@id":"https:\/\/comaea.com\/sv\/#website","url":"https:\/\/comaea.com\/sv\/","name":"comaea | competency management software | competency made easy | united kingdom","description":"","potentialAction":[{"@type":"SearchAction","target":{"@type":"EntryPoint","urlTemplate":"https:\/\/comaea.com\/sv\/?s={search_term_string}"},"query-input":{"@type":"PropertyValueSpecification","valueRequired":true,"valueName":"search_term_string"}}],"inLanguage":"sv-SE"}]}},"_links":{"self":[{"href":"https:\/\/comaea.com\/sv\/wp-json\/wp\/v2\/pages\/2015","targetHints":{"allow":["GET"]}}],"collection":[{"href":"https:\/\/comaea.com\/sv\/wp-json\/wp\/v2\/pages"}],"about":[{"href":"https:\/\/comaea.com\/sv\/wp-json\/wp\/v2\/types\/page"}],"author":[{"embeddable":true,"href":"https:\/\/comaea.com\/sv\/wp-json\/wp\/v2\/users\/1"}],"replies":[{"embeddable":true,"href":"https:\/\/comaea.com\/sv\/wp-json\/wp\/v2\/comments?post=2015"}],"version-history":[{"count":3,"href":"https:\/\/comaea.com\/sv\/wp-json\/wp\/v2\/pages\/2015\/revisions"}],"predecessor-version":[{"id":2136,"href":"https:\/\/comaea.com\/sv\/wp-json\/wp\/v2\/pages\/2015\/revisions\/2136"}],"wp:attachment":[{"href":"https:\/\/comaea.com\/sv\/wp-json\/wp\/v2\/media?parent=2015"}],"curies":[{"name":"wp","href":"https:\/\/api.w.org\/{rel}","templated":true}]}}